{"id":317,"date":"2022-06-13T09:07:04","date_gmt":"2022-06-13T09:07:04","guid":{"rendered":"https:\/\/medyaeksper.com\/?page_id=317"},"modified":"2022-06-13T09:07:04","modified_gmt":"2022-06-13T09:07:04","slug":"cerez-politikasi","status":"publish","type":"page","link":"https:\/\/medyaeksper.com\/?page_id=317","title":{"rendered":"\u00c7EREZ POL\u0130T\u0130KASI"},"content":{"rendered":"\n<p>\u00c7erezler, sisteminizde ya da mobil cihaz\u0131n\u0131zda genellikle taray\u0131c\u0131 dizininde bulunan ya da uygulamada alt klas\u00f6rlerinde gizli tespit edilen kimlik etiketlerine verilen ufak metin dosyalar\u0131 olarak izah eder.<\/p>\n\n\n\n<p>Ziyaretinizle konusunda bulgular\u0131n saklanmas\u0131n\u0131 sa\u011flar. \u00c7erezleriniz vas\u0131tas\u0131 ile ileriki ziyaretinizde hen\u00fcz \u015fahsa \u00f6zelle\u015ftirilmi\u015f m\u00fc\u015fteri tecr\u00fcbesi gezinmenize yard\u0131m eder.<\/p>\n\n\n\n<p>\u00c7erezler sisteminizde, mobil cihaz\u0131n\u0131zda vas\u0131tas\u0131yla depolanan \u015fahsi verileriniz kim oldu\u011funuzun saptanmas\u0131 i\u00e7in kullanmak m\u00fcmk\u00fcn cinsten malumat vermezler.<\/p>\n\n\n\n<p>Ge\u00e7erlilik s\u00fcrelerine g\u00f6re Kal\u0131c\u0131 \u00c7erez ve Ge\u00e7ici \u00c7erez olmak suretiyle iki \u00e7erez tarz\u0131 yer almaktad\u0131r. Ge\u00e7ici \u00e7erezler, web sitesini ziyaret etti\u011finiz s\u0131rada meydana gelir ve yaln\u0131zca taray\u0131c\u0131n\u0131z\u0131 kapat\u0131nca aktif olamazlar.<\/p>\n\n\n\n<p>Kal\u0131c\u0131 \u00e7erezler ise herhangi bir web sitesini ziyaret etti\u011finizde meydana gelir ve siz silinceye ya da m\u00fcddetleri doluncaya kadar aktif durumda yer al\u0131r.<\/p>\n\n\n\n<p>Ayarlar\u0131n\u0131z ile uyumlu, \u015fahsa g\u00f6re \u00f6zelle\u015ftirilmi\u015f tek tecr\u00fcbe i\u00e7in kal\u0131c\u0131 \u00e7erezler kullan\u0131l\u0131rlar. Web sitemiz ge\u00e7ici ve kal\u0131c\u0131 \u00e7erezleri, bireyi internet sitemizi ziyaret eden herhangi bir kullan\u0131c\u0131dan ay\u0131rt ederek alaka alanlar\u0131n\u0131za ve tercihlerinize g\u00f6re tertip etme in\u015fa etmek i\u00e7in t\u00fcketilir.<\/p>\n\n\n\n<p>medyaeksper.com do\u011frultusunda geli\u015ftirilmi\u015f \u00e7erezlerin d\u0131\u015f\u0131nda t\u00fczel \u015fah\u0131slardan al\u0131nan hizmetler kapsam\u0131nda da \u00e7erez kullanabilmek m\u00fcmk\u00fcnd\u00fcr.<\/p>\n\n\n\n<p>T\u00fcm web taray\u0131c\u0131lar\u0131 istinas\u0131z \u00e7erezleri kendili\u011finden kabul eder ve bu \u00e7erezler \u00f6n tan\u0131ml\u0131d\u0131r. Ancak \u00e7erezleri web sitesinde b\u0131rakmak veya silmek \u015fahsa kalm\u0131\u015ft\u0131r.<\/p>\n\n\n\n<p>Kulland\u0131\u011f\u0131n\u0131z taray\u0131c\u0131n\u0131z\u0131n takviye men\u00fcs\u00fcnden malumat alarak \u00e7erezlerini diledi\u011finiz \u015feklinde y\u00f6netebilirsiniz.<\/p>\n","protected":false},"excerpt":{"rendered":"<p>\u00c7erezler, sisteminizde ya da mobil cihaz\u0131n\u0131zda genellikle taray\u0131c\u0131 dizininde bulunan ya da uygulamada alt klas\u00f6rlerinde gizli tespit edilen kimlik etiketlerine verilen ufak metin dosyalar\u0131 olarak izah eder. Ziyaretinizle konusunda bulgular\u0131n saklanmas\u0131n\u0131 sa\u011flar. \u00c7erezleriniz vas\u0131tas\u0131 ile ileriki ziyaretinizde hen\u00fcz \u015fahsa \u00f6zelle\u015ftirilmi\u015f m\u00fc\u015fteri tecr\u00fcbesi gezinmenize yard\u0131m eder. \u00c7erezler sisteminizde, mobil cihaz\u0131n\u0131zda vas\u0131tas\u0131yla depolanan \u015fahsi verileriniz kim oldu\u011funuzun [&hellip;]<\/p>\n","protected":false},"author":1,"featured_media":0,"parent":0,"menu_order":0,"comment_status":"closed","ping_status":"closed","template":"","meta":{"footnotes":""},"class_list":["post-317","page","type-page","status-publish","hentry"],"_links":{"self":[{"href":"https:\/\/medyaeksper.com\/index.php?rest_route=\/wp\/v2\/pages\/317","targetHints":{"allow":["GET"]}}],"collection":[{"href":"https:\/\/medyaeksper.com\/index.php?rest_route=\/wp\/v2\/pages"}],"about":[{"href":"https:\/\/medyaeksper.com\/index.php?rest_route=\/wp\/v2\/types\/page"}],"author":[{"embeddable":true,"href":"https:\/\/medyaeksper.com\/index.php?rest_route=\/wp\/v2\/users\/1"}],"replies":[{"embeddable":true,"href":"https:\/\/medyaeksper.com\/index.php?rest_route=%2Fwp%2Fv2%2Fcomments&post=317"}],"version-history":[{"count":1,"href":"https:\/\/medyaeksper.com\/index.php?rest_route=\/wp\/v2\/pages\/317\/revisions"}],"predecessor-version":[{"id":1356,"href":"https:\/\/medyaeksper.com\/index.php?rest_route=\/wp\/v2\/pages\/317\/revisions\/1356"}],"wp:attachment":[{"href":"https:\/\/medyaeksper.com\/index.php?rest_route=%2Fwp%2Fv2%2Fmedia&parent=317"}],"curies":[{"name":"wp","href":"https:\/\/api.w.org\/{rel}","templated":true}]}}