{"id":319,"date":"2022-06-13T09:08:17","date_gmt":"2022-06-13T09:08:17","guid":{"rendered":"https:\/\/medyaeksper.com\/?page_id=319"},"modified":"2023-08-15T13:23:37","modified_gmt":"2023-08-15T10:23:37","slug":"gizlilik-politikasi","status":"publish","type":"page","link":"https:\/\/medyaeksper.com\/?page_id=319","title":{"rendered":"Gizlilik Politikas\u0131"},"content":{"rendered":"\n<p class=\"has-drop-cap\">Momento Medya Sanayi ve Ticaret A.\u015e. olarak \u015firketimize ait medyaeksper.com web sitemize \u00fcye olurken verdi\u011finiz ki\u015fisel bilgilerinizi \u0130nternet altyap\u0131s\u0131n\u0131 g\u00fcvenli bir \u015fekilde olu\u015fturdu\u011fumuz bu site i\u00e7erisinde gizli tutmak bizler i\u00e7in her \u015feyden daha \u00f6nemlidir.<\/p>\n\n\n\n<p><\/p>\n\n\n\n<p>Bundan dolay\u0131 E-posta adresiniz ve \u015fifreniz her ne sebeple olursa olsun ba\u015fka bir veri tabanlar\u0131nda kullan\u0131lamaz ve hi\u00e7 kimseye a\u00e7\u0131klanmaz. Sadece kampanya ve tan\u0131t\u0131m d\u00f6nemlerinde sizlere ula\u015fabilmek ve sizleri kampanya ve tan\u0131t\u0131m haberleri konusunda bilgilendirmek amac\u0131 ile bilgileriniz sadece medyaeksper.com internet sitesi taraf\u0131ndan kullan\u0131labilir olacakt\u0131r.<\/p>\n\n\n\n<p>medyaeksper.com internet sitemize \u00fcyelik s\u0131ras\u0131nda doldurdu\u011funuz ki\u015fisel bilgileriniz, \u00fcye ki\u015finin onay\u0131 olmadan ba\u015fka bir medyaeksper.com \u00fcyesi ile payla\u015f\u0131lmaz. medyaeksper.com internet sitemize \u00fcyelik esnas\u0131nda girmi\u015f oldu\u011funuz bilgiler sadece \u00fcye ki\u015fi i\u00e7in m\u00fc\u015fteri profilinin tan\u0131mlanmas\u0131 i\u00e7in kullan\u0131lacakt\u0131r.<\/p>\n\n\n\n<p>medyaeksper.com\u2019a \u00fcye olurken beyan etti\u011finiz ki\u015fisel bilgiler ayn\u0131 \u00fcye taraf\u0131ndan medyaeksper.com\u2019un verdi\u011fi \u015fifre ile \u00fcyenin bizzat kendisi taraf\u0131ndan de\u011fi\u015filebilir. Bundan dolay\u0131 ba\u015fka herhangi bir \u00fcyenin ki\u015fisel bilgilerinize ula\u015f\u0131m\u0131 ve de\u011fi\u015ftirilmesi m\u00fcmk\u00fcn de\u011fildir. Fakat gerekli internet altyap\u0131s\u0131n\u0131n ve g\u00fcvenli\u011finin olu\u015fturulmas\u0131na kar\u015f\u0131n medyaeksper.com ve sisteme genel bir siber bir sald\u0131r\u0131 sonucu gizli bilgilerin tahrip edilmesi ve ba\u015fka \u015fah\u0131slar ile payla\u015f\u0131lmas\u0131ndan medyaeksper.com hi\u00e7bir sorumlulu\u011fu kabul etmemektedir.<\/p>\n\n\n\n<p>Ayr\u0131ca medyaeksper.com web sitesi kullan\u0131c\u0131lar\u0131na ve \u00fcyelerine ait ki\u015fisel bilgiler kanun ile yetkili olan kurum ve kurulu\u015flar taraf\u0131ndan talep edilmesi durumunda ki\u015fisel bilgiler yine kanunla yetkili olan ki\u015fi, kurum ve kurulu\u015flara kanun \u00e7er\u00e7evesinde payla\u015f\u0131l\u0131r. Fakat kanun ile yetkili k\u0131l\u0131nmam\u0131\u015f \u00fc\u00e7\u00fcnc\u00fc t\u00fczel ki\u015fi, kurum ve kurulu\u015flar ile asla payla\u015f\u0131lmamaktad\u0131r. Ki\u015fisel bilgiler, medyaeksper.com internet sitesinin site g\u00fcvenli\u011fi, verilerin aktif olarak kullan\u0131labilmesi, \u00fcyelerimizin \u00f6nerileri do\u011frultusunda siteyi daha etkin ve kullan\u0131labilir k\u0131lmak i\u00e7in ve \u00fcyelerimizin fikirlerini i\u015flemek ve daha iyi hizmet verebilmek i\u00e7in i\u015fbirli\u011fi yapt\u0131\u011f\u0131 \u00fc\u00e7\u00fcnc\u00fc taraflara verilebilir. medyaeksper.com taraf\u0131ndan d\u00fczenli aral\u0131klar ile uygulanan anket \u00e7al\u0131\u015fmalar\u0131na cevap veren kullan\u0131c\u0131lar\u0131n ki\u015fisel bilgileri medyaeksper.com ya da ortak \u00e7al\u0131\u015fma y\u00fcr\u00fctt\u00fc\u011f\u00fc kurulu\u015flar taraf\u0131ndan veritaban\u0131 olu\u015fturmak reklam ve tan\u0131t\u0131m yapmak, analiz yapmak amac\u0131 ile kullan\u0131labilir.<\/p>\n\n\n\n<p>Momento Medya Sanayi ve Ticaret A.\u015e. olarak \u015firketimize ait medyaeksper.com\u2019da m\u00fc\u015fterilerimize ait kredi kart\u0131 bilgilerinin yer ald\u0131\u011f\u0131 kay\u0131t sayfas\u0131 her ne suretle olursa olsun kesinlikle kaydedilmemekte ve saklanmamaktad\u0131r. M\u00fc\u015fterilerimize ait kredi kart\u0131 bilgileri ne \u00fcyelik an\u0131nda istenmekte nede sonradan herhangi bir nedenle talep edilmemektedir. Al\u0131\u015fveri\u015f esnas\u0131nda Momento Medya Sanayi ve Ticaret A.\u015e. personeli dahil herhangi bir ki\u015fi kredi kart\u0131 bilgilerinize g\u00f6remez ve ula\u015famaz. \u00dcyelerimizin girmi\u015f oldu\u011fu kredi kart\u0131 bilgileri \u00fcst d\u00fczey g\u00fcvenlik \u015fartlar\u0131n\u0131 do\u011frultusunda bankalara SSL \u00fcst d\u00fczey g\u00fcvenlik sistemi \u00fczerinden g\u00f6nderilmektedir.<\/p>\n\n\n\n<p><strong>Kredi Kart\u0131 G\u00fcvenli\u011fi<\/strong><\/p>\n\n\n\n<p>medyaeksper.com\u2019da \u00fcyelerimizin yapaca\u011f\u0131 al\u0131\u015fveri\u015flerde \u00fcst d\u00fczey g\u00fcvenlik \u015fartlar\u0131 ge\u00e7erli olup SSL g\u00fcvenlik sertifikas\u0131 ile g\u00fcvenli\u011finize herhangi bir risk olu\u015fturmadan yapabilirsiniz. medyaeksper.com d\u00fcnyan\u0131n en geli\u015fmi\u015f ve yeni nesil g\u00fcvenlik sistemi olan, al\u0131\u015fveri\u015f s\u0131ras\u0131nda kulland\u0131\u011f\u0131n\u0131z kredi kart\u0131 bilgileri Global Sign taraf\u0131ndan 128 bit SSL (Secure Sockets Layer) protokol\u00fc ile aynamal\u0131 \u015fifreleme ile ilgili bankaya iletilir. 128 bit SSL (Secure Sockets Layer) protokol\u00fc internet taray\u0131c\u0131lar\u0131nda uygulanan yeni nesil ve \u00fcst d\u00fczey g\u00fcvenlikli bir \u015fifreleme teknolojisidir. Kart\u0131n kullan\u0131labilir oldu\u011fu bilgisi al\u0131nd\u0131ktan sonra al\u0131\u015fveri\u015finize devam edebilirsiniz. Momento Medya Sanayi ve Ticaret A.\u015e. olarak \u015firketimize ait medyaeksper.com\u2019da m\u00fc\u015fterilerimize ait kredi kart\u0131 bilgileri her ne suretle olursa olsun kesinlikle kaydedilmedi\u011fi ve saklanmad\u0131\u011f\u0131 i\u00e7in \u00fc\u00e7\u00fcnc\u00fc \u015fah\u0131slar\u0131n ele ge\u00e7irmesi m\u00fcmk\u00fcn de\u011fildir.<\/p>\n","protected":false},"excerpt":{"rendered":"<p>Momento Medya Sanayi ve Ticaret A.\u015e. olarak \u015firketimize ait medyaeksper.com web sitemize \u00fcye olurken verdi\u011finiz ki\u015fisel bilgilerinizi \u0130nternet altyap\u0131s\u0131n\u0131 g\u00fcvenli bir \u015fekilde olu\u015fturdu\u011fumuz bu site i\u00e7erisinde gizli tutmak bizler i\u00e7in her \u015feyden daha \u00f6nemlidir. Bundan dolay\u0131 E-posta adresiniz ve \u015fifreniz her ne sebeple olursa olsun ba\u015fka bir veri tabanlar\u0131nda kullan\u0131lamaz ve hi\u00e7 kimseye a\u00e7\u0131klanmaz. Sadece [&hellip;]<\/p>\n","protected":false},"author":1,"featured_media":0,"parent":0,"menu_order":0,"comment_status":"closed","ping_status":"closed","template":"","meta":{"footnotes":""},"class_list":["post-319","page","type-page","status-publish","hentry"],"_links":{"self":[{"href":"https:\/\/medyaeksper.com\/index.php?rest_route=\/wp\/v2\/pages\/319","targetHints":{"allow":["GET"]}}],"collection":[{"href":"https:\/\/medyaeksper.com\/index.php?rest_route=\/wp\/v2\/pages"}],"about":[{"href":"https:\/\/medyaeksper.com\/index.php?rest_route=\/wp\/v2\/types\/page"}],"author":[{"embeddable":true,"href":"https:\/\/medyaeksper.com\/index.php?rest_route=\/wp\/v2\/users\/1"}],"replies":[{"embeddable":true,"href":"https:\/\/medyaeksper.com\/index.php?rest_route=%2Fwp%2Fv2%2Fcomments&post=319"}],"version-history":[{"count":1,"href":"https:\/\/medyaeksper.com\/index.php?rest_route=\/wp\/v2\/pages\/319\/revisions"}],"predecessor-version":[{"id":1205,"href":"https:\/\/medyaeksper.com\/index.php?rest_route=\/wp\/v2\/pages\/319\/revisions\/1205"}],"wp:attachment":[{"href":"https:\/\/medyaeksper.com\/index.php?rest_route=%2Fwp%2Fv2%2Fmedia&parent=319"}],"curies":[{"name":"wp","href":"https:\/\/api.w.org\/{rel}","templated":true}]}}