{"id":321,"date":"2022-06-13T09:09:40","date_gmt":"2022-06-13T09:09:40","guid":{"rendered":"https:\/\/medyaeksper.com\/?page_id=321"},"modified":"2022-06-13T09:09:40","modified_gmt":"2022-06-13T09:09:40","slug":"kvkk-aydinlatma-metni","status":"publish","type":"page","link":"https:\/\/medyaeksper.com\/?page_id=321","title":{"rendered":"KVKK AYDINLATMA METN\u0130"},"content":{"rendered":"\n<p><strong>\u00a0-Ki\u015fisel Verilerin Korunmas\u0131 Kanunun (KVKK)\u2019un Ayd\u0131nlatma<\/strong>:<\/p>\n\n\n\n<p class=\"has-drop-cap\">Momento Medya Sanayi ve Ticaret A.\u015e. \u015firketimizin b\u00fcyesinde bulunan medyaeksper.com internet sitesi olarak b\u00fct\u00fcn kullan\u0131c\u0131lar\u0131m\u0131z\u0131n 6698 say\u0131l\u0131 Ki\u015fisel Verilerin Korunmas\u0131 Kanunu (KVKK)\u2019 na dayanarak veri sorumlulu\u011funun bilincinde olup ki\u015fisel bilgilerin korunmas\u0131 y\u00fck\u00fcml\u00fcl\u00fc\u011f\u00fcn\u00fc yerine getirmektedir. medyaeksper.com y\u00fcr\u00fcrl\u00fckteki kanun kapsam\u0131nda yap\u0131lacak mevzuatta yap\u0131lacak de\u011fi\u015fiklikler kapsam\u0131nda g\u00fcncelleme hakk\u0131na sahiptir.<\/p>\n\n\n\n<p><strong>-Kullan\u0131c\u0131lara Ait Ki\u015fisel Bilgilerin \u0130\u015flenme Amac\u0131:<\/strong><\/p>\n\n\n\n<p>Kullan\u0131c\u0131lar\u0131m\u0131za ait ki\u015fisel veri ve bilgiler, medyaeksper.com internet sitesi arac\u0131l\u0131\u011f\u0131 ile sunulan \u00fcr\u00fcn ve hizmetler kapsam\u0131nda bu \u00fcr\u00fcn ve hizmetlerden ilgili ki\u015fileri faydaland\u0131rmakt\u0131r. medyaeksper.com internet sitesine \u00fcye olurken istenilen bilgileri kendi istedi\u011finiz ve r\u0131zan\u0131z do\u011frultusunda sitemize i\u015flenmektedir. Fakat Ki\u015fisel Verileri Korunmas\u0131 Kanunu kapsam\u0131nda ve bu kanun taraf\u0131ndan \u00f6ng\u00f6r\u00fclen 5. Madde ve 6. Maddeye istinaden ki\u015filerin be\u011feni ve kullan\u0131m\u0131 \u015fartlar\u0131na g\u00f6re aktiviteleri planlanmas\u0131, al\u0131m-sat\u0131m i\u015fleminin yap\u0131lmas\u0131, kar\u015f\u0131l\u0131kl\u0131 bu s\u00f6zle\u015fmenin kurulmas\u0131 ve belirtilen kanun kapsam\u0131nda ki y\u00fck\u00fcml\u00fcl\u00fck ve \u00f6devlerimizi yerine getirmek ama\u00e7lanmakta ve bu kanun \u00e7er\u00e7evesinde i\u015flenmektedir.<\/p>\n\n\n\n<p>Ki\u015fisel Verileri Korunmas\u0131 Kanunun 5\/2 ile 6\/3 maddesinde uyar\u0131nca bu maddelerde belirtilen ki\u015fisel veri i\u015fleme \u015fartlar\u0131n\u0131n tam olarak kar\u015f\u0131lanmad\u0131\u011f\u0131 durumlarda medyaeksper.com m\u00fc\u015fterilerinin ki\u015filer verilerini i\u015flemek amac\u0131 ile esas ki\u015filerin r\u0131zas\u0131n\u0131 almaktad\u0131r.<\/p>\n\n\n\n<p>Bu kanun kapsam\u0131ndan yap\u0131lacak kampanyalar\u0131n m\u00fc\u015fterilerimize tam ve eksiksiz olarak iletilmesi, internet sitesi belle\u011findeki \u00fcr\u00fcnlerin sat\u0131\u015f\u0131n\u0131n ger\u00e7ekle\u015ftirilmesi, sat\u0131\u015f\u0131 ama\u00e7lanan \u00fcr\u00fcnler do\u011frultusunda m\u00fc\u015fteri kitlesinin olu\u015fturulmas\u0131, m\u00fc\u015fterilerimizin site i\u00e7indeki hareketleri i\u015flenerek \u00fcr\u00fcn yo\u011funlu\u011funu tespit etmek, m\u00fc\u015fterilerimizin deneyimlerinden faydalanmak ve geli\u015ftirmek, ki\u015fiye \u00f6zel olarak pazarlama stratejileri geli\u015ftirmek ve toplu sat\u0131\u015f planlamas\u0131 yapabilmek, \u015firket i\u00e7i sat\u0131\u015f analizini olu\u015fturabilmek ad\u0131na pazar ara\u015ft\u0131rmas\u0131 yapmak, medyaeksper.com\u2019un \u00fcr\u00fcn ve hizmet al\u0131\u015fkanl\u0131\u011f\u0131n\u0131 olu\u015fturmak ad\u0131na gerekli \u00e7al\u0131\u015fmalar yapabilmek, depo ve stok kontrolleri i\u00e7in gerekli analizlerin yap\u0131lmas\u0131, g\u00fcvenlik, \u00e7a\u011fr\u0131 merkezi ve m\u00fc\u015fteri hizmetlerinin eksiksiz olarak y\u00fcr\u00fct\u00fclebilmesi ad\u0131na i\u015fbu ayd\u0131nlatma metninde belirtilen Ki\u015fisel Verilerin Korunmas\u0131 Kanunu 5. Maddesi ve 6. Maddesi uyar\u0131nca m\u00fc\u015fteri onay\u0131 al\u0131narak gerekli birimler ile payla\u015f\u0131lacakt\u0131r.<\/p>\n\n\n\n<p>medyaeksper.com internet sitesi m\u00fc\u015fterilerine ait ki\u015fisel bilgiler kanun ile yetkili olan kurum ve kurulu\u015flar taraf\u0131ndan talep edilmesi durumunda ki\u015fisel bilgiler yine kanunla yetkili olan ki\u015fi, kurum ve kurulu\u015flara kanun \u00e7er\u00e7evesinde payla\u015f\u0131l\u0131r. Fakat kanun ile yetkili k\u0131l\u0131nmam\u0131\u015f \u00fc\u00e7\u00fcnc\u00fc bir ki\u015fi, kurum ve kurulu\u015f ile asla payla\u015f\u0131lmamaktad\u0131r. Ki\u015fisel bilgiler, Ki\u015fisel Verileri Koruma Kanunu (KVKK) kapsam\u0131nda 8. Madde ve 9. Madde \u00e7er\u00e7evesinde medyaeksper.com internet sitesinin site g\u00fcvenli\u011fi, verilerin aktif olarak kullan\u0131labilmesi, \u00fcyelerimizin \u00f6nerileri do\u011frultusunda siteyi daha etkin ve kullan\u0131labilir k\u0131lmak i\u00e7in ve \u00fcyelerimizin fikirlerini i\u015flemek ve daha iyi hizmet verebilmek i\u00e7in i\u015fbirli\u011fi yapt\u0131\u011f\u0131 \u00fc\u00e7\u00fcnc\u00fc taraflara verilebilir. medyaeksper.com taraf\u0131ndan d\u00fczenli aral\u0131klar ile uygulanan anket \u00e7al\u0131\u015fmalar\u0131na cevap veren kullan\u0131c\u0131lar\u0131n ki\u015fisel bilgileri Momento Medya Sanayi ve Ticaret A.\u015e.&nbsp; ya da ortak \u00e7al\u0131\u015fma y\u00fcr\u00fctt\u00fc\u011f\u00fc kurulu\u015flar taraf\u0131ndan veri taban\u0131 olu\u015fturmak reklam ve tan\u0131t\u0131m yapmak, analiz yapmak amac\u0131 ile kullan\u0131labilir.<\/p>\n\n\n\n<p>**M\u00fc\u015fterilere ait ki\u015fisel veriler, m\u00fc\u015fterilerimizden web tabanl\u0131 elektronik ortamda toplanmakta ve i\u015flenmektedir. Yukar\u0131da belirtilen Ki\u015fisel Verilerin Korunmas\u0131 Kanunu (KVKK) kapsam\u0131nda 5. madde ve 6. madde uyar\u0131nca i\u015flenmekte ayr\u0131ca Ayd\u0131nlatma metninde ve ki\u015fi r\u0131za metinde belirtildi\u011fi \u00fczere i\u015flenmektedir ve aktar\u0131lmaktad\u0131r.<\/p>\n\n\n\n<p><strong>-Ki\u015fisel Verilerin Korunmas\u0131 Kanunu Kapsam\u0131nda Ki\u015fisel Veri Sahibi Olarak M\u00fc\u015fterilerin Haklar\u0131:<\/strong><\/p>\n\n\n\n<p>Ki\u015fisel Verilerin Korunmas\u0131 Kanunun 11. maddesi gere\u011fince, ki\u015fisel veri sahipleri;<\/p>\n\n\n\n<p><strong>1-<\/strong> Esas ki\u015filerin kendi ki\u015fisel verilerin i\u015flenip i\u015flenmedi\u011fini sorgulamak ve \u00f6\u011frenmek.<\/p>\n\n\n\n<p><strong>2-<\/strong> E\u011fer bu sorgulama sonucu ki\u015fisel verilerinin i\u015flendi\u011fini \u00f6\u011frenen ki\u015fi, ki\u015fisel verilerinin i\u015flendi\u011fi kurum veya kurulu\u015ftan bu konu hakk\u0131nda bilgi talep edebilir.<\/p>\n\n\n\n<p><strong>3-<\/strong> Ki\u015fisel veri i\u015flenen ki\u015fi bu verilerin amac\u0131na uygun i\u015flenip kullan\u0131ld\u0131\u011f\u0131n\u0131 \u00f6\u011frenmek amac\u0131 ile bilgi isteyebilir.<\/p>\n\n\n\n<p><strong>4-<\/strong> Kullan\u0131c\u0131 ki\u015fisel bilgilerinin yurti\u00e7inde ve yurtd\u0131\u015f\u0131nda aktar\u0131lan \u00fc\u00e7\u00fcnki \u015fah\u0131slar\u0131 bilme hakk\u0131na sahiptir.<\/p>\n\n\n\n<p><strong>5-<\/strong> Ki\u015fi i\u015flenmi\u015f olan ki\u015fisel bilgilerinde eksiklik veya herhangi bir d\u00fczeltme ihtiyac\u0131 g\u00f6rd\u00fc\u011f\u00fc zaman, ki\u015filer verileri i\u015fleyen ki\u015fi, kurum ve kurulu\u015flardan bu bilgilerin de\u011fi\u015ftirilmesi veya d\u00fczeltilmesini talep edebilir. Ayr\u0131ca bu de\u011fi\u015ftirilen veya d\u00fczeltilen bilgilerin \u00fc\u00e7\u00fcnc\u00fc \u015fah\u0131slara iletilmesini talep edebilir.<\/p>\n\n\n\n<p><strong>6-<\/strong> Ki\u015fisel Verilerin Korunmas\u0131 Kanunu kapsam\u0131nda verileri i\u015flenmi\u015f olan ki\u015fi bu kanun kapsam\u0131nda belirtilen \u015fartlar\u0131n ortadan kalkmas\u0131 durumunda ki\u015fisel verilerinin silinmesi veya yok edilmesini talep edebilir. Ayr\u0131ca ki\u015fisel verilerinin silinmesi veya yok edilmesini \u00fc\u00e7\u00fcnc\u00fc \u015fah\u0131mlara bildirilmesini isteyebilir.<\/p>\n\n\n\n<p><strong>7-<\/strong> Ki\u015fisel Verilerin Korunmas\u0131 Kanunu kapsam\u0131nda i\u015flenmi\u015f olan ki\u015fisel bilgilerinin ki\u015finin kendisi aleyhine bir durum olu\u015fturmas\u0131 durumunda itiraz hakk\u0131 bulunmakta ve Ki\u015fisel Verilerin Korunmas\u0131 Kanununa ayk\u0131r\u0131 i\u015flenmi\u015f olmas\u0131ndan dolay\u0131 zarar u\u011framas\u0131 durumunda zarar\u0131n\u0131n kar\u015f\u0131lanmas\u0131n\u0131 talep etme hakk\u0131na sahiptir.<\/p>\n\n\n\n<p>**Ki\u015fisel Verilerin Korunmas\u0131 Kanunu haklar\u0131n\u0131n kullan\u0131m\u0131na ili\u015fkin ki\u015fisel verileri i\u015flemi\u015fleri sahibi ki\u015filer taraf\u0131ndan medyaeksper.com internet sitesinde belirtilen medyaeksper.com \u015firketi taraf\u0131ndan 6698 say\u0131l\u0131 \u00e7er\u00e7evesinde Ki\u015fisel Verilerin Korunmas\u0131 Kanununa ili\u015fkin belirtilen y\u00f6ntemlerle iletilecektir. medyaeksper.com Ki\u015fisel verilerin Korunmas\u0131 Kanunu kapsam\u0131ndan s\u00f6z konusu talepleri inceleyerek 30 g\u00fcn i\u00e7inde karara ba\u011flanacakt\u0131r. Ayr\u0131ca Ki\u015fisel Verilerin Korunmas\u0131 Kanunu kapsam\u0131nda Ki\u015fisel Verileri koruma Kurulu\u2019nca belirtilen herhangi bir \u00fccret varsa medyaeksper.com\u2019un bu \u00fccret tarifesi \u00fczerinden \u00fccret talep etme hakk\u0131 sakl\u0131d\u0131r.<\/p>\n","protected":false},"excerpt":{"rendered":"<p>\u00a0-Ki\u015fisel Verilerin Korunmas\u0131 Kanunun (KVKK)\u2019un Ayd\u0131nlatma: Momento Medya Sanayi ve Ticaret A.\u015e. \u015firketimizin b\u00fcyesinde bulunan medyaeksper.com internet sitesi olarak b\u00fct\u00fcn kullan\u0131c\u0131lar\u0131m\u0131z\u0131n 6698 say\u0131l\u0131 Ki\u015fisel Verilerin Korunmas\u0131 Kanunu (KVKK)\u2019 na dayanarak veri sorumlulu\u011funun bilincinde olup ki\u015fisel bilgilerin korunmas\u0131 y\u00fck\u00fcml\u00fcl\u00fc\u011f\u00fcn\u00fc yerine getirmektedir. medyaeksper.com y\u00fcr\u00fcrl\u00fckteki kanun kapsam\u0131nda yap\u0131lacak mevzuatta yap\u0131lacak de\u011fi\u015fiklikler kapsam\u0131nda g\u00fcncelleme hakk\u0131na sahiptir. -Kullan\u0131c\u0131lara Ait Ki\u015fisel [&hellip;]<\/p>\n","protected":false},"author":1,"featured_media":0,"parent":0,"menu_order":0,"comment_status":"closed","ping_status":"closed","template":"","meta":{"footnotes":""},"class_list":["post-321","page","type-page","status-publish","hentry"],"_links":{"self":[{"href":"https:\/\/medyaeksper.com\/index.php?rest_route=\/wp\/v2\/pages\/321","targetHints":{"allow":["GET"]}}],"collection":[{"href":"https:\/\/medyaeksper.com\/index.php?rest_route=\/wp\/v2\/pages"}],"about":[{"href":"https:\/\/medyaeksper.com\/index.php?rest_route=\/wp\/v2\/types\/page"}],"author":[{"embeddable":true,"href":"https:\/\/medyaeksper.com\/index.php?rest_route=\/wp\/v2\/users\/1"}],"replies":[{"embeddable":true,"href":"https:\/\/medyaeksper.com\/index.php?rest_route=%2Fwp%2Fv2%2Fcomments&post=321"}],"version-history":[{"count":0,"href":"https:\/\/medyaeksper.com\/index.php?rest_route=\/wp\/v2\/pages\/321\/revisions"}],"wp:attachment":[{"href":"https:\/\/medyaeksper.com\/index.php?rest_route=%2Fwp%2Fv2%2Fmedia&parent=321"}],"curies":[{"name":"wp","href":"https:\/\/api.w.org\/{rel}","templated":true}]}}