{"id":323,"date":"2022-06-13T09:10:40","date_gmt":"2022-06-13T09:10:40","guid":{"rendered":"https:\/\/medyaeksper.com\/?page_id=323"},"modified":"2022-06-13T09:10:40","modified_gmt":"2022-06-13T09:10:40","slug":"site-kullanim-kosullari","status":"publish","type":"page","link":"https:\/\/medyaeksper.com\/?page_id=323","title":{"rendered":"S\u0130TE KULLANIM KO\u015eULLARI"},"content":{"rendered":"\n<p class=\"has-drop-cap\">medyaeksper.com \u0130nternet sitemizde belirtti\u011fimiz kullan\u0131m ko\u015fullar\u0131n\u0131 dikkatle okuman\u0131z\u0131 ve incelemenizi rica ederiz. \u0130nternet sitemizi ziyaret etti\u011finiz zaman bu sayfada belirtti\u011fimiz kullan\u0131m ko\u015fullar\u0131n\u0131 kabul etmi\u015f say\u0131l\u0131rs\u0131n\u0131z. \u0130nternet sitemizde belirtti\u011fimiz kullan\u0131m ko\u015fullar\u0131 belirli d\u00f6nemlerde ihtiyaca g\u00f6re de\u011fi\u015ftirilebilir. Bundan dolay\u0131 internet sitemizi ziyaretiniz s\u0131ras\u0131nda site kullan\u0131m ko\u015fullar\u0131n\u0131 tekrardan incelmenizi tavsiye ederiz. \u00c7\u00fcnk\u00fc siteyi kulland\u0131\u011f\u0131n\u0131z s\u00fcre i\u00e7inde de\u011fi\u015ftirilen \u015fartlar\u0131 da kabul etmi\u015f olursunuz. \u0130nternet sitemiz ile ilgili do\u011fru bilgiyi sizlere ula\u015ft\u0131rmak ad\u0131na gerekli \u00e7abay\u0131 g\u00f6stermekteyiz fakat zaman zaman verilen bilgilerin g\u00fcncel oldu\u011fu d\u00fc\u015f\u00fcn\u00fclmemelidir ve tekrar okunmal\u0131d\u0131r.<\/p>\n\n\n\n<p><strong>G\u00fcvenlik Kurallar\u0131<\/strong><\/p>\n\n\n\n<p>medyaeksper.com internet sitesi herkesin kullan\u0131m\u0131na a\u00e7\u0131kt\u0131r. medyaeksper.com\u2019un \u00fcyeler i\u00e7in sunulan hizmetler, aksi belirtilmedi\u011fi s\u00fcrece \u00fccretsiz ve herkese kullan\u0131m\u0131na a\u00e7\u0131kt\u0131r. Sadece a\u015fa\u011f\u0131da belirtti\u011fimiz durumlar\u0131n ihlali durumunda sadece medyaeksper.com internet sitesi y\u00f6netimince kullan\u0131c\u0131y\u0131 engelleyebilir veya k\u0131s\u0131tlayabilir. Ayr\u0131ca kural ihlali durumunda kullan\u0131c\u0131 hakk\u0131nda ki kanuni haklar\u0131 sakl\u0131 tutar<\/p>\n\n\n\n<p>\u2022 Yan\u0131lt\u0131c\u0131, d\u00fczensiz eksik ve toplumsal ahlak kurallar\u0131 ile ba\u011fda\u015fmayan ifadelerin siteye eklenmesi durumunda. Kullan\u0131c\u0131lar i\u00e7in \u00f6zel ve genel ilanlar\u0131n ve bilgilerin taleplerin kaydedilmesi. Site i\u00e7eri\u011fine m\u00fcdahale edilmeye \u00e7al\u0131\u015f\u0131lmas\u0131 medyaeksper.com internet sitesinde g\u00f6r\u00fcnt\u00fclenen bilgilerin site y\u00f6netiminin izni olmadan al\u0131nmas\u0131, kopyalanmas\u0131 ve kullan\u0131lmas\u0131 durumunda, medyaeksper.com kullan\u0131c\u0131lar\u0131na \u00fcyelik an\u0131nda verilen kullan\u0131c\u0131 ad\u0131, \u015fifre, numara vb. bilgilerin \u00fc\u00e7\u00fcnc\u00fc ki\u015filer ile payla\u015f\u0131lmas\u0131 durumunda. medyaeksper.com sitenin kullan\u0131m\u0131 engelleyecek yaz\u0131l\u0131m kullan\u0131lmas\u0131 veya kullan\u0131lmaya \u00e7al\u0131\u015f\u0131lmas\u0131 durumunda site y\u00f6netimi taraf\u0131ndan bu haklar\u0131n kullan\u0131m\u0131 sakl\u0131d\u0131r.<\/p>\n\n\n\n<p>Aksi bir durun olmad\u0131\u011f\u0131 ya da site y\u00f6netimi taraf\u0131ndan belirtilmedi\u011fi s\u00fcrece site i\u00e7eri\u011findeki her veri, bilgi, patent ve fikri m\u00fclkiyetler olarak korunmaktad\u0131r.<\/p>\n\n\n\n<p><strong>Ki\u015fisel Kullan\u0131m<\/strong><\/p>\n\n\n\n<p>Herhangi bir ki\u015fi veya kurum medyaeksper.com internet sitesinde yer alan i\u00e7eri\u011fi, yine medyaeksper.com &nbsp;internet sitesi y\u00f6neticilerinin izni olmadan alamaz, kopyalamaya veya da\u011f\u0131tmaz. B\u00f6yle bir durumdan dolay\u0131 medyaeksper.com internet sitesinin u\u011fram\u0131\u015f oldu\u011fu maddi ve manevi zarar\u0131n tazmin etmeyi ko\u015fulsuz olarak kabul etmi\u015f say\u0131lmaktad\u0131r. medyaeksper.com internet sitesi \u00f6yle bir durumdan dolay\u0131 bu faaliyetlerde bulundan veya bulunmaya te\u015febb\u00fcs eden ki\u015filerin \u00fcyeli\u011fini dondurma, ask\u0131ya alma ve yetkili makamlara yasal olarak ba\u015fvurma hakk\u0131na sahiptir<\/p>\n\n\n\n<p>*Site i\u00e7erisinde belirtilen b\u00f6l\u00fcmden ki\u015fisel bilgilerinizi ilgili alanlara girerek siteye \u00fcye olabilirsiniz. medyaeksper.com &nbsp;internet sitesi y\u00f6netimi taraf\u0131ndan bilgileriniz kontrol edilerek site \u00fcyeli\u011fi onaylan\u0131r. Aksi durumlarda medyaeksper.com internet sitesi y\u00f6netimi hi\u00e7bir gerek\u00e7e g\u00f6stermeksizin \u00fcyeli\u011fi onaylamayabilir.<\/p>\n","protected":false},"excerpt":{"rendered":"<p>medyaeksper.com \u0130nternet sitemizde belirtti\u011fimiz kullan\u0131m ko\u015fullar\u0131n\u0131 dikkatle okuman\u0131z\u0131 ve incelemenizi rica ederiz. \u0130nternet sitemizi ziyaret etti\u011finiz zaman bu sayfada belirtti\u011fimiz kullan\u0131m ko\u015fullar\u0131n\u0131 kabul etmi\u015f say\u0131l\u0131rs\u0131n\u0131z. \u0130nternet sitemizde belirtti\u011fimiz kullan\u0131m ko\u015fullar\u0131 belirli d\u00f6nemlerde ihtiyaca g\u00f6re de\u011fi\u015ftirilebilir. Bundan dolay\u0131 internet sitemizi ziyaretiniz s\u0131ras\u0131nda site kullan\u0131m ko\u015fullar\u0131n\u0131 tekrardan incelmenizi tavsiye ederiz. \u00c7\u00fcnk\u00fc siteyi kulland\u0131\u011f\u0131n\u0131z s\u00fcre i\u00e7inde de\u011fi\u015ftirilen \u015fartlar\u0131 [&hellip;]<\/p>\n","protected":false},"author":1,"featured_media":0,"parent":0,"menu_order":0,"comment_status":"closed","ping_status":"closed","template":"","meta":{"footnotes":""},"class_list":["post-323","page","type-page","status-publish","hentry"],"_links":{"self":[{"href":"https:\/\/medyaeksper.com\/index.php?rest_route=\/wp\/v2\/pages\/323","targetHints":{"allow":["GET"]}}],"collection":[{"href":"https:\/\/medyaeksper.com\/index.php?rest_route=\/wp\/v2\/pages"}],"about":[{"href":"https:\/\/medyaeksper.com\/index.php?rest_route=\/wp\/v2\/types\/page"}],"author":[{"embeddable":true,"href":"https:\/\/medyaeksper.com\/index.php?rest_route=\/wp\/v2\/users\/1"}],"replies":[{"embeddable":true,"href":"https:\/\/medyaeksper.com\/index.php?rest_route=%2Fwp%2Fv2%2Fcomments&post=323"}],"version-history":[{"count":0,"href":"https:\/\/medyaeksper.com\/index.php?rest_route=\/wp\/v2\/pages\/323\/revisions"}],"wp:attachment":[{"href":"https:\/\/medyaeksper.com\/index.php?rest_route=%2Fwp%2Fv2%2Fmedia&parent=323"}],"curies":[{"name":"wp","href":"https:\/\/api.w.org\/{rel}","templated":true}]}}