{"id":325,"date":"2022-06-13T09:11:40","date_gmt":"2022-06-13T09:11:40","guid":{"rendered":"https:\/\/medyaeksper.com\/?page_id=325"},"modified":"2022-06-13T09:11:40","modified_gmt":"2022-06-13T09:11:40","slug":"uyelik-sozlesmesi","status":"publish","type":"page","link":"https:\/\/medyaeksper.com\/?page_id=325","title":{"rendered":"\u00dcYEL\u0130K S\u00d6ZLE\u015eMES\u0130"},"content":{"rendered":"\n<p><strong>&nbsp;1.Taraflar<\/strong><\/p>\n\n\n\n<p>medyaeksper.com web sitesinin etkinli\u011fini y\u00fcr\u00fcten Momento Medya Sanayi ve Ticaret A.\u015e., web sitesine \u00fcye olan site kullan\u0131c\u0131s\u0131 \u201c\u00dcye\u201d.<\/p>\n\n\n\n<p><strong>2. S\u00f6zle\u015fmenin Konusu<\/strong><\/p>\n\n\n\n<p>S\u00f6zle\u015fme gere\u011fi &nbsp;Momento Medya Sanayi ve Ticaret A.\u015e. b\u00fcnyesinde bulunan medyaeksper.com\u2019a \u00fcye olan esas ki\u015filerin kullan\u0131m \u015fartlar\u0131n\u0131n belirlenmesinden olu\u015fur.<\/p>\n\n\n\n<p><strong>3. Taraflar\u0131n Hak ve Y\u00fck\u00fcml\u00fcl\u00fckleri Hakk\u0131nda<\/strong><\/p>\n\n\n\n<p><strong>3.a.<\/strong> \u00dcye, medyaeksper.com internet sitesine \u00fcye olurken beyan etti\u011fi ki\u015fisel bilgilerin kanunlar kapsam\u0131nda do\u011fru oldu\u011funu, medyaeksper.com&#8217;n\u0131n belirtilen bilgilerin ger\u00e7e\u011fe ayk\u0131r\u0131l\u0131\u011f\u0131ndan \u00f6t\u00fcr\u00fc u\u011frayaca\u011f\u0131 t\u00fcm zararlar\u0131 aynen ve ivedi bir \u015fekilde tazmin edece\u011fini beyan ve kabul eder.<\/p>\n\n\n\n<p><strong>3.b.<\/strong> \u00dcyelik s\u00f6zle\u015fmesi i\u00e7erisinde belirtilen ko\u015fullardan bir ya da birka\u00e7\u0131n\u0131 ihlal eden esas ki\u015fi bu ihlalden dolay\u0131 hukuki ve cezai olarak \u015fahsen sorumlulu\u011fu kabul eder. medyaeksper.com bu ihlallerin hukuki y\u00fck\u00fcml\u00fcl\u00fcklerinden ve cezai sonu\u00e7lar\u0131ndan sorumlu tutulmayacakt\u0131r. S\u00f6zle\u015fmede belirtilen ve \u00fcyenin kabul\u00fcn\u00fc beyan etti\u011fi durumlar\u0131n ihlali nedeniyle, bu durumlar\u0131n hukuki alana iletilmesi durumunda, medyaeksper.com\u2019un \u00fcyelik s\u00f6zle\u015fmesine uyulmamas\u0131ndan \u00f6t\u00fcr\u00fc \u00fcyeye kar\u015f\u0131 tazminat talebinde bulunma hakk\u0131 sakl\u0131d\u0131r.<\/p>\n\n\n\n<p><strong>3.c.<\/strong> \u00dcye medyaeksper.com web sitesini kullan\u0131rken yasa ve kanunlar ile belirlenmi\u015f konulara uymay\u0131 ve bu yasa ve kanunlar\u0131 ihlal etmemeyi ba\u015ftan kabul ve taahh\u00fct eder. Aksi durumlarda, do\u011facak t\u00fcm hukuki ve cezai y\u00fck\u00fcml\u00fcl\u00fckler tamamen ve ki\u015fi ile s\u0131n\u0131rland\u0131r\u0131lm\u0131\u015f \u00fcyeyi ba\u011flayacakt\u0131r.<\/p>\n\n\n\n<p><strong>3.d.<\/strong> medyaeksper.com internet sitesinde bulunan tasar\u0131m, yaz\u0131l\u0131m, g\u00f6rseller tamamen Momento Medya Sanayi ve Ticaret A.\u015e. m\u00fclkiyetindedir. Bu tasar\u0131m, yaz\u0131l\u0131m ve g\u00f6rsellere ili\u015fkin telif hakk\u0131n ve fikri m\u00fclkiyetler yasalarca korunmakta olup, bu belirtilen hususlarda \u00fcyeler herhangi bir de\u011fi\u015fiklik yapamaz ve izinsiz kullanamaz.<\/p>\n\n\n\n<p><strong>3.e<\/strong>. medyaeksper.com internet sitesinde \u00fcyeler taraf\u0131ndan bildirilen, yaz\u0131lan, beyan edilen d\u00fc\u015f\u00fcnce ve fikirler tamamen \u00fcyelerin kendi bireysel g\u00f6r\u00fc\u015fleridir ve bu g\u00f6r\u00fc\u015fler beyanda bulunan ki\u015fileri ba\u011flar. G\u00f6r\u00fc\u015f ve d\u00fc\u015f\u00fcncelerin medyaeksper.com\u2019la ilgisi ve ba\u011flant\u0131s\u0131 yoktur. medyaeksper.com internet sitesinin \u00fcyelerinin beyan etti\u011fi fikirlerden dolay\u0131 \u00fc\u00e7\u00fcnc\u00fc ki\u015filere kar\u015f\u0131 do\u011furabilece\u011fi zararlardan ve \u00fc\u00e7\u00fcnc\u00fc ki\u015filerin belirtti\u011fi g\u00f6r\u00fc\u015flerden dolay\u0131 \u00fcyenin kar\u015f\u0131la\u015fabilece\u011fi zararlardan herhangi bir sorumlulu\u011fu bulunmamaktad\u0131r.<\/p>\n\n\n\n<p><strong>3.f.<\/strong> \u00dcye, ba\u015fka internet kullan\u0131c\u0131lar\u0131n\u0131n verilerine ve bilgilerine izinsiz olarak ula\u015fmamay\u0131 ve kullanmamay\u0131 taahh\u00fct etmi\u015ftir. Aksi durumlarda do\u011facak cezai ve hukuki sorumluluklar tamamen \u00fcyenin kendine aittir.<\/p>\n\n\n\n<p><strong>3.g.<\/strong> \u00dcye, Momento Medya Sanayi ve Ticaret A.\u015e. b\u00fcnyesindeki medyaeksper.com taraf\u0131ndan kendisine tahsis edilmi\u015f olan \u015fifreyi \u00fc\u00e7\u00fcnc\u00fc \u015fah\u0131slara veya kurulu\u015flara veremez, \u00fcyenin kendisine verilen \u015fifreyi kullanma hakk\u0131 bizzat kendisine aittir. Bu sebepten dolay\u0131 kar\u015f\u0131la\u015f\u0131labilecek t\u00fcm sorumluluk ile \u00fc\u00e7\u00fcnc\u00fc ki\u015filer veya kurumlar medyaeksper.com\u2019ye kar\u015f\u0131 iddia edilecek taleplere kar\u015f\u0131, Momento Medya Sanayi ve Ticaret A.\u015e. \u2018nin s\u00f6z konusu izinsiz kullan\u0131m ve payla\u015f\u0131mdan kaynaklanan her t\u00fcrl\u00fc tazminat ve sair talep hakk\u0131 sakl\u0131d\u0131r.<\/p>\n\n\n\n<p><strong>3.h.<\/strong> \u00dcye, medyaeksper.com internet sitesini hi\u00e7bir \u015fekilde kamu d\u00fczenini ayk\u0131r\u0131, yasalara ayk\u0131r\u0131, ba\u015fka kullan\u0131c\u0131lar\u0131 rahats\u0131z ve taciz edici, genel ahlak kurallar\u0131n\u0131 bozucu, ba\u015fkalar\u0131n\u0131n telif haklar\u0131na ve fikri m\u00fclkiyetlerine tecav\u00fcz edecek bi\u00e7imde kullanamaz. Ayr\u0131ca, \u00fcye di\u011fer kullan\u0131c\u0131lar\u0131n sunulan hizmetleri kullanmas\u0131n\u0131 zorlay\u0131c\u0131 veya \u00f6nleyici etkinlik (truva at\u0131, virus, spam, vb.) ve i\u015flemlerde bulunamaz.<\/p>\n\n\n\n<p><strong>3.\u0131.<\/strong> medyaeksper.com internet sitesi yaz\u0131l\u0131m\u0131n\u0131 k\u00f6t\u00fc kullan\u0131m ama\u00e7lar\u0131na ve vir\u00fcs (istenmeyen k\u00f6t\u00fc ama\u00e7l\u0131 yaz\u0131l\u0131mlar) yaz\u0131l\u0131mlar\u0131na kar\u015f\u0131 etkin bir altyap\u0131 sistemi kurmu\u015ftur. \u00dcyelerin de kendi koruma programlar\u0131n\u0131n bulunmas\u0131n\u0131 tavsiye ederiz. medyaeksper.com olarak gerekli altyap\u0131y\u0131 kurdu\u011fumuz i\u00e7in b\u00f6yle bir durumdan herhangi bir k\u00f6t\u00fc yaz\u0131l\u0131ma maruz kalan m\u00fc\u015fteri kendi yaz\u0131l\u0131m\u0131ndan sorumludur.<\/p>\n\n\n\n<p><strong>3.i.<\/strong> Momento Medya Sanayi ve Ticaret A.\u015e., \u00fcyenin ki\u015fisel bilgilerini yasal olarak talep edildi\u011fi durumlarda medyaeksper.com\u2019nin haklar\u0131n\u0131 korumak ve savunmak gerekti\u011fi durumlarda yasal olarak talep eden yetkili organlarla payla\u015fabilir.<\/p>\n\n\n\n<p><strong>3.j.<\/strong> Momento Medya Sanayi ve Ticaret A.\u015e. taraf\u0131ndan medyaeksper.com web sitesinin geli\u015ftirilmesi i\u00e7in yasal \u00e7er\u00e7eve i\u00e7erisinde siteye ula\u015fmak i\u00e7in kullan\u0131lan IP (\u0130nternet Protokol) adresi, site i\u00e7eri\u011finde iken ula\u015f\u0131lan sayfalar ve siteye direk ba\u011flan\u0131lmas\u0131 i\u00e7in \u0130nternet sitesinin adresi gibi bilgiler toplanabilir.<\/p>\n\n\n\n<p><strong>3.k.<\/strong> Momento Medya Sanayi ve Ticaret A.\u015e. site i\u00e7eri\u011finde istedi\u011fi zaman de\u011fi\u015ftirme ya da sona erdirme ya da medyaeksper.com\u2019a kay\u0131tl\u0131 \u00fcye bilgilerini silme hakk\u0131n\u0131 sakl\u0131 tutar.<\/p>\n\n\n\n<p><strong>3.j.<\/strong> Momento Medya Sanayi ve Ticaret A.\u015e., &nbsp;medyaeksper.com internet sitesinde belirtti\u011fi \u00fcyelik s\u00f6zle\u015fmesinde herhangi bir a\u00e7\u0131klama ve ihbara gerek kalmadan ve \u00f6nceden haber vermeden diledi\u011fi zaman g\u00fcncelleyebilir, de\u011fi\u015ftirebilir ya da iptal edebilir. G\u00fcncellenen, de\u011fi\u015ftirilen ya da iptal edilen her ko\u015ful t\u00fcm \u00fcyelere h\u00fck\u00fcm ifade edecektir.<\/p>\n\n\n\n<p><strong>3.l.<\/strong> Taraflar, medyaeksper.com\u2019a ait t\u00fcm bilgisayar kay\u0131tlar\u0131n\u0131n ger\u00e7ek ve tek m\u00fcnhas\u0131r delil olarak, HUMK madde 287&#8217;ye uygun \u015fekilde esas kabul edilmektedir. Bu kay\u0131tlar\u0131n bir delil s\u00f6zle\u015fmesi olu\u015fturuldu\u011fu hususunu kabul eder. Ayr\u0131ca bu hususlar\u0131 beyan etmi\u015f say\u0131l\u0131r.<\/p>\n\n\n\n<p><strong>4. Uyu\u015fmazl\u0131k ve Anla\u015fmazl\u0131k Halleri<\/strong><\/p>\n\n\n\n<p>\u0130\u015fbu s\u00f6zle\u015fmeye ile beraber anla\u015fmazl\u0131k, uyu\u015fmazl\u0131k durumlar\u0131nda yetkili olan kurum \u0130stanbul Anadolu Mahkemeleri ve \u0130cra Daireleridir.<\/p>\n\n\n\n<p>\u00dcyenin, medyaeksper.com internet sitesine \u00fcyeli\u011fini olu\u015fturmas\u0131 ile beraber, \u00fcye ki\u015finin bu s\u00f6zle\u015fmeyi okudu\u011fu, anlad\u0131\u011f\u0131 ve s\u00f6zle\u015fmede yer alan b\u00fct\u00fcn maddeleri eksiksiz olarak kabul etti\u011fini g\u00f6stermektedir ve esas ki\u015finin \u00fcye kayd\u0131n\u0131 olu\u015fturmas\u0131 ile beraber ba\u011fla\u015fm\u0131\u015f olup kar\u015f\u0131l\u0131kl\u0131 y\u00fcr\u00fcrl\u00fc\u011fe girdi\u011fi kabul edilir.<\/p>\n\n\n\n<p><strong>5. S\u00f6zle\u015fmenin Feshi<\/strong><\/p>\n\n\n\n<p>S\u00f6zle\u015fme, \u00fcye ki\u015finin \u00fcyeli\u011fini iptal etmesi ya da medyaeksper.com taraf\u0131ndan \u00fcyeli\u011finin iptal edilmesi s\u00fcresine kadar ge\u00e7erlili\u011fini koruyacakt\u0131r. Momento Medya Sanayi ve Ticaret A.\u015e., \u00fcye ki\u015finin bu s\u00f6zle\u015fmesinin herhangi bir maddesini bozmas\u0131 ve uymamas\u0131 durumunda \u00fcye kinin \u00fcyeli\u011fini iptal edilecektir. Bu durumdan dolay\u0131 Momento Medya Sanayi ve Ticaret A.\u015e. s\u00f6zle\u015fmeyi tek tarafl\u0131 olarak fesih etme hakk\u0131na sahiptir.<\/p>\n","protected":false},"excerpt":{"rendered":"<p>&nbsp;1.Taraflar medyaeksper.com web sitesinin etkinli\u011fini y\u00fcr\u00fcten Momento Medya Sanayi ve Ticaret A.\u015e., web sitesine \u00fcye olan site kullan\u0131c\u0131s\u0131 \u201c\u00dcye\u201d. 2. S\u00f6zle\u015fmenin Konusu S\u00f6zle\u015fme gere\u011fi &nbsp;Momento Medya Sanayi ve Ticaret A.\u015e. b\u00fcnyesinde bulunan medyaeksper.com\u2019a \u00fcye olan esas ki\u015filerin kullan\u0131m \u015fartlar\u0131n\u0131n belirlenmesinden olu\u015fur. 3. Taraflar\u0131n Hak ve Y\u00fck\u00fcml\u00fcl\u00fckleri Hakk\u0131nda 3.a. \u00dcye, medyaeksper.com internet sitesine \u00fcye olurken beyan [&hellip;]<\/p>\n","protected":false},"author":1,"featured_media":0,"parent":0,"menu_order":0,"comment_status":"closed","ping_status":"closed","template":"","meta":{"footnotes":""},"class_list":["post-325","page","type-page","status-publish","hentry"],"_links":{"self":[{"href":"https:\/\/medyaeksper.com\/index.php?rest_route=\/wp\/v2\/pages\/325","targetHints":{"allow":["GET"]}}],"collection":[{"href":"https:\/\/medyaeksper.com\/index.php?rest_route=\/wp\/v2\/pages"}],"about":[{"href":"https:\/\/medyaeksper.com\/index.php?rest_route=\/wp\/v2\/types\/page"}],"author":[{"embeddable":true,"href":"https:\/\/medyaeksper.com\/index.php?rest_route=\/wp\/v2\/users\/1"}],"replies":[{"embeddable":true,"href":"https:\/\/medyaeksper.com\/index.php?rest_route=%2Fwp%2Fv2%2Fcomments&post=325"}],"version-history":[{"count":0,"href":"https:\/\/medyaeksper.com\/index.php?rest_route=\/wp\/v2\/pages\/325\/revisions"}],"wp:attachment":[{"href":"https:\/\/medyaeksper.com\/index.php?rest_route=%2Fwp%2Fv2%2Fmedia&parent=325"}],"curies":[{"name":"wp","href":"https:\/\/api.w.org\/{rel}","templated":true}]}}