{"id":327,"date":"2022-06-13T09:20:21","date_gmt":"2022-06-13T09:20:21","guid":{"rendered":"https:\/\/medyaeksper.com\/?page_id=327"},"modified":"2022-06-13T09:20:21","modified_gmt":"2022-06-13T09:20:21","slug":"ticari-urun-satis-sozlesmesi","status":"publish","type":"page","link":"https:\/\/medyaeksper.com\/?page_id=327","title":{"rendered":"T\u0130CAR\u0130 \u00dcR\u00dcN SATI\u015e S\u00d6ZLE\u015eMES\u0130"},"content":{"rendered":"\n<p><strong>1-) <\/strong>medyaeksper.com sat\u0131\u015f sitemizde \u201cYay\u0131n Cihazlar\u0131, Profesyonel Kamera ve Aviwest\u201d kategorilerinde bulunan sat\u0131\u015fa konu \u00fcr\u00fcnler firmam\u0131z taraf\u0131ndan sat\u0131lmakta olup i\u015fbu \u00fcr\u00fcnler t\u00fcketim \u00fcr\u00fcnleri de\u011fil T\u0130CAR\u0130 AMA\u00c7LA SATILAN VE PROFESYONEL MESLEKLER\u0130N AMA\u00c7LARINA \u00d6ZG\u00dcLENM\u0130\u015e \u00dcR\u00dcNLERD\u0130R. \u00dcr\u00fcnlerin, adetleri ve &nbsp;KDV dahil sat\u0131\u015f fiyat\u0131 g\u00f6rselin yan\u0131nda\/alt\u0131nda g\u00f6sterilmektedir.<\/p>\n\n\n\n<p><strong>2-)<\/strong> Bu \u00fcr\u00fcnlerimiz ticari ve profesyonel amaca hizmet eden \u00fcr\u00fcnler olmas\u0131 sebebiyle bu b\u00f6l\u00fcmden sat\u0131lan \u00fcr\u00fcnlere T\u00fcrk Ticaret Kanunu h\u00fck\u00fcmleri uygulanacakt\u0131r. S\u00f6zle\u015fmeye ili\u015fkin iade, cayma vb. durumlarda T\u00fcketici Kanunu h\u00fck\u00fcmleri uygulanmayacakt\u0131r.<\/p>\n\n\n\n<p><strong>3-)<\/strong>T\u00fcrk Ticaret Kanun\u2019unda say\u0131lm\u0131\u015f olan Ticari \u0130\u015f kavram\u0131 ve t\u00fcrleri&nbsp; say\u0131lm\u0131\u015ft\u0131r. \u0130\u015fbu tan\u0131m\u0131 da siz m\u00fc\u015fterilerimize hat\u0131rlatmak isteriz.<\/p>\n\n\n\n<p><strong>&nbsp;&nbsp;&nbsp;&nbsp;&nbsp;&nbsp;&nbsp;&nbsp;&nbsp;&nbsp;&nbsp;&nbsp;&nbsp;&nbsp;&nbsp;&nbsp;&nbsp;&nbsp;&nbsp;&nbsp;&nbsp;&nbsp;&nbsp;&nbsp;&nbsp;&nbsp;&nbsp;&nbsp;&nbsp;&nbsp;&nbsp;&nbsp;&nbsp;&nbsp;&nbsp;&nbsp;&nbsp;&nbsp;&nbsp;&nbsp;&nbsp;&nbsp;&nbsp;&nbsp;&nbsp;&nbsp;&nbsp;&nbsp;&nbsp;&nbsp;&nbsp;&nbsp;&nbsp;&nbsp;&nbsp;&nbsp;&nbsp;&nbsp;&nbsp; T\u0130CAR\u0130 \u0130\u015e<\/strong><\/p>\n\n\n\n<p>&nbsp;&nbsp;&nbsp;&nbsp;&nbsp;&nbsp;&nbsp;&nbsp;&nbsp;&nbsp;&nbsp; T\u00fcrk Ticaret Kanunu\u2019nda d\u00fczenlenen konularla, bir ticarethane, fabrika veya ticari \u015fekilde i\u015fletilen di\u011fer bir m\u00fcesseseyi ilgilendiren b\u00fct\u00fcn muamele, fiil ve i\u015fler ticari i\u015flerden say\u0131l\u0131r (TTK. Md. 3, md. 21). A\u00e7\u0131l\u0131m\u0131:<\/p>\n\n\n\n<p><strong>A.&nbsp;&nbsp;&nbsp;&nbsp;&nbsp;\u0130\u015fin T\u00fcrk Ticaret Kanunu\u2019nda D\u00fczenlenmi\u015f Olmas\u0131:<\/strong>&nbsp;T\u00fcrk Ticaret Kanunu\u2019nda d\u00fczenlenen i\u015fler, ister tacirler ister tacir olmayanlar taraf\u0131ndan yap\u0131ls\u0131n, onlar\u0131 yapanlar\u0131n s\u0131fat\u0131na bak\u0131lmaks\u0131z\u0131n ticari i\u015f say\u0131lm\u0131\u015ft\u0131r.<\/p>\n\n\n\n<p><strong>B.&nbsp;&nbsp;&nbsp;&nbsp;&nbsp;&nbsp;\u0130\u015fin Ticari \u0130\u015fletmeyle \u0130lgili Olmas\u0131:<\/strong>&nbsp;\u0130\u015fin ticari i\u015fletmeyle (fabrika, ticarethane veya ticari \u015fekilde i\u015fletilen di\u011fer m\u00fcesseseler) ilgili olmas\u0131 gerekir. \u0130\u015fin ticari i\u015fletmeyi ilgilendirmesi, yap\u0131lan i\u015flerin alan\u0131 (yap\u0131ld\u0131\u011f\u0131 yer) olabilece\u011fi gibi, konusu da olabilir.<\/p>\n\n\n\n<p><strong>C.&nbsp;&nbsp;&nbsp;&nbsp;&nbsp;&nbsp;\u0130\u015fin Tacirin Borcundan Do\u011fmas\u0131:<\/strong>&nbsp;Bir tacirin bor\u00e7lar\u0131n\u0131n ticari olmas\u0131 as\u0131ld\u0131r. T\u00fczelki\u015fi tacirlere gelince; onlar\u0131n b\u00fct\u00fcn i\u015f ve i\u015flemleri ticari say\u0131l\u0131r.<\/p>\n\n\n\n<p><strong>Taraflardan yaln\u0131z birisi i\u00e7in ticari i\u015f mahiyetinde olan mukaveleler kanunda aksine h\u00fck\u00fcm bulunmad\u0131k\u00e7a di\u011feri i\u00e7in de ticari say\u0131l\u0131r (TTK.<\/strong>&nbsp;Md. 21\/II). Bu h\u00fckm\u00fcn uygulanabilmesi i\u00e7in taraflardan biri i\u00e7in ticari say\u0131lan i\u015fin bir s\u00f6zle\u015fmeden do\u011fmas\u0131 ve kanunda aksine h\u00fck\u00fcm bulunmamas\u0131 gerekir. TTK\u2019nun baz\u0131 maddelerinde ise ticari h\u00fck\u00fcmlerin uygulanabilmesi i\u00e7in her iki taraf\u0131n da tacir olmas\u0131 \u015fart\u0131 aranm\u0131\u015ft\u0131r. Ba\u015fka bir anlat\u0131mla, kanunda TTK. Md. 21\/II\u2019de belirtildi\u011fi \u00fczere (\u00f6rne\u011fin TTK. Md. 25 gibi) aksine bir h\u00fck\u00fcm olmad\u0131\u011f\u0131 s\u00fcrece, bir tacirin ticari i\u015fletmesiyle ilgili tacir olmayan ki\u015fi ile yapt\u0131\u011f\u0131 s\u00f6zle\u015fmeler, kendisi i\u00e7in ticar\u00ee ve kar\u015f\u0131 taraf i\u00e7in ad\u00ee oldu\u011fu halde, TTK. Md. 21\/II h\u00fckm\u00fc uyar\u0131nca art\u0131k her iki taraf i\u00e7in de ticari i\u015f say\u0131l\u0131r. TTK. Md. 21\/II d\u0131\u015f\u0131nda&nbsp; bir anla\u015fmazl\u0131\u011f\u0131n ticari dava olarak nitelenip ticaret mahkemelerinde \u00e7\u00f6z\u00fcme kavu\u015fturulmas\u0131 i\u00e7in her iki taraf i\u00e7in de ticari i\u015f niteli\u011fini ta\u015f\u0131mas\u0131 esast\u0131r (TTK. Md. 4\/I; 21\/II).<\/p>\n\n\n\n<p><strong>TTK.<\/strong>&nbsp;Md. 21\/II a\u00e7\u0131k\u00e7a s\u00f6zle\u015fmeden s\u00f6z etti\u011finden, taraflar aras\u0131ndaki ili\u015fkin s\u00f6zle\u015fmeden de\u011fil de \u00f6rne\u011fin bir haks\u0131z fiilden do\u011fuyorsa, bir taraf i\u00e7in ticari olan i\u015fin di\u011feri i\u00e7in de ticari say\u0131lmas\u0131 m\u00fcmk\u00fcn de\u011fildir.<\/p>\n\n\n\n<p>Paketleme, kargo ve teslim masraflar\u0131 ALICI taraf\u0131ndan kar\u015f\u0131lanmaktad\u0131r. Kargo \u00fccreti&nbsp; sipari\u015f toplam tutar\u0131na eklenmektedir. Kargo \u00fccreti, \u00fcr\u00fcn bedeline dahil de\u011fildir. Teslimat , anla\u015fmal\u0131 kargo \u015firketi arac\u0131l\u0131\u011f\u0131 ile, ALICI&#8217;n\u0131n yukar\u0131da belirtilen adresinde elden teslim edilecektir. Teslim an\u0131nda ALICI&#8217;n\u0131n adresinde bulunmamas\u0131 durumunda dahi firmam\u0131z edimini tam ve eksiksiz olarak yerine getirmi\u015f olarak kabul edilecektir. Bu nedenle, ALICI&#8217;n\u0131n \u00fcr\u00fcn\u00fc ge\u00e7 teslim almas\u0131ndan ve\/veya hi\u00e7 teslim almamas\u0131ndan kaynaklanan zararlardan ve giderlerden SATICI sorumlu de\u011fildir. SATICI, s\u00f6zle\u015fme konusu \u00fcr\u00fcn\u00fcn sa\u011flam, eksiksiz, sipari\u015fte belirtilen niteliklere uygun ve varsa garanti belgeleri ve kullan\u0131m k\u0131lavuzlar\u0131 ile teslim edilmesinden sorumludur.<\/p>\n\n\n\n<p><strong>4-)<\/strong> \u00dcr\u00fcn yasal d\u00fczenleme gere\u011fince s\u00f6zle\u015fme tarihinden itibaren en ge\u00e7 30 g\u00fcn i\u00e7erisinde teslim edilecektir. Ancak g\u00fcn i\u00e7inde verilen ve onaylanan sipari\u015f \u00fcr\u00fcnlerinin, ayn\u0131 g\u00fcn i\u00e7erisinde derhal kargoya verilmesi ve genel olarak azami 5 i\u015f g\u00fcn\u00fc i\u00e7erisinde \u00fcr\u00fcn\u00fcn ALICI\u2019ya teslimi \u00f6ng\u00f6r\u00fclmektedir.&nbsp;\u00dcr\u00fcn\u00fcn\u00fcn teslim edilmesi an\u0131na kadar t\u00fcm sorumluluk SATICI\u2019ya aittir.<\/p>\n\n\n\n<p><strong>5-)<\/strong> Al\u0131c\u0131, firmam\u0131zdan sat\u0131n ald\u0131\u011f\u0131 \u00fcr\u00fcn\u00fc hakl\u0131 sebepleri olmad\u0131\u011f\u0131 s\u00fcrece iade edemeyecektir.<\/p>\n\n\n\n<p><strong>6-)<\/strong> Al\u0131c\u0131, sat\u0131n ald\u0131\u011f\u0131 \u00fcr\u00fcne ili\u015fkin herhangi bir ar\u0131za ve hasar\u0131n ortaya \u00e7\u0131kt\u0131\u011f\u0131n\u0131 hukuki yollarla ispat edecektir. Herhangi bir aksakl\u0131kla kar\u015f\u0131la\u015fmas\u0131 durumunda ivedilikle sat\u0131c\u0131y\u0131 bilgilendirecektir.<\/p>\n\n\n\n<p><strong>7-)<\/strong> \u0130\u015fbu kategoride sat\u0131lan \u00fcr\u00fcnler bireysel kullan\u0131ma uygun olmay\u0131p ticari bir amaca \u00f6zg\u00fclenen \u00fcr\u00fcnlerdir. Bu sebeple kullan\u0131lm\u0131\u015f \u00fcr\u00fcnler \u0130ADE ED\u0130LEMEYECEKT\u0130R.<\/p>\n\n\n\n<p><strong>\ud83d\ude0e<\/strong> Al\u0131c\u0131, \u00fcr\u00fcnle ilgili bir ay\u0131p tespit etti\u011fi takdirde bu ay\u0131b\u0131 T\u00fcrkiye Cumhuriyeti Mahkemeleri marifetiyle tespit ettirecektir. \u00dcr\u00fcne ili\u015fkin usul\u00fcne uygun yapt\u0131r\u0131lmam\u0131\u015f bir delil tespiti haricinde firmam\u0131za herhangi bir kusur isnat edilemeyecektir. Ayr\u0131ca kargodan teslim al\u0131nan \u00fcr\u00fcnlerimizde kargoyu getiren personel e\u015fli\u011finde \u00fcr\u00fcn kontrol\u00fc yap\u0131l\u0131p herhangi bir aksilikte tutana\u011f\u0131n tutulmamas\u0131 halinde firmam\u0131z herhangi bir tazmin y\u00fck\u00fcml\u00fcl\u00fc\u011f\u00fc alt\u0131na girmeyecektir.<\/p>\n\n\n\n<p><strong>9-)<\/strong>Sipari\u015finize ve\/veya sipari\u015finize konu \u00fcr\u00fcne ve\/veya \u015fipari\u015finizle ilgili herhangi bir konuda \u015fikayetinizin olmas\u0131 halinde \u015fikayetlerinizi yukar\u0131da belirtilen ileti\u015fim bilgileri veya medyaeksper.com&nbsp;internet sitesinde belirtilen ileti\u015fim bilgileri vas\u0131tas\u0131yla SATICI\u2019ya iletebilirsiniz. \u0130letmi\u015f oldu\u011funuz \u015fikayet ba\u015fvurular\u0131n\u0131z derhal kay\u0131tlara al\u0131nacak, yetkili birimler taraf\u0131ndan de\u011ferlendirilerek \u00e7\u00f6z\u00fcmlenmeye \u00e7al\u0131\u015f\u0131lacak ve en k\u0131sa s\u00fcrede size geri d\u00f6n\u00fc\u015f sa\u011flanacakt\u0131r.<\/p>\n\n\n\n<p><strong>10-)<\/strong> Firmam\u0131z\u0131n bu biriminde satt\u0131\u011f\u0131 \u00fcr\u00fcnlere ili\u015fkin anla\u015fmazl\u0131klar\u0131n\u0131n \u00e7\u00f6z\u00fcm\u00fcnde \u0130stanbul Ticaret Mahkemeleri g\u00f6revli ve yetkilidir.<\/p>\n","protected":false},"excerpt":{"rendered":"<p>1-) medyaeksper.com sat\u0131\u015f sitemizde \u201cYay\u0131n Cihazlar\u0131, Profesyonel Kamera ve Aviwest\u201d kategorilerinde bulunan sat\u0131\u015fa konu \u00fcr\u00fcnler firmam\u0131z taraf\u0131ndan sat\u0131lmakta olup i\u015fbu \u00fcr\u00fcnler t\u00fcketim \u00fcr\u00fcnleri de\u011fil T\u0130CAR\u0130 AMA\u00c7LA SATILAN VE PROFESYONEL MESLEKLER\u0130N AMA\u00c7LARINA \u00d6ZG\u00dcLENM\u0130\u015e \u00dcR\u00dcNLERD\u0130R. \u00dcr\u00fcnlerin, adetleri ve &nbsp;KDV dahil sat\u0131\u015f fiyat\u0131 g\u00f6rselin yan\u0131nda\/alt\u0131nda g\u00f6sterilmektedir. 2-) Bu \u00fcr\u00fcnlerimiz ticari ve profesyonel amaca hizmet eden \u00fcr\u00fcnler olmas\u0131 sebebiyle [&hellip;]<\/p>\n","protected":false},"author":1,"featured_media":0,"parent":0,"menu_order":0,"comment_status":"closed","ping_status":"closed","template":"","meta":{"footnotes":""},"class_list":["post-327","page","type-page","status-publish","hentry"],"_links":{"self":[{"href":"https:\/\/medyaeksper.com\/index.php?rest_route=\/wp\/v2\/pages\/327","targetHints":{"allow":["GET"]}}],"collection":[{"href":"https:\/\/medyaeksper.com\/index.php?rest_route=\/wp\/v2\/pages"}],"about":[{"href":"https:\/\/medyaeksper.com\/index.php?rest_route=\/wp\/v2\/types\/page"}],"author":[{"embeddable":true,"href":"https:\/\/medyaeksper.com\/index.php?rest_route=\/wp\/v2\/users\/1"}],"replies":[{"embeddable":true,"href":"https:\/\/medyaeksper.com\/index.php?rest_route=%2Fwp%2Fv2%2Fcomments&post=327"}],"version-history":[{"count":0,"href":"https:\/\/medyaeksper.com\/index.php?rest_route=\/wp\/v2\/pages\/327\/revisions"}],"wp:attachment":[{"href":"https:\/\/medyaeksper.com\/index.php?rest_route=%2Fwp%2Fv2%2Fmedia&parent=327"}],"curies":[{"name":"wp","href":"https:\/\/api.w.org\/{rel}","templated":true}]}}