{"id":329,"date":"2022-06-13T09:21:39","date_gmt":"2022-06-13T09:21:39","guid":{"rendered":"https:\/\/medyaeksper.com\/?page_id=329"},"modified":"2022-06-13T09:21:39","modified_gmt":"2022-06-13T09:21:39","slug":"degisim-sartlari","status":"publish","type":"page","link":"https:\/\/medyaeksper.com\/?page_id=329","title":{"rendered":"DE\u011e\u0130\u015e\u0130M \u015eARTLARI"},"content":{"rendered":"\n<p class=\"has-drop-cap\">medyaeksper.com \u00fczerinden alm\u0131\u015f oldu\u011funuz \u00fcr\u00fcn\u00fcn ambalaj\u0131n\u0131 a\u00e7madan, tahrip etmeden, bozmadan ve \u00fcr\u00fcn\u00fc kullanmadan teslim tarihinden itibaren on d\u00f6rt (14) g\u00fcnl\u00fck, taksitli al\u0131\u015fveri\u015flerde ise yedi (7) g\u00fcnl\u00fck s\u00fcre i\u00e7inde teslim ald\u0131\u011f\u0131n\u0131z \u015fekli ile iade edebilirsiniz. \u0130ade sebebini i\u00e7eren bir dilek\u00e7e ile bize iletmeniz halinde iade prosed\u00fcr\u00fc i\u015fletilecektir.<\/p>\n\n\n\n<p>* \u0130ndirim Kategorisinde \u0130ade\/De\u011fi\u015fim yap\u0131lmamaktad\u0131r.<\/p>\n\n\n\n<p>Orijinal ambalaj\u0131 zarar g\u00f6rm\u00fc\u015f, a\u00e7\u0131lm\u0131\u015f, kullan\u0131lm\u0131\u015f, tahrip edilmi\u015f ve benzer \u015fekildeki \u00fcr\u00fcnlerin iadesi medyaeksper.com taraf\u0131ndan kabul edilmeyecektir. Bu nedenle \u00fcr\u00fcn teslimi s\u0131ras\u0131nda gerekli g\u00f6r\u00fcyorsan\u0131z kargo g\u00f6revlisi \u00f6n\u00fcnde paketi a\u00e7arak kontrol ediniz. E\u011fer bir sorun varsa (Eksik \u00fcr\u00fcn, Hasarl\u0131 \u00fcr\u00fcn gibi) l\u00fctfen kargo g\u00f6revlisine durumu a\u00e7\u0131k \u015fekilde belirten tutanak tutturunuz. Aksi taktirde sipari\u015f eksiksiz ve sorunsuz olarak teslim edilmi\u015f say\u0131lacak ve daha sonraki \u015fikayetler dikkate al\u0131nmayacakt\u0131r.<\/p>\n\n\n\n<p>medyaeksper.com, \u00fcr\u00fcnde ve ambalaj\u0131nda herhangi bir a\u00e7\u0131lma, bozulma, k\u0131r\u0131lma, tahrip, y\u0131rt\u0131lma, kullan\u0131lma ve benzer durumlar\u0131 tespit etti\u011fi hallerde ve \u00fcr\u00fcn\u00fcn m\u00fc\u015fteriye teslim edildi\u011fi andaki hali ile iade edilememesi halinde \u00fcr\u00fcn\u00fc iade almayacak ve bedelini iade etmeyecektir. Bu t\u00fcr hallerde \u00fcr\u00fcn\u00fcn medyaeksper.com\u2019a geli\u015fi ve geri d\u00f6n\u00fc\u015f\u00fc s\u0131ras\u0131ndaki t\u00fcm kargo \u00fccretleri m\u00fc\u015fteriye aittir.<\/p>\n\n\n\n<p>M\u00fc\u015fterinin \u00fcr\u00fcn\/\u00fcr\u00fcnleri iade etmesi veya al\u0131\u015fveri\u015finden vazge\u00e7mesi halinde, e\u011fer iade edilen \u00fcr\u00fcn\/\u00fcr\u00fcnler iade \u015fartlar\u0131na uygunsa medyaeksper.com\u2019a ula\u015ft\u0131\u011f\u0131 andan itibaren havale iadeleri havalenin yap\u0131ld\u0131\u011f\u0131 hesaba 7 (Yedi) i\u015f g\u00fcn\u00fc i\u00e7erisinde kargo bedeli \u00fcr\u00fcn\/\u00fcr\u00fcnlerin bedelinden d\u00fc\u015f\u00fclerek geri kalan iade bedeli kadar tutar m\u00fc\u015fteriye iade edilir. Kredi kart\u0131 iadeleri ise kart\u0131n ait oldu\u011fu banka hesab\u0131na 7 i\u015f g\u00fcn\u00fc i\u00e7inde yap\u0131lacakt\u0131r. Bankan\u0131z kredi kart\u0131 iadelerini ayn\u0131 g\u00fcn hesab\u0131n\u0131za yans\u0131tmayabilir. Bu durumda bankan\u0131z\u0131n kredi kart\u0131 servisini araman\u0131z gereklidir.&nbsp; Bu s\u00fcre \u00fczerinde medyaeksper.com\u2019un herhangi bir etkisi yoktur ve tamamen bankan\u0131n tasarrufundad\u0131r.<\/p>\n\n\n\n<p>Sipari\u015finizle ilgili &#8220;\u0130ptal Edildi&#8221; uyar\u0131s\u0131 \u00e7\u0131kt\u0131ktan sonra t\u00fcm bedel kredi kart\u0131n\u0131za veya havale yapt\u0131\u011f\u0131n\u0131z bankan\u0131za iade edilmektedir. Taksitli sat\u0131\u015flarda yap\u0131lan iadeler bankan\u0131z taraf\u0131ndan kredi kart\u0131n\u0131za her ay art\u0131 bakiye olarak yans\u0131t\u0131lmaktad\u0131r.<\/p>\n\n\n\n<p><strong><u>De\u011fi\u015fim Adresi:<\/u><\/strong><\/p>\n\n\n\n<p>Momento Medya Sanayi ve Ticaret A.\u015e. &nbsp;<\/p>\n\n\n\n<p>19 May\u0131s Mahallesi 19 May\u0131s Caddesi No:37\/7, \u015ei\u015fli\/\u0130STANBUL<\/p>\n\n\n\n<p>Destek i\u00e7in support@medyaeksper.com adresinden veya 0 (212) 222 80 50, numaral\u0131 telefondan Momento Medya Sanayi ve Ticaret A.\u015e. &nbsp;M\u00fc\u015fteri Hizmetlerine Ula\u015fabilirsiniz.<\/p>\n","protected":false},"excerpt":{"rendered":"<p>medyaeksper.com \u00fczerinden alm\u0131\u015f oldu\u011funuz \u00fcr\u00fcn\u00fcn ambalaj\u0131n\u0131 a\u00e7madan, tahrip etmeden, bozmadan ve \u00fcr\u00fcn\u00fc kullanmadan teslim tarihinden itibaren on d\u00f6rt (14) g\u00fcnl\u00fck, taksitli al\u0131\u015fveri\u015flerde ise yedi (7) g\u00fcnl\u00fck s\u00fcre i\u00e7inde teslim ald\u0131\u011f\u0131n\u0131z \u015fekli ile iade edebilirsiniz. \u0130ade sebebini i\u00e7eren bir dilek\u00e7e ile bize iletmeniz halinde iade prosed\u00fcr\u00fc i\u015fletilecektir. * \u0130ndirim Kategorisinde \u0130ade\/De\u011fi\u015fim yap\u0131lmamaktad\u0131r. Orijinal ambalaj\u0131 zarar g\u00f6rm\u00fc\u015f, [&hellip;]<\/p>\n","protected":false},"author":1,"featured_media":0,"parent":0,"menu_order":0,"comment_status":"closed","ping_status":"closed","template":"","meta":{"footnotes":""},"class_list":["post-329","page","type-page","status-publish","hentry"],"_links":{"self":[{"href":"https:\/\/medyaeksper.com\/index.php?rest_route=\/wp\/v2\/pages\/329","targetHints":{"allow":["GET"]}}],"collection":[{"href":"https:\/\/medyaeksper.com\/index.php?rest_route=\/wp\/v2\/pages"}],"about":[{"href":"https:\/\/medyaeksper.com\/index.php?rest_route=\/wp\/v2\/types\/page"}],"author":[{"embeddable":true,"href":"https:\/\/medyaeksper.com\/index.php?rest_route=\/wp\/v2\/users\/1"}],"replies":[{"embeddable":true,"href":"https:\/\/medyaeksper.com\/index.php?rest_route=%2Fwp%2Fv2%2Fcomments&post=329"}],"version-history":[{"count":0,"href":"https:\/\/medyaeksper.com\/index.php?rest_route=\/wp\/v2\/pages\/329\/revisions"}],"wp:attachment":[{"href":"https:\/\/medyaeksper.com\/index.php?rest_route=%2Fwp%2Fv2%2Fmedia&parent=329"}],"curies":[{"name":"wp","href":"https:\/\/api.w.org\/{rel}","templated":true}]}}