{"id":333,"date":"2022-06-13T09:29:47","date_gmt":"2022-06-13T09:29:47","guid":{"rendered":"https:\/\/medyaeksper.com\/?page_id=333"},"modified":"2023-05-22T11:08:33","modified_gmt":"2023-05-22T08:08:33","slug":"mesafeli-satis-sozlesmesi","status":"publish","type":"page","link":"https:\/\/medyaeksper.com\/?page_id=333","title":{"rendered":"MESAFEL\u0130 SATI\u015e S\u00d6ZLE\u015eMES\u0130"},"content":{"rendered":"\n<p><strong>MADDE 1 TARAFLAR<\/strong><\/p>\n\n\n\n<p><strong><br><\/strong><strong>1.1-SATICI<\/strong><\/p>\n\n\n\n<figure class=\"wp-block-table\"><table><tbody><tr><td><strong>\u00dcnvan\u0131<\/strong>:<\/td><td>Momento Medya Sanayi ve Ticaret A.\u015e.<\/td><\/tr><tr><td><strong>Adresi<\/strong>:<\/td><td>19 May\u0131s Mahallesi 19 May\u0131s Caddesi No:37\/7, \u015ei\u015fli\/\u0130STANBUL<\/td><\/tr><tr><td><strong>Telefon<\/strong>:<\/td><td>0 212 222 80 50<\/td><\/tr><tr><td><strong>Eposta adresi<\/strong><\/td><td>info@momentomedya.com<\/td><\/tr><\/tbody><\/table><\/figure>\n\n\n\n<p><br><strong>1.2-ALICI<br><\/strong><\/p>\n\n\n\n<figure class=\"wp-block-table\"><table><tbody><tr><td><strong>Ad\u0131\/Soyad\u0131\/\u00dcnvan\u0131<\/strong><\/td><td><\/td><\/tr><tr><td><strong>Adresi<\/strong><\/td><td><\/td><\/tr><tr><td><strong>Telefon<\/strong><\/td><td><\/td><\/tr><tr><td><strong>Eposta adresi<\/strong><\/td><td><\/td><\/tr><\/tbody><\/table><\/figure>\n\n\n\n<p><strong>MADDE 2 KONU<\/strong><\/p>\n\n\n\n<p>\u0130\u015fbu s\u00f6zle\u015fmenin konusu, M\u00dc\u015eTER\u0130\u2019nin&nbsp;medyaeksper.com internet sitesinden elektronik ortamda sipari\u015fini yapt\u0131\u011f\u0131 ve Madde 3.1 de kodu, ad\u0131, adedi ve sat\u0131\u015f fiyat\u0131 belirtilen \u00fcr\u00fcn\u00fcn\/\u00fcr\u00fcnlerin sat\u0131\u015f\u0131 ve teslimi ile ilgili olarak 6502 say\u0131l\u0131 T\u00fcketicinin Korunmas\u0131 Hakk\u0131ndaki Kanun h\u00fck\u00fcmleri gere\u011fince taraflar\u0131n hak ve y\u00fck\u00fcml\u00fcl\u00fcklerinin saptanmas\u0131d\u0131r.<\/p>\n\n\n\n<p><strong>MADDE 3&nbsp;S\u00d6ZLE\u015eME KONUSU \u00dcR\u00dcN, \u00d6DEME VE TESL\u0130MATINA \u0130L\u0130\u015eK\u0130N HUSUSLARIN BEL\u0130RLENMES\u0130<\/strong><\/p>\n\n\n\n<p><strong><br><\/strong>3.1-<strong>\u00dcR\u00dcNLER<br><br><\/strong>Mal ya da hizmetlerin temel \u00f6zellikleri medyaeksper.com &nbsp;adresinde yer almaktad\u0131r.&nbsp;<\/p>\n\n\n\n<p>Listelenen ve sitede ilan edilen fiyatlar sat\u0131\u015f fiyat\u0131d\u0131r. \u0130lan edilen fiyatlar ve vaatler g\u00fcncelleme yap\u0131lana ve de\u011fi\u015ftirilene kadar ge\u00e7erlidir. S\u00fcreli olarak ilan edilen fiyatlar ise belirtilen s\u00fcre sonuna kadar ge\u00e7erlidir.<\/p>\n\n\n\n<p>S\u00f6zle\u015fme Konusu mal ya da hizmetin t\u00fcm vergileri sat\u0131\u015f fiyat\u0131na dahildir.<br><br>3.2-<strong>TESL\u0130MAT \u015eEKL\u0130 VE PLANI<\/strong><\/p>\n\n\n\n<figure class=\"wp-block-table\"><table><tbody><tr><td><strong>Teslimat Adresi<\/strong><\/td><td><\/td><\/tr><tr><td><strong>Teslim Edilecek Ki\u015fi<\/strong><\/td><td><\/td><\/tr><tr><td><strong>Fatura Bilgileri<\/strong><\/td><td><\/td><\/tr><\/tbody><\/table><\/figure>\n\n\n\n<p>\u00dcr\u00fcn sevkiyatlar\u0131na \u00fcr\u00fcn medyaeksper.com \u00a0taraf\u0131ndan , al\u0131c\u0131n\u0131n \u00f6demeyi yapmas\u0131na m\u00fcteakip m\u00fccbir sebepler hari\u00e7 en ge\u00e7 10 i\u015fg\u00fcn\u00fc i\u00e7inde ba\u015flanacakt\u0131r. \u00a0500 TL \u00fczeri sipari\u015flerde kargo \u00fccretsizdir. 500TL alt\u0131 sipari\u015flerde \u00fcr\u00fcn sevkiyat masraf\u0131 olan kargo \u00fccreti ALICI taraf\u0131ndan \u00f6denecektir.\u00a0<br><br><strong>3.3 GEC\u0130KME FA\u0130Z\u0130<\/strong><\/p>\n\n\n\n<p>\u00d6deme pe\u015fin ya da kredi kart\u0131 ile yap\u0131laca\u011f\u0131 i\u00e7in SATICI taraf\u0131ndan gecikme faizi uygulanmaz.<\/p>\n\n\n\n<p><strong>MADDE 4 GENEL H\u00dcK\u00dcMLER<br><br><\/strong>4.1) ALICI, medyaeksper.com internet sitesinde s\u00f6zle\u015fme konusu \u00fcr\u00fcn\u00fcn temel nitelikleri, sat\u0131\u015f fiyat\u0131 ve \u00f6deme \u015fekli ile teslimata ili\u015fkin \u00f6n bilgileri okuyup bilgi sahibi oldu\u011funu ve elektronik ortamda gerekli teyidi verdi\u011fini beyan eder. ALICI; bu \u00d6n Bilgilendirmeyi elektronik ortamda teyit etmekle, mesafeli s\u00f6zle\u015fmelerin akdinden \u00f6nce, SATICI taraf\u0131ndan ALICI\u2019ya verilmesi gereken adres, sipari\u015fi verilen \u00fcr\u00fcnlere ait temel \u00f6zellikler, \u00fcr\u00fcnlerin vergiler dahil fiyat\u0131, \u00f6deme ve teslimat bilgilerini de do\u011fru ve eksiksiz olarak edindi\u011fini teyid etmi\u015f olur.<br><br>4.2) Kargo firmas\u0131n\u0131n, \u00fcr\u00fcn\u00fc ALICI\u2019ya teslimi a\u015famas\u0131nda kar\u015f\u0131la\u015faca\u011f\u0131 her t\u00fcrl\u00fc sorun nedeniyle, sipari\u015fi verilen \u00fcr\u00fcn\u00fcn ALICI\u2019ya teslim edilememesinden dolay\u0131 SATICI sorumlu tutulamaz.<br><br>4.3) SATICI, s\u00f6zle\u015fme konusu \u00fcr\u00fcn\u00fcn sa\u011flam, eksiksiz, sipari\u015fte belirtilen niteliklere uygun ve varsa garanti belgeleri ve kullan\u0131m k\u0131lavuzlar\u0131 ile teslim edilmesinden sorumludur.<br><br>4.4) SATICI, s\u00f6zle\u015fmeden do\u011fan ifa y\u00fck\u00fcml\u00fcl\u00fc\u011f\u00fcn\u00fcn s\u00fcresi dolmadan ALICI\u2019y\u0131 bilgilendirmek ve a\u00e7\u0131k\u00e7a onay\u0131n\u0131 almak suretiyle e\u015fit kalite ve fiyatta farkl\u0131 bir \u00fcr\u00fcn tedarik edebilir.<br><br>4.5) SATICI, sipari\u015f konusu \u00fcr\u00fcn veya hizmetin yerine getirilmesinin imk\u00e2ns\u0131zla\u015fmas\u0131 halinde s\u00f6zle\u015fme konusu y\u00fck\u00fcml\u00fcl\u00fcklerini yerine getiremezse, bu durumu, s\u00f6zle\u015fmeden do\u011fan ifa y\u00fck\u00fcml\u00fcl\u00fc\u011f\u00fcn\u00fcn s\u00fcresi dolmadan t\u00fcketiciye bildirir ve 10 ile 14 i\u015f g\u00fcnl\u00fck s\u00fcre i\u00e7inde toplam bedeli ALICI\u2019ya iade eder.<br><br>4.6) \u00dcr\u00fcn\u00fcn teslimat\u0131 i\u00e7in i\u015fbu \u00d6n Bilgilendirme Formunun elektronik ortamda teyid edilmesi \u015fartt\u0131r. Herhangi bir nedenle \u00fcr\u00fcn bedeli \u00f6denmez veya banka kay\u0131tlar\u0131nda iptal edilir ise, SATICI \u00fcr\u00fcn\u00fcn teslimi y\u00fck\u00fcml\u00fcl\u00fc\u011f\u00fcnden kurtulmu\u015f kabul edilir.<br><br>4.7) \u00dcr\u00fcn\u00fcn tesliminden sonra ALICI\u2019ya ait kredi kart\u0131n\u0131n ALICI\u2019n\u0131n kusurundan kaynaklanmayan bir \u015fekilde yetkisiz ki\u015filerce haks\u0131z veya hukuka ayk\u0131r\u0131 olarak kullan\u0131lmas\u0131 nedeni ile ilgili banka veya finans kurulu\u015fun \u00fcr\u00fcn bedelini SATICI\u2019ya \u00f6dememesi halinde, ALICI kendisine teslim edilmi\u015f olmas\u0131 kayd\u0131yla \u00fcr\u00fcn\u00fc 3 g\u00fcn i\u00e7inde SATICI\u2019ya iade etmek zorundad\u0131r. Bu takdirde nakliye giderleri ALICI\u2019ya aittir.<br><br>4.8) SATICI m\u00fccbir sebepler veya nakliyeyi engelleyen hava muhalefeti, ula\u015f\u0131m\u0131n kesilmesi gibi ola\u011fan\u00fcst\u00fc durumlar nedeni ile s\u00f6zle\u015fme konusu \u00fcr\u00fcn\u00fc s\u00fcresi i\u00e7inde teslim edemez ise, durumu ALICI\u2019ya bildirmekle y\u00fck\u00fcml\u00fcd\u00fcr. Bu takdirde ALICI sipari\u015fin iptal edilmesini, s\u00f6zle\u015fme konusu \u00fcr\u00fcn\u00fcn varsa emsali ile de\u011fi\u015ftirilmesini ve\/veya teslimat s\u00fcresinin engelleyici durumun ortadan kalkmas\u0131na kadar ertelenmesi haklar\u0131ndan birini kullanabilir. ALICI\u2019n\u0131n sipari\u015fi iptal etmesi halinde \u00f6dedi\u011fi tutar 10 ile 14 i\u015f g\u00fcn\u00fc i\u00e7inde kendisine nakden ve defaten \u00f6denir. ALICI\u2019n\u0131n kredi kart\u0131 ile yapt\u0131\u011f\u0131 \u00f6demelerde ise, \u00fcr\u00fcn tutar\u0131, sipari\u015fin ALICI taraf\u0131ndan iptal edilmesinden sonra 7 g\u00fcn i\u00e7erisinde ilgili bankaya iade edilir. Bu tutar\u0131n bankaya iadesinden sonra ALICI hesaplar\u0131na yans\u0131mas\u0131 tamamen banka i\u015flem s\u00fcreci ile ilgili oldu\u011fundan, ALICI, olas\u0131 gecikmeler i\u00e7in SATICI\u2019n\u0131n herhangi bir \u015fekilde m\u00fcdahalede bulunmas\u0131n\u0131n m\u00fcmk\u00fcn olamayaca\u011f\u0131n\u0131 ve SATICI taraf\u0131ndan kredi kart\u0131na iade edilen tutar\u0131n banka taraf\u0131ndan ALICI hesab\u0131na yans\u0131t\u0131lmas\u0131n\u0131n ortalama 2 ile 3 haftay\u0131 bulabilece\u011fini \u015fimdiden kabul etmektedir.<br><strong><br>MADDE 5 \u00d6DEME \u0130ADE PROSED\u00dcR\u00dc<\/strong><\/p>\n\n\n\n<ul class=\"wp-block-list\">\n<li>M\u00dc\u015eTER\u0130\u2019nin cayma hakk\u0131n\u0131 kulland\u0131\u011f\u0131 durumlarda ya da sipari\u015fe konu olan \u00fcr\u00fcn\u00fcn \u00e7e\u015fitli sebeplerle tedarik edilememesi veya hakem heyeti kararlar\u0131 ile M\u00dc\u015eTER\u0130\u2019ye bedel iadesine karar verilen durumlarda, SATICI tahsil etmi\u015f oldu\u011fu tutar\u0131n tamam\u0131n\u0131 tahsilat\u0131n yap\u0131ld\u0131\u011f\u0131 kredi kart\u0131na tek seferde 14 g\u00fcn i\u00e7erisinde iade edecektir. Banka taraf\u0131ndan, M\u00dc\u015eTER\u0130 \u00fcr\u00fcn\u00fc ka\u00e7 taksit ile ald\u0131ysa \u00f6deme iadesini de yine taksitli olarak ayn\u0131 adetteki taksitle M\u00dc\u015eTER\u0130 kredi kartlar\u0131na yapmaktad\u0131r. E\u011fer iade tarihi ile kart\u0131n hesap kesim tarihleri \u00e7ak\u0131\u015fmazsa her ay karta 1 (bir) iade yans\u0131yacak ve M\u00dc\u015eTER\u0130 iade \u00f6ncesinde \u00f6demi\u015f oldu\u011fu taksitleri sat\u0131\u015f\u0131n taksitleri bittikten sonra, iade \u00f6ncesinde \u00f6demi\u015f oldu\u011fu taksitleri say\u0131s\u0131 kadar ay daha alacak ve mevcut bor\u00e7lar\u0131ndan d\u00fc\u015fm\u00fc\u015f olacakt\u0131r.<\/li>\n\n\n\n<li>Sat\u0131n al\u0131nm\u0131\u015f \u00fcr\u00fcnlerin iadesi durumunda; SATICI tahsil etmi\u015f oldu\u011fu tutar\u0131n tamam\u0131n\u0131 tahsilat\u0131n yap\u0131ld\u0131\u011f\u0131 kredi kart\u0131na tek seferde iade edecektir. Banka taraf\u0131ndan, M\u00dc\u015eTER\u0130 \u00fcr\u00fcn\u00fc ka\u00e7 taksit ile ald\u0131ysa \u00f6deme iadesini de yine taksitli olarak ayn\u0131 adetteki taksitle M\u00dc\u015eTER\u0130 kredi kartlar\u0131na yapmaktad\u0131r. E\u011fer iade tarihi ile kart\u0131n hesap kesim tarihleri \u00e7ak\u0131\u015fmazsa her ay karta 1 (bir) iade yans\u0131yacak ve M\u00dc\u015eTER\u0130 iade \u00f6ncesinde \u00f6demi\u015f oldu\u011fu taksitleri sat\u0131\u015f\u0131n taksitleri bittikten sonra, iade \u00f6ncesinde \u00f6demi\u015f oldu\u011fu taksitleri say\u0131s\u0131 kadar ay daha alacak ve mevcut bor\u00e7lar\u0131ndan d\u00fc\u015fm\u00fc\u015f olacakt\u0131r<strong>.<\/strong><\/li>\n<\/ul>\n\n\n\n<p>M\u00dc\u015eTER\u0130, bu prosed\u00fcr\u00fc okudu\u011funu ve kabul etti\u011fini kabul ve taahh\u00fct eder.<\/p>\n\n\n\n<p><strong>MADDE 6 CAYMA HAKKI<\/strong><\/p>\n\n\n\n<p>ALICI; mal sat\u0131\u015f\u0131na ili\u015fkin mesafeli s\u00f6zle\u015fmelerde, \u00fcr\u00fcn\u00fcn kendisine veya g\u00f6sterdi\u011fi adresteki ki\u015fi\/kurulu\u015fa teslim tarihinden itibaren 14 (on d\u00f6rt) g\u00fcn i\u00e7erisinde hi\u00e7bir hukuki ve cezai sorumluluk \u00fcstlenmeksizin ve hi\u00e7bir gerek\u00e7e g\u00f6stermeksizin mal\u0131 reddederek s\u00f6zle\u015fmeden cayma hakk\u0131n\u0131 kullanabilir. Hizmet sunumuna ili\u015fkin mesafeli s\u00f6zle\u015fmelerde ise, bu s\u00fcre s\u00f6zle\u015fmenin imzaland\u0131\u011f\u0131 tarihte ba\u015flar. Cayma hakk\u0131 s\u00fcresi sona ermeden \u00f6nce, t\u00fcketicinin onay\u0131 ile hizmetin ifas\u0131na ba\u015flanan hizmet s\u00f6zle\u015fmelerinde cayma hakk\u0131 kullan\u0131lamaz. Cayma hakk\u0131n\u0131n kullan\u0131m\u0131ndan kaynaklanan masraflar SATICI\u2019ya aittir.<\/p>\n\n\n\n<p><strong>Al\u0131c\u0131n\u0131n \u00fcr\u00fcn\u00fc sat\u0131c\u0131ya iade etmesi durumlar\u0131nda sat\u0131c\u0131n\u0131n anla\u015fmal\u0131 oldu\u011fu kargo firmas\u0131 kullan\u0131lmamas\u0131 halinde kargo \u00fccretinin al\u0131c\u0131ya ait olmas\u0131 durumu i\u015fbu durumdan ayr\u0131 tutulacakt\u0131r. &nbsp;Cayma hakk\u0131n\u0131n kullan\u0131lmas\u0131 i\u00e7in 14 g\u00fcnl\u00fck s\u00fcre i\u00e7inde SATICI\u2019ya iadeli taahh\u00fctl\u00fc posta, faks veya e-posta ile yaz\u0131l\u0131 bildirimde bulunulmas\u0131 ve \u00fcr\u00fcn\u00fcn kullan\u0131lmam\u0131\u015f olmas\u0131 \u015fartt\u0131r.<\/strong><\/p>\n\n\n\n<p>Bu hakk\u0131n kullan\u0131lmas\u0131 halinde,<br>a) 3. ki\u015fiye veya ALICI\u2019ya teslim edilen \u00fcr\u00fcn\u00fcn faturas\u0131, (\u0130ade edilmek istenen \u00fcr\u00fcn\u00fcn faturas\u0131 kurumsal ise, geri iade ederken kurumun d\u00fczenlemi\u015f oldu\u011fu iade faturas\u0131 ile birlikte g\u00f6nderilmesi gerekmektedir. Faturas\u0131 kurumlar ad\u0131na d\u00fczenlenen sipari\u015f iadeleri \u0130ADE FATURASI kesilmedi\u011fi takdirde tamamlanamayacakt\u0131r.)<br>b) Cayma hakk\u0131n\u0131 kullan\u0131rken belirtilen dilek\u00e7e,<br>c) \u0130ade edilecek \u00fcr\u00fcnlerin kutusu, ambalaj\u0131, varsa standart aksesuarlar\u0131 ile birlikte eksiksiz ve hasars\u0131z olarak teslim edilmesi gerekmektedir.<br>d) SATICI, cayma bildiriminin kendisine ula\u015fmas\u0131nda itibaren en ge\u00e7 10 g\u00fcnl\u00fck s\u00fcre i\u00e7erisinde toplam bedeli ve al\u0131c\u0131y\u0131 bor\u00e7 alt\u0131na sokan belgeleri ALICI\u2019ya iade etmek ve 20 g\u00fcnl\u00fck s\u00fcre i\u00e7erisinde mal\u0131 iade almakla y\u00fck\u00fcml\u00fcd\u00fcr.<br>e) ALICI\u2019n\u0131n kusurundan kaynaklanan bir nedenle mal\u0131n de\u011ferinde bir azalma olursa veya iade imk\u00e2ns\u0131zla\u015f\u0131rsa ALICI kusuru oran\u0131nda SATICI\u2019n\u0131n zararlar\u0131n\u0131 tazmin etmekle y\u00fck\u00fcml\u00fcd\u00fcr. Ki\u015fiye \u00f6zel \u00f6l\u00e7\u00fc ve \u00fcr\u00fcnler SATICI taraf\u0131ndan iade al\u0131namaz. Hijyen gerektiren \u00fcr\u00fcnler SATICI taraf\u0131ndan iade al\u0131namaz. Cayma hakk\u0131 kullan\u0131lmak istenen \u00fcr\u00fcnler kullan\u0131lmam\u0131\u015f olmal\u0131d\u0131r. Bir defaya mahsus paketi a\u00e7\u0131lan teknolojik \u00fcr\u00fcnler SATICI taraf\u0131ndan iade al\u0131namamaktad\u0131r.<br><\/p>\n\n\n\n<p><strong>MADDE 7&nbsp; YETK\u0130L\u0130 MAHKEME<\/strong><\/p>\n\n\n\n<p>\u0130\u015fbu s\u00f6zle\u015fmenin uygulanmas\u0131nda, Sanayi ve Ticaret Bakanl\u0131\u011f\u0131nca ilan edilen de\u011fere kadar T\u00fcketici Hakem Heyetleri ile ALICI\u2019n\u0131n veya SATICI\u2019n\u0131n yerle\u015fim yerindeki T\u00fcketici Mahkemeleri yetkilidir. Al\u0131c\u0131 taraf\u0131ndan ba\u015fvurulacak&nbsp; merciilerdir.<\/p>\n\n\n\n<p>Sipari\u015fin ger\u00e7ekle\u015fmesi durumunda ALICI i\u015fbu s\u00f6zle\u015fmenin t\u00fcm ko\u015fullar\u0131n\u0131 kabul etmi\u015f say\u0131l\u0131r.<\/p>\n\n\n\n<p>\u0130\u015fbu S\u00f6zle\u015fme ticari ama\u00e7larla yap\u0131lm\u0131\u015ft\u0131r.<\/p>\n\n\n\n<figure class=\"wp-block-table\"><table><tbody><tr><td>SATICI<\/td><td>&nbsp;medyaeksper.com<\/td><\/tr><tr><td>ALICI<\/td><td><\/td><\/tr><tr><td>TAR\u0130H<\/td><\/tr><\/tbody><\/table><\/figure>\n","protected":false},"excerpt":{"rendered":"<p>MADDE 1 TARAFLAR 1.1-SATICI \u00dcnvan\u0131: Momento Medya Sanayi ve Ticaret A.\u015e. Adresi: 19 May\u0131s Mahallesi 19 May\u0131s Caddesi No:37\/7, \u015ei\u015fli\/\u0130STANBUL Telefon: 0 212 222 80 50 Eposta adresi info@momentomedya.com 1.2-ALICI Ad\u0131\/Soyad\u0131\/\u00dcnvan\u0131 Adresi Telefon Eposta adresi MADDE 2 KONU \u0130\u015fbu s\u00f6zle\u015fmenin konusu, M\u00dc\u015eTER\u0130\u2019nin&nbsp;medyaeksper.com internet sitesinden elektronik ortamda sipari\u015fini yapt\u0131\u011f\u0131 ve Madde 3.1 de kodu, ad\u0131, adedi [&hellip;]<\/p>\n","protected":false},"author":1,"featured_media":0,"parent":0,"menu_order":0,"comment_status":"closed","ping_status":"closed","template":"","meta":{"footnotes":""},"class_list":["post-333","page","type-page","status-publish","hentry"],"_links":{"self":[{"href":"https:\/\/medyaeksper.com\/index.php?rest_route=\/wp\/v2\/pages\/333","targetHints":{"allow":["GET"]}}],"collection":[{"href":"https:\/\/medyaeksper.com\/index.php?rest_route=\/wp\/v2\/pages"}],"about":[{"href":"https:\/\/medyaeksper.com\/index.php?rest_route=\/wp\/v2\/types\/page"}],"author":[{"embeddable":true,"href":"https:\/\/medyaeksper.com\/index.php?rest_route=\/wp\/v2\/users\/1"}],"replies":[{"embeddable":true,"href":"https:\/\/medyaeksper.com\/index.php?rest_route=%2Fwp%2Fv2%2Fcomments&post=333"}],"version-history":[{"count":1,"href":"https:\/\/medyaeksper.com\/index.php?rest_route=\/wp\/v2\/pages\/333\/revisions"}],"predecessor-version":[{"id":1152,"href":"https:\/\/medyaeksper.com\/index.php?rest_route=\/wp\/v2\/pages\/333\/revisions\/1152"}],"wp:attachment":[{"href":"https:\/\/medyaeksper.com\/index.php?rest_route=%2Fwp%2Fv2%2Fmedia&parent=333"}],"curies":[{"name":"wp","href":"https:\/\/api.w.org\/{rel}","templated":true}]}}