{"id":1001,"date":"2022-12-08T09:36:05","date_gmt":"2022-12-08T09:36:05","guid":{"rendered":"https:\/\/medyaeksper.com\/?post_type=product&#038;p=1001"},"modified":"2024-12-17T11:31:21","modified_gmt":"2024-12-17T08:31:21","slug":"olis-ol-6004e-network-video-recorder","status":"publish","type":"product","link":"https:\/\/medyaeksper.com\/?product=olis-ol-6004e-network-video-recorder","title":{"rendered":"Olis OL-6004E Network Video Recorder"},"content":{"rendered":"<table border=\"0\" cellspacing=\"0\" cellpadding=\"0\">\n<tbody>\n<tr>\n<td class=\"auto-style1\">S\u0130STEM<\/td>\n<td><\/td>\n<\/tr>\n<tr>\n<td>Video S\u0131k\u0131\u015ft\u0131rma Format\u0131<\/td>\n<td>H.264<\/td>\n<\/tr>\n<tr>\n<td>\u0130\u015flemci<\/td>\n<td>HI 3520<\/td>\n<\/tr>\n<tr>\n<td>Video Sistemi<\/td>\n<td>NTSC \/ PAL<\/td>\n<\/tr>\n<tr>\n<td>\u0130\u015fletim Sistemi<\/td>\n<td>Linux<\/td>\n<\/tr>\n<tr>\n<td class=\"auto-style1\">G\u00d6R\u00dcNT\u00dc<\/td>\n<td><\/td>\n<\/tr>\n<tr>\n<td>Video Kanal Say\u0131s\u0131<\/td>\n<td>4 Kanal BNC<\/td>\n<\/tr>\n<tr>\n<td>Bey HD Kamera Deste\u011fi<\/td>\n<td>4x(1280H\/960H\/D1)<\/td>\n<\/tr>\n<tr>\n<td>IP Kamera Deste\u011fi (NVR)<\/td>\n<td>8x1080P( Genel destek i\u00e7in tabloya bkz.)<\/td>\n<\/tr>\n<tr>\n<td>Hibrit Deste\u011fi (HVR)<\/td>\n<td>2x1280H + 2x1080P (Genel destek i\u00e7in tabloya bkz.)<\/td>\n<\/tr>\n<tr>\n<td>Video \u00c7\u0131k\u0131\u015f\u0131<\/td>\n<td>1xBNC\/1xVGA\/1xHDMI 1080P<\/td>\n<\/tr>\n<tr>\n<td class=\"auto-style1\">KAYIT<\/td>\n<td class=\"auto-style9\"><\/td>\n<\/tr>\n<tr>\n<td>Bey HD Kamera Deste\u011fi<\/td>\n<td>4x(1280H\/960H\/D1)<\/td>\n<\/tr>\n<tr>\n<td>IP Kamera Deste\u011fi (NVR)<\/td>\n<td>8x1080P( Genel destek i\u00e7in tabloya bkz.)<\/td>\n<\/tr>\n<tr>\n<td>Hibrit Deste\u011fi (HVR)<\/td>\n<td>2x1280H + 2x1080P (Genel destek i\u00e7in tabloya bkz.)<\/td>\n<\/tr>\n<tr>\n<td>\u00c7\u00f6z\u00fcn\u00fcrl\u00fck<\/td>\n<td class=\"auto-style11\">NTSC \u2013 CIF \/ D1\/ 960H \/1280H \/ 720P \/ 960P \/1080P<\/td>\n<\/tr>\n<tr>\n<td><\/td>\n<td>PAL \u2013 CIF \/ D1\/ 960H \/1280H \/ 720P \/ 960P \/1080P<\/td>\n<\/tr>\n<tr>\n<td>Kay\u0131t Modlar\u0131<\/td>\n<td>Manuel\u00a0\/ Alarm \/ Harekete Duyarl\u0131 \/ S\u00fcrekli<\/td>\n<\/tr>\n<tr>\n<td class=\"auto-style1\">SES<\/td>\n<td class=\"auto-style9\"><\/td>\n<\/tr>\n<tr>\n<td>Ses Giri\u015fi<\/td>\n<td>4 Kanal RCA<\/td>\n<\/tr>\n<tr>\n<td>Ses \u00c7\u0131k\u0131\u015f\u0131<\/td>\n<td>1 RCA\/HDMI<\/td>\n<\/tr>\n<tr>\n<td class=\"auto-style1\">KAYIT \u0130ZLEME<\/td>\n<td class=\"auto-style14\"><\/td>\n<\/tr>\n<tr>\n<td>Arama\u00a0 Modu<\/td>\n<td>Saat \/ Dakika \/ Alarm \/ Harekete Duyarl\u0131 \/ Tam Arama<\/td>\n<\/tr>\n<tr>\n<td>\u0130zleme Modu<\/td>\n<td>Normal \u0130zleme\/ \u0130leri H\u0131zl\u0131 \/ Geri H\u0131zl\u0131<\/td>\n<\/tr>\n<tr>\n<td>\u0130zleme Program\u0131<\/td>\n<td>General H.264 Player \/ Media Player<\/td>\n<\/tr>\n<tr>\n<td class=\"auto-style1\">DEPOLAMA<\/td>\n<td class=\"auto-style9\"><\/td>\n<\/tr>\n<tr>\n<td>HDD\u00a0Deste\u011fi<\/td>\n<td>1x SATA\u00a0 HDD<\/td>\n<\/tr>\n<tr>\n<td>Kapasite<\/td>\n<td>6TB HDD Deste\u011fi<\/td>\n<\/tr>\n<tr>\n<td class=\"auto-style1\">YEDEKLEME<\/td>\n<td class=\"auto-style9\"><\/td>\n<\/tr>\n<tr>\n<td>USB\u00a0Disk<\/td>\n<td>3x USB 2.0<\/td>\n<\/tr>\n<tr>\n<td>Yedek Format\u0131<\/td>\n<td>H.264\/ AVI<\/td>\n<\/tr>\n<tr>\n<td>Yedekleme Cihaz\u0131<\/td>\n<td>A\u011f\/USB\/USB HDD\/USB DVD<\/td>\n<\/tr>\n<tr>\n<td class=\"auto-style1\">PTZ<\/td>\n<td class=\"auto-style14\"><\/td>\n<\/tr>\n<tr>\n<td class=\"auto-style15\">PTZ<\/td>\n<td>Var<\/td>\n<\/tr>\n<tr>\n<td class=\"auto-style16\">Protokol<\/td>\n<td class=\"auto-style11\">PELCO-P \/ PELCO-D \/ HY \/ NEON \/ PANASONIC \/ SAMSUNG \/ PHILIPS \/ SANLI \/ SANTACHI \/ SHARP \/ SONY \/ YAAN<\/td>\n<\/tr>\n<\/tbody>\n<\/table>\n","protected":false},"excerpt":{"rendered":"<p>S\u0130STEM Video S\u0131k\u0131\u015ft\u0131rma Format\u0131 H.264 \u0130\u015flemci HI 3520 Video Sistemi NTSC \/ PAL \u0130\u015fletim Sistemi Linux G\u00d6R\u00dcNT\u00dc Video Kanal Say\u0131s\u0131 4 Kanal BNC Bey HD Kamera Deste\u011fi 4x(1280H\/960H\/D1) IP Kamera Deste\u011fi (NVR) 8x1080P( Genel destek i\u00e7in tabloya bkz.) Hibrit Deste\u011fi (HVR) 2x1280H + 2x1080P (Genel destek i\u00e7in tabloya bkz.) Video \u00c7\u0131k\u0131\u015f\u0131 1xBNC\/1xVGA\/1xHDMI 1080P KAYIT Bey [&hellip;]<\/p>\n","protected":false},"featured_media":1002,"comment_status":"open","ping_status":"closed","template":"","meta":[],"product_brand":[],"product_cat":[32],"product_tag":[],"class_list":{"0":"post-1001","1":"product","2":"type-product","3":"status-publish","4":"has-post-thumbnail","6":"product_cat-kayit-cihazlari","8":"first","9":"instock","10":"taxable","11":"shipping-taxable","12":"purchasable","13":"product-type-simple"},"_links":{"self":[{"href":"https:\/\/medyaeksper.com\/index.php?rest_route=\/wp\/v2\/product\/1001","targetHints":{"allow":["GET"]}}],"collection":[{"href":"https:\/\/medyaeksper.com\/index.php?rest_route=\/wp\/v2\/product"}],"about":[{"href":"https:\/\/medyaeksper.com\/index.php?rest_route=\/wp\/v2\/types\/product"}],"replies":[{"embeddable":true,"href":"https:\/\/medyaeksper.com\/index.php?rest_route=%2Fwp%2Fv2%2Fcomments&post=1001"}],"wp:featuredmedia":[{"embeddable":true,"href":"https:\/\/medyaeksper.com\/index.php?rest_route=\/wp\/v2\/media\/1002"}],"wp:attachment":[{"href":"https:\/\/medyaeksper.com\/index.php?rest_route=%2Fwp%2Fv2%2Fmedia&parent=1001"}],"wp:term":[{"taxonomy":"product_brand","embeddable":true,"href":"https:\/\/medyaeksper.com\/index.php?rest_route=%2Fwp%2Fv2%2Fproduct_brand&post=1001"},{"taxonomy":"product_cat","embeddable":true,"href":"https:\/\/medyaeksper.com\/index.php?rest_route=%2Fwp%2Fv2%2Fproduct_cat&post=1001"},{"taxonomy":"product_tag","embeddable":true,"href":"https:\/\/medyaeksper.com\/index.php?rest_route=%2Fwp%2Fv2%2Fproduct_tag&post=1001"}],"curies":[{"name":"wp","href":"https:\/\/api.w.org\/{rel}","templated":true}]}}