{"id":12,"date":"2022-06-10T13:56:15","date_gmt":"2022-06-10T13:56:15","guid":{"rendered":"http:\/\/medyaeksper.com\/?post_type=product&#038;p=12"},"modified":"2024-12-17T11:32:37","modified_gmt":"2024-12-17T08:32:37","slug":"samsung-shr-6164","status":"publish","type":"product","link":"https:\/\/medyaeksper.com\/?product=samsung-shr-6164","title":{"rendered":"Samsung SHR-6164"},"content":{"rendered":"<p>Samsung SHR-6164 16-Kanal-DVR CCTV MPEG-4 Dahili Web Viewer &#8211; Temiz, \u0130kinci El Dijital Video Kay\u0131t\u00e7\u0131s\u0131<\/p>\n","protected":false},"excerpt":{"rendered":"<p>Digital Video Recorder<\/p>\n","protected":false},"featured_media":43,"comment_status":"open","ping_status":"closed","template":"","meta":[],"product_brand":[],"product_cat":[15],"product_tag":[20,21,22],"class_list":{"0":"post-12","1":"product","2":"type-product","3":"status-publish","4":"has-post-thumbnail","6":"product_cat-genel","7":"product_tag-dvr","8":"product_tag-recorder","9":"product_tag-samsung","11":"first","12":"instock","13":"taxable","14":"shipping-taxable","15":"purchasable","16":"product-type-simple"},"_links":{"self":[{"href":"https:\/\/medyaeksper.com\/index.php?rest_route=\/wp\/v2\/product\/12","targetHints":{"allow":["GET"]}}],"collection":[{"href":"https:\/\/medyaeksper.com\/index.php?rest_route=\/wp\/v2\/product"}],"about":[{"href":"https:\/\/medyaeksper.com\/index.php?rest_route=\/wp\/v2\/types\/product"}],"replies":[{"embeddable":true,"href":"https:\/\/medyaeksper.com\/index.php?rest_route=%2Fwp%2Fv2%2Fcomments&post=12"}],"wp:featuredmedia":[{"embeddable":true,"href":"https:\/\/medyaeksper.com\/index.php?rest_route=\/wp\/v2\/media\/43"}],"wp:attachment":[{"href":"https:\/\/medyaeksper.com\/index.php?rest_route=%2Fwp%2Fv2%2Fmedia&parent=12"}],"wp:term":[{"taxonomy":"product_brand","embeddable":true,"href":"https:\/\/medyaeksper.com\/index.php?rest_route=%2Fwp%2Fv2%2Fproduct_brand&post=12"},{"taxonomy":"product_cat","embeddable":true,"href":"https:\/\/medyaeksper.com\/index.php?rest_route=%2Fwp%2Fv2%2Fproduct_cat&post=12"},{"taxonomy":"product_tag","embeddable":true,"href":"https:\/\/medyaeksper.com\/index.php?rest_route=%2Fwp%2Fv2%2Fproduct_tag&post=12"}],"curies":[{"name":"wp","href":"https:\/\/api.w.org\/{rel}","templated":true}]}}