{"id":1317,"date":"2023-09-08T15:08:32","date_gmt":"2023-09-08T12:08:32","guid":{"rendered":"https:\/\/medyaeksper.com\/?post_type=product&#038;p=1317"},"modified":"2024-12-17T11:29:00","modified_gmt":"2024-12-17T08:29:00","slug":"aston-origin-kardioid-kondenser-mikrofon","status":"publish","type":"product","link":"https:\/\/medyaeksper.com\/?product=aston-origin-kardioid-kondenser-mikrofon","title":{"rendered":"ASTON Origin Kardioid Kondenser Mikrofon"},"content":{"rendered":"<p>Astron Michrophones Filter Aston Microphones Input &#8211; \u00d6zel Olarak Tasarlanm\u0131\u015f Giri\u015fler Kal\u0131p Halinde bas\u0131l\u0131 giri\u015f k\u0131s\u0131mlar g\u00fc\u00e7l\u00fc ayakl\u0131k montaj\u0131 ve XLR giri\u015fi ek olarak servis s\u0131ras\u0131nda kolay mudahale edilebilir hale getirmektedir. \u0130\u00e7 \u015fok yok etme \u00f6zelli\u011fi ile istedi\u011finiz standa monte edebilirsiniz.<\/p>\n","protected":false},"excerpt":{"rendered":"<p><button id=\"showContact\"><strong>Fiyat Bilgisi \u0130\u00e7in T\u0131klay\u0131n<\/strong><\/button><\/p>\n<div id=\"contactPopup\" style=\"display: none;\"><strong>\u0130leti\u015fim i\u00e7in l\u00fctfen bize \u015fu numaradan ula\u015f\u0131n: <\/strong><a href=\"tel:02122228050\"><strong>0 (212) 222 8050<\/strong><\/a><\/div>\n<p><script>\ndocument.getElementById(\"showContact\").addEventListener(\"click\", function() {\n    document.getElementById(\"contactPopup\").style.display = \"block\";\n});\n<\/script><\/p>\n<style>\n\/* Buton Tasar\u0131m\u0131 *\/\n#showContact {\n    background-color: #007BFF;\n    color: #ffffff;\n    padding: 10px 20px;\n    border: none;\n    border-radius: 5px;\n    cursor: pointer;\n    transition: background-color 0.3s ease-in-out;\n}<\/p>\n<p>#showContact:hover {\n    background-color: #0056b3;\n}<\/p>\n<p>\/* Pop-up Tasar\u0131m\u0131 *\/\n#contactPopup {\n    background-color: #ffffff;\n    color: #333;\n    padding: 20px;\n    box-shadow: 0 0 10px rgba(0, 0, 0, 0.3);\n}<\/p>\n<p>\/* Pop-up G\u00f6sterim Animasyonu *\/\n#contactPopup.show {\n    display: block;\n    animation: fade-in 0.5s ease-in-out;\n}<\/p>\n<p>@keyframes fade-in {\n    from {\n        opacity: 0;\n    }\n    to {\n        opacity: 1;\n    }\n}\n<\/style>\n<p>&nbsp;<\/p>\n","protected":false},"featured_media":1318,"comment_status":"open","ping_status":"closed","template":"","meta":[],"product_brand":[],"product_cat":[23,105],"product_tag":[],"class_list":{"0":"post-1317","1":"product","2":"type-product","3":"status-publish","4":"has-post-thumbnail","6":"product_cat-yayin-cihazlari","7":"product_cat-mikrofon","9":"first","10":"instock","11":"taxable","12":"shipping-taxable","13":"product-type-simple"},"_links":{"self":[{"href":"https:\/\/medyaeksper.com\/index.php?rest_route=\/wp\/v2\/product\/1317","targetHints":{"allow":["GET"]}}],"collection":[{"href":"https:\/\/medyaeksper.com\/index.php?rest_route=\/wp\/v2\/product"}],"about":[{"href":"https:\/\/medyaeksper.com\/index.php?rest_route=\/wp\/v2\/types\/product"}],"replies":[{"embeddable":true,"href":"https:\/\/medyaeksper.com\/index.php?rest_route=%2Fwp%2Fv2%2Fcomments&post=1317"}],"wp:featuredmedia":[{"embeddable":true,"href":"https:\/\/medyaeksper.com\/index.php?rest_route=\/wp\/v2\/media\/1318"}],"wp:attachment":[{"href":"https:\/\/medyaeksper.com\/index.php?rest_route=%2Fwp%2Fv2%2Fmedia&parent=1317"}],"wp:term":[{"taxonomy":"product_brand","embeddable":true,"href":"https:\/\/medyaeksper.com\/index.php?rest_route=%2Fwp%2Fv2%2Fproduct_brand&post=1317"},{"taxonomy":"product_cat","embeddable":true,"href":"https:\/\/medyaeksper.com\/index.php?rest_route=%2Fwp%2Fv2%2Fproduct_cat&post=1317"},{"taxonomy":"product_tag","embeddable":true,"href":"https:\/\/medyaeksper.com\/index.php?rest_route=%2Fwp%2Fv2%2Fproduct_tag&post=1317"}],"curies":[{"name":"wp","href":"https:\/\/api.w.org\/{rel}","templated":true}]}}