{"id":1326,"date":"2023-09-08T15:38:21","date_gmt":"2023-09-08T12:38:21","guid":{"rendered":"https:\/\/medyaeksper.com\/?post_type=product&#038;p=1326"},"modified":"2026-03-12T12:28:56","modified_gmt":"2026-03-12T09:28:56","slug":"m-audio-m-track-2x2-ses-karti","status":"publish","type":"product","link":"https:\/\/medyaeksper.com\/?product=m-audio-m-track-2x2-ses-karti","title":{"rendered":"M-AUDIO M-Track 2X2 Ses Kart\u0131"},"content":{"rendered":"","protected":false},"excerpt":{"rendered":"<p>M-Track 2&#215;2 ve 2x2M C-serisi ses kartlar\u0131 ile kullan\u0131m\u0131 kolay, sezgisel bir ara birim \u00fczerinden st\u00fcdyo kalitesinde kusursuz 24-bit \/ 192 kHz kay\u0131t al\u0131p prod\u00fcksiyon yapabilirsiniz<\/p>\n","protected":false},"featured_media":1327,"comment_status":"open","ping_status":"closed","template":"","meta":[],"product_brand":[],"product_cat":[23,72],"product_tag":[],"class_list":{"0":"post-1326","1":"product","2":"type-product","3":"status-publish","4":"has-post-thumbnail","6":"product_cat-yayin-cihazlari","7":"product_cat-mikser","9":"first","10":"instock","11":"taxable","12":"shipping-taxable","13":"purchasable","14":"product-type-simple"},"_links":{"self":[{"href":"https:\/\/medyaeksper.com\/index.php?rest_route=\/wp\/v2\/product\/1326","targetHints":{"allow":["GET"]}}],"collection":[{"href":"https:\/\/medyaeksper.com\/index.php?rest_route=\/wp\/v2\/product"}],"about":[{"href":"https:\/\/medyaeksper.com\/index.php?rest_route=\/wp\/v2\/types\/product"}],"replies":[{"embeddable":true,"href":"https:\/\/medyaeksper.com\/index.php?rest_route=%2Fwp%2Fv2%2Fcomments&post=1326"}],"wp:featuredmedia":[{"embeddable":true,"href":"https:\/\/medyaeksper.com\/index.php?rest_route=\/wp\/v2\/media\/1327"}],"wp:attachment":[{"href":"https:\/\/medyaeksper.com\/index.php?rest_route=%2Fwp%2Fv2%2Fmedia&parent=1326"}],"wp:term":[{"taxonomy":"product_brand","embeddable":true,"href":"https:\/\/medyaeksper.com\/index.php?rest_route=%2Fwp%2Fv2%2Fproduct_brand&post=1326"},{"taxonomy":"product_cat","embeddable":true,"href":"https:\/\/medyaeksper.com\/index.php?rest_route=%2Fwp%2Fv2%2Fproduct_cat&post=1326"},{"taxonomy":"product_tag","embeddable":true,"href":"https:\/\/medyaeksper.com\/index.php?rest_route=%2Fwp%2Fv2%2Fproduct_tag&post=1326"}],"curies":[{"name":"wp","href":"https:\/\/api.w.org\/{rel}","templated":true}]}}