{"id":1338,"date":"2023-09-11T11:21:01","date_gmt":"2023-09-11T08:21:01","guid":{"rendered":"https:\/\/medyaeksper.com\/?post_type=product&#038;p=1338"},"modified":"2026-03-23T16:48:42","modified_gmt":"2026-03-23T13:48:42","slug":"akg-c-747-professional-shotgun-condenser-microphone","status":"publish","type":"product","link":"https:\/\/medyaeksper.com\/?product=akg-c-747-professional-shotgun-condenser-microphone","title":{"rendered":"AKG C-747 Professional Shotgun Condenser Microphone"},"content":{"rendered":"","protected":false},"excerpt":{"rendered":"<ul>\n<li>Hypercardioid<\/li>\n<li>Frekans aral\u0131\u011f\u0131 30 18.000 Hz<\/li>\n<li>Hassasiyet 8.5 mV \/ Pa ( -42 dBV )<\/li>\n<li>Max . SPL 133 dB<\/li>\n<\/ul>\n","protected":false},"featured_media":1339,"comment_status":"open","ping_status":"closed","template":"","meta":[],"product_brand":[],"product_cat":[23,105],"product_tag":[],"class_list":{"0":"post-1338","1":"product","2":"type-product","3":"status-publish","4":"has-post-thumbnail","6":"product_cat-yayin-cihazlari","7":"product_cat-mikrofon","9":"first","10":"instock","11":"taxable","12":"shipping-taxable","13":"purchasable","14":"product-type-simple"},"_links":{"self":[{"href":"https:\/\/medyaeksper.com\/index.php?rest_route=\/wp\/v2\/product\/1338","targetHints":{"allow":["GET"]}}],"collection":[{"href":"https:\/\/medyaeksper.com\/index.php?rest_route=\/wp\/v2\/product"}],"about":[{"href":"https:\/\/medyaeksper.com\/index.php?rest_route=\/wp\/v2\/types\/product"}],"replies":[{"embeddable":true,"href":"https:\/\/medyaeksper.com\/index.php?rest_route=%2Fwp%2Fv2%2Fcomments&post=1338"}],"wp:featuredmedia":[{"embeddable":true,"href":"https:\/\/medyaeksper.com\/index.php?rest_route=\/wp\/v2\/media\/1339"}],"wp:attachment":[{"href":"https:\/\/medyaeksper.com\/index.php?rest_route=%2Fwp%2Fv2%2Fmedia&parent=1338"}],"wp:term":[{"taxonomy":"product_brand","embeddable":true,"href":"https:\/\/medyaeksper.com\/index.php?rest_route=%2Fwp%2Fv2%2Fproduct_brand&post=1338"},{"taxonomy":"product_cat","embeddable":true,"href":"https:\/\/medyaeksper.com\/index.php?rest_route=%2Fwp%2Fv2%2Fproduct_cat&post=1338"},{"taxonomy":"product_tag","embeddable":true,"href":"https:\/\/medyaeksper.com\/index.php?rest_route=%2Fwp%2Fv2%2Fproduct_tag&post=1338"}],"curies":[{"name":"wp","href":"https:\/\/api.w.org\/{rel}","templated":true}]}}