{"id":1343,"date":"2023-09-11T11:41:03","date_gmt":"2023-09-11T08:41:03","guid":{"rendered":"https:\/\/medyaeksper.com\/?post_type=product&#038;p=1343"},"modified":"2026-04-14T05:12:16","modified_gmt":"2026-04-14T02:12:16","slug":"1343","status":"publish","type":"product","link":"https:\/\/medyaeksper.com\/?product=1343","title":{"rendered":"SENNHEISER EW-135 G3"},"content":{"rendered":"","protected":false},"excerpt":{"rendered":"<ul>\n<li>Sa\u011flam metal d\u0131\u015f yap\u0131 (verici ve al\u0131c\u0131)<\/li>\n<li>42 MHz bant geni\u015fli\u011fi: parazitsiz sinyal al\u0131m\u0131 yapabilmek i\u00e7in 1680 tane ayarlanabilen UHF frekans\u0131<\/li>\n<li>Maksimum 12 adet uyumlu frekansa sahip, geli\u015ftirilmi\u015f frekans banka sistemi<\/li>\n<li>Y\u00fcksek kalitede true diversity al\u0131m\u0131<\/li>\n<li>Vericinin kapal\u0131 oldu\u011fu durumlarda, RF interferans\u0131n\u0131 (parazit) en aza indirmek i\u00e7in kullan\u0131lan pilot tonu susturucusu<\/li>\n<li>Mevcut frekanslar\u0131 tarayan Otomatik Frekans Taray\u0131c\u0131s\u0131<\/li>\n<li>Geni\u015fletilmi\u015f AF frekans aral\u0131\u011f\u0131<\/li>\n<li>Artt\u0131r\u0131lm\u0131\u015f ses hassasiyet aral\u0131\u011f\u0131<\/li>\n<\/ul>\n","protected":false},"featured_media":1344,"comment_status":"open","ping_status":"closed","template":"","meta":[],"product_brand":[],"product_cat":[23,105],"product_tag":[],"class_list":{"0":"post-1343","1":"product","2":"type-product","3":"status-publish","4":"has-post-thumbnail","6":"product_cat-yayin-cihazlari","7":"product_cat-mikrofon","9":"first","10":"instock","11":"taxable","12":"shipping-taxable","13":"purchasable","14":"product-type-simple"},"_links":{"self":[{"href":"https:\/\/medyaeksper.com\/index.php?rest_route=\/wp\/v2\/product\/1343","targetHints":{"allow":["GET"]}}],"collection":[{"href":"https:\/\/medyaeksper.com\/index.php?rest_route=\/wp\/v2\/product"}],"about":[{"href":"https:\/\/medyaeksper.com\/index.php?rest_route=\/wp\/v2\/types\/product"}],"replies":[{"embeddable":true,"href":"https:\/\/medyaeksper.com\/index.php?rest_route=%2Fwp%2Fv2%2Fcomments&post=1343"}],"wp:featuredmedia":[{"embeddable":true,"href":"https:\/\/medyaeksper.com\/index.php?rest_route=\/wp\/v2\/media\/1344"}],"wp:attachment":[{"href":"https:\/\/medyaeksper.com\/index.php?rest_route=%2Fwp%2Fv2%2Fmedia&parent=1343"}],"wp:term":[{"taxonomy":"product_brand","embeddable":true,"href":"https:\/\/medyaeksper.com\/index.php?rest_route=%2Fwp%2Fv2%2Fproduct_brand&post=1343"},{"taxonomy":"product_cat","embeddable":true,"href":"https:\/\/medyaeksper.com\/index.php?rest_route=%2Fwp%2Fv2%2Fproduct_cat&post=1343"},{"taxonomy":"product_tag","embeddable":true,"href":"https:\/\/medyaeksper.com\/index.php?rest_route=%2Fwp%2Fv2%2Fproduct_tag&post=1343"}],"curies":[{"name":"wp","href":"https:\/\/api.w.org\/{rel}","templated":true}]}}