{"id":1351,"date":"2023-09-20T12:26:47","date_gmt":"2023-09-20T09:26:47","guid":{"rendered":"https:\/\/medyaeksper.com\/?post_type=product&#038;p=1351"},"modified":"2026-04-14T05:14:55","modified_gmt":"2026-04-14T02:14:55","slug":"mcl-mt3200a-400-watt-ku-band-rack-mount-indoor","status":"publish","type":"product","link":"https:\/\/medyaeksper.com\/?product=mcl-mt3200a-400-watt-ku-band-rack-mount-indoor","title":{"rendered":"MCL MT3200A 400 Watt Ku-Band Rack Mount Indoor"},"content":{"rendered":"<p>MCL MT3200A 400 Watt Ku-Band Rack Mount i\u00e7 mek\u00e2n amplifikat\u00f6r\u00fc, Ku-Band frekanslar\u0131nda iletim i\u015flemi sa\u011flar ve tek bir iplik sistemi olarak veya yedekli 1:1 veya 1:2 sistem olarak yap\u0131land\u0131r\u0131labilir. \u00c7ok y\u00f6nl\u00fc MT3200A serisi amplifikat\u00f6rler, son derece y\u00fcksek g\u00fc\u00e7 ve g\u00fcvenilirlik gerektiren uydu y\u00fckseltme uygulamalar\u0131 i\u00e7in olduk\u00e7a g\u00fcvenilir ve maliyet etkin bir TWTA \u00e7\u00f6z\u00fcm\u00fcd\u00fcr.<\/p>\n","protected":false},"excerpt":{"rendered":"<p><strong>F\u0130YAT B\u0130LG\u0130S\u0130 \u0130\u00c7\u0130N \u0130LET\u0130\u015e\u0130ME GE\u00c7\u0130N\u0130Z.<\/strong><\/p>\n","protected":false},"featured_media":1352,"comment_status":"open","ping_status":"closed","template":"","meta":[],"product_brand":[],"product_cat":[23,109],"product_tag":[],"class_list":{"0":"post-1351","1":"product","2":"type-product","3":"status-publish","4":"has-post-thumbnail","6":"product_cat-yayin-cihazlari","7":"product_cat-hpa","9":"first","10":"instock","11":"taxable","12":"shipping-taxable","13":"purchasable","14":"product-type-simple"},"_links":{"self":[{"href":"https:\/\/medyaeksper.com\/index.php?rest_route=\/wp\/v2\/product\/1351","targetHints":{"allow":["GET"]}}],"collection":[{"href":"https:\/\/medyaeksper.com\/index.php?rest_route=\/wp\/v2\/product"}],"about":[{"href":"https:\/\/medyaeksper.com\/index.php?rest_route=\/wp\/v2\/types\/product"}],"replies":[{"embeddable":true,"href":"https:\/\/medyaeksper.com\/index.php?rest_route=%2Fwp%2Fv2%2Fcomments&post=1351"}],"wp:featuredmedia":[{"embeddable":true,"href":"https:\/\/medyaeksper.com\/index.php?rest_route=\/wp\/v2\/media\/1352"}],"wp:attachment":[{"href":"https:\/\/medyaeksper.com\/index.php?rest_route=%2Fwp%2Fv2%2Fmedia&parent=1351"}],"wp:term":[{"taxonomy":"product_brand","embeddable":true,"href":"https:\/\/medyaeksper.com\/index.php?rest_route=%2Fwp%2Fv2%2Fproduct_brand&post=1351"},{"taxonomy":"product_cat","embeddable":true,"href":"https:\/\/medyaeksper.com\/index.php?rest_route=%2Fwp%2Fv2%2Fproduct_cat&post=1351"},{"taxonomy":"product_tag","embeddable":true,"href":"https:\/\/medyaeksper.com\/index.php?rest_route=%2Fwp%2Fv2%2Fproduct_tag&post=1351"}],"curies":[{"name":"wp","href":"https:\/\/api.w.org\/{rel}","templated":true}]}}