{"id":1374,"date":"2023-09-19T14:52:04","date_gmt":"2023-09-19T11:52:04","guid":{"rendered":"https:\/\/medyaeksper.com\/?post_type=product&#038;p=1374"},"modified":"2026-04-14T05:12:53","modified_gmt":"2026-04-14T02:12:53","slug":"cpi-vzu6994ac-400w-indoor","status":"publish","type":"product","link":"https:\/\/medyaeksper.com\/?product=cpi-vzu6994ac-400w-indoor","title":{"rendered":"CPI VZU6994AC 400W INDOOR"},"content":{"rendered":"","protected":false},"excerpt":{"rendered":"<p>Ku-Band frekans aral\u0131\u011f\u0131nda geni\u015fbant, tek ve \u00e7ok ta\u015f\u0131y\u0131c\u0131l\u0131 uydu hizmeti i\u00e7in 3 raf \u00fcnitesi paketinde 400 watt&#8217;a kadar g\u00fc\u00e7 sa\u011flar. Alan ve ana g\u00fcc\u00fcn k\u0131s\u0131tl\u0131 oldu\u011fu ta\u015f\u0131nabilir ve sabit yer istasyonu uygulamalar\u0131 i\u00e7in idealdir.<\/p>\n","protected":false},"featured_media":1375,"comment_status":"open","ping_status":"closed","template":"","meta":[],"product_brand":[],"product_cat":[23,109],"product_tag":[],"class_list":{"0":"post-1374","1":"product","2":"type-product","3":"status-publish","4":"has-post-thumbnail","6":"product_cat-yayin-cihazlari","7":"product_cat-hpa","9":"first","10":"instock","11":"taxable","12":"shipping-taxable","13":"purchasable","14":"product-type-simple"},"_links":{"self":[{"href":"https:\/\/medyaeksper.com\/index.php?rest_route=\/wp\/v2\/product\/1374","targetHints":{"allow":["GET"]}}],"collection":[{"href":"https:\/\/medyaeksper.com\/index.php?rest_route=\/wp\/v2\/product"}],"about":[{"href":"https:\/\/medyaeksper.com\/index.php?rest_route=\/wp\/v2\/types\/product"}],"replies":[{"embeddable":true,"href":"https:\/\/medyaeksper.com\/index.php?rest_route=%2Fwp%2Fv2%2Fcomments&post=1374"}],"wp:featuredmedia":[{"embeddable":true,"href":"https:\/\/medyaeksper.com\/index.php?rest_route=\/wp\/v2\/media\/1375"}],"wp:attachment":[{"href":"https:\/\/medyaeksper.com\/index.php?rest_route=%2Fwp%2Fv2%2Fmedia&parent=1374"}],"wp:term":[{"taxonomy":"product_brand","embeddable":true,"href":"https:\/\/medyaeksper.com\/index.php?rest_route=%2Fwp%2Fv2%2Fproduct_brand&post=1374"},{"taxonomy":"product_cat","embeddable":true,"href":"https:\/\/medyaeksper.com\/index.php?rest_route=%2Fwp%2Fv2%2Fproduct_cat&post=1374"},{"taxonomy":"product_tag","embeddable":true,"href":"https:\/\/medyaeksper.com\/index.php?rest_route=%2Fwp%2Fv2%2Fproduct_tag&post=1374"}],"curies":[{"name":"wp","href":"https:\/\/api.w.org\/{rel}","templated":true}]}}