{"id":1377,"date":"2023-09-22T12:59:20","date_gmt":"2023-09-22T09:59:20","guid":{"rendered":"https:\/\/medyaeksper.com\/?post_type=product&#038;p=1377"},"modified":"2024-12-17T11:32:37","modified_gmt":"2024-12-17T08:32:37","slug":"snell-kahuna-3me-hd-vision-video-switcher","status":"publish","type":"product","link":"https:\/\/medyaeksper.com\/?product=snell-kahuna-3me-hd-vision-video-switcher","title":{"rendered":"Snell Kahuna 3ME HD Vision\/Video Switcher"},"content":{"rendered":"","protected":false},"excerpt":{"rendered":"<p>Kahuna, h\u0131zl\u0131 tempolu canl\u0131 \u00fcretim ortamlar\u0131 i\u00e7in tasarlanm\u0131\u015ft\u0131r ve kapsaml\u0131 ve \u00e7ok y\u00f6nl\u00fc bir \u00f6zellik setini, bir switcherde daha \u00f6nce g\u00f6r\u00fclmemi\u015f en yenilik\u00e7i sinyal i\u015fleme yetene\u011fiyle birle\u015ftirir.Kahuna, d\u00fcnyan\u0131n ilk ger\u00e7ek \u00e7ok formatl\u0131 switcher&#8217;\u0131d\u0131r. Ayn\u0131 ana \u00e7er\u00e7evede, ayn\u0131 kontrol paneli ile ayn\u0131 anda Y\u00fcksek \u00c7\u00f6z\u00fcn\u00fcrl\u00fck ve Standart \u00c7\u00f6z\u00fcn\u00fcrl\u00fck i\u015flemi sunar.<br \/>\n80 HD\/SD-SDI giri\u015f<br \/>\n12 Programlanabilir ME \u00e7\u0131k\u0131\u015f\u0131 (her ME&#8217;nin 4 \u00e7\u0131k\u0131\u015f\u0131 vard\u0131r)<br \/>\n3D DVE<br \/>\n12 Depo<br \/>\n16 AUX&#8217;lar; 12 AUX \u00c7\u0131k\u0131\u015f\u0131 ve 4 dahili AUX<br \/>\nRenk d\u00fczeltme vb.<br \/>\nFormat Fusion ile ayn\u0131 anda HD ve SD kaynaklara sahip olabilirsiniz.<\/p>\n","protected":false},"featured_media":1378,"comment_status":"open","ping_status":"closed","template":"","meta":[],"product_brand":[],"product_cat":[15],"product_tag":[],"class_list":{"0":"post-1377","1":"product","2":"type-product","3":"status-publish","4":"has-post-thumbnail","6":"product_cat-genel","8":"first","9":"instock","10":"taxable","11":"shipping-taxable","12":"purchasable","13":"product-type-simple"},"_links":{"self":[{"href":"https:\/\/medyaeksper.com\/index.php?rest_route=\/wp\/v2\/product\/1377","targetHints":{"allow":["GET"]}}],"collection":[{"href":"https:\/\/medyaeksper.com\/index.php?rest_route=\/wp\/v2\/product"}],"about":[{"href":"https:\/\/medyaeksper.com\/index.php?rest_route=\/wp\/v2\/types\/product"}],"replies":[{"embeddable":true,"href":"https:\/\/medyaeksper.com\/index.php?rest_route=%2Fwp%2Fv2%2Fcomments&post=1377"}],"wp:featuredmedia":[{"embeddable":true,"href":"https:\/\/medyaeksper.com\/index.php?rest_route=\/wp\/v2\/media\/1378"}],"wp:attachment":[{"href":"https:\/\/medyaeksper.com\/index.php?rest_route=%2Fwp%2Fv2%2Fmedia&parent=1377"}],"wp:term":[{"taxonomy":"product_brand","embeddable":true,"href":"https:\/\/medyaeksper.com\/index.php?rest_route=%2Fwp%2Fv2%2Fproduct_brand&post=1377"},{"taxonomy":"product_cat","embeddable":true,"href":"https:\/\/medyaeksper.com\/index.php?rest_route=%2Fwp%2Fv2%2Fproduct_cat&post=1377"},{"taxonomy":"product_tag","embeddable":true,"href":"https:\/\/medyaeksper.com\/index.php?rest_route=%2Fwp%2Fv2%2Fproduct_tag&post=1377"}],"curies":[{"name":"wp","href":"https:\/\/api.w.org\/{rel}","templated":true}]}}