{"id":144,"date":"2022-06-10T14:01:56","date_gmt":"2022-06-10T14:01:56","guid":{"rendered":"http:\/\/medyaeksper.com\/?post_type=product&#038;p=144"},"modified":"2024-12-17T11:29:44","modified_gmt":"2024-12-17T08:29:44","slug":"canon-zoom-lens-if-20x-yj20x8-5b4-krs-2","status":"publish","type":"product","link":"https:\/\/medyaeksper.com\/?product=canon-zoom-lens-if-20x-yj20x8-5b4-krs-2","title":{"rendered":"Canon Zoom Lens IF 20x YJ20x8.5B4 KRS"},"content":{"rendered":"<p>Model: YJ20x8.5B4,<\/p>\n<p>Tip: KRS,<\/p>\n<p>Diyafram: 1:1.8mm,<\/p>\n<p>G\u00f6r\u00fc\u015f A\u00e7\u0131s\u0131: 8.5-170mm<\/p>\n","protected":false},"excerpt":{"rendered":"<p>Professional Video Camera Lens<\/p>\n","protected":false},"featured_media":205,"comment_status":"open","ping_status":"closed","template":"","meta":[],"product_brand":[],"product_cat":[54,93,76,77],"product_tag":[],"class_list":{"0":"post-144","1":"product","2":"type-product","3":"status-publish","4":"has-post-thumbnail","6":"product_cat-aksesuar","7":"product_cat-video-kamera-lensi","8":"product_cat-kamera","9":"product_cat-profesyonel-kamera","11":"first","12":"instock","13":"taxable","14":"shipping-taxable","15":"purchasable","16":"product-type-simple"},"_links":{"self":[{"href":"https:\/\/medyaeksper.com\/index.php?rest_route=\/wp\/v2\/product\/144","targetHints":{"allow":["GET"]}}],"collection":[{"href":"https:\/\/medyaeksper.com\/index.php?rest_route=\/wp\/v2\/product"}],"about":[{"href":"https:\/\/medyaeksper.com\/index.php?rest_route=\/wp\/v2\/types\/product"}],"replies":[{"embeddable":true,"href":"https:\/\/medyaeksper.com\/index.php?rest_route=%2Fwp%2Fv2%2Fcomments&post=144"}],"wp:featuredmedia":[{"embeddable":true,"href":"https:\/\/medyaeksper.com\/index.php?rest_route=\/wp\/v2\/media\/205"}],"wp:attachment":[{"href":"https:\/\/medyaeksper.com\/index.php?rest_route=%2Fwp%2Fv2%2Fmedia&parent=144"}],"wp:term":[{"taxonomy":"product_brand","embeddable":true,"href":"https:\/\/medyaeksper.com\/index.php?rest_route=%2Fwp%2Fv2%2Fproduct_brand&post=144"},{"taxonomy":"product_cat","embeddable":true,"href":"https:\/\/medyaeksper.com\/index.php?rest_route=%2Fwp%2Fv2%2Fproduct_cat&post=144"},{"taxonomy":"product_tag","embeddable":true,"href":"https:\/\/medyaeksper.com\/index.php?rest_route=%2Fwp%2Fv2%2Fproduct_tag&post=144"}],"curies":[{"name":"wp","href":"https:\/\/api.w.org\/{rel}","templated":true}]}}