{"id":1450,"date":"2023-11-08T12:35:29","date_gmt":"2023-11-08T09:35:29","guid":{"rendered":"https:\/\/medyaeksper.com\/?post_type=product&#038;p=1450"},"modified":"2025-11-01T09:28:58","modified_gmt":"2025-11-01T06:28:58","slug":"makito-x-h-264-video-encoder","status":"publish","type":"product","link":"https:\/\/medyaeksper.com\/?product=makito-x-h-264-video-encoder","title":{"rendered":"Makito X H.264 Video Encoder"},"content":{"rendered":"<p>\u0130ngilizce : <\/p>\n<p>Haivision\u2019s award-winning Makito X H.264 encoder transports secure, low latency, HD video over any network at extremely low bitrates, making it ideal for live, interactive and bandwidth constrained applications.<\/p>\n<p>The Makito X encoder is available as an ultra compact SDI or DVI encoding appliance, with optional fixed or removable storage, in a fanless enclosure, or as a blade for use within a high density 1RU (6 blades) or 4RU (21 blades) chassis.<\/p>\n<p>T\u00fcrk\u00e7e:<\/p>\n<p>Haivision&#8217;\u0131n \u00f6d\u00fcll\u00fc Makito X H.264 kodlay\u0131c\u0131s\u0131, herhangi bir a\u011f \u00fczerinde d\u00fc\u015f\u00fck veri h\u0131zlar\u0131nda g\u00fcvenli, d\u00fc\u015f\u00fck gecikmeli HD video ta\u015f\u0131r ve bu nedenle canl\u0131, etkile\u015fimli ve bant geni\u015fli\u011fi s\u0131n\u0131rl\u0131 uygulamalar i\u00e7in idealdir.<\/p>\n<p>Makito X kodlay\u0131c\u0131, ultra kompakt bir SDI veya DVI kodlama cihaz\u0131 olarak sunulur ve iste\u011fe ba\u011fl\u0131 sabit veya \u00e7\u0131kar\u0131labilir depolama se\u00e7enekleriyle gelir. Fanl\u0131 bir muhafaza i\u00e7inde veya y\u00fcksek yo\u011funluklu 1RU (6 b\u0131\u00e7ak) veya 4RU (21 b\u0131\u00e7ak) \u015fasi i\u00e7inde kullan\u0131m i\u00e7in bir b\u0131\u00e7ak olarak da bulunmaktad\u0131r.<\/p>\n","protected":false},"excerpt":{"rendered":"<p><button id=\"showContact\"><strong>Fiyat Bilgisi \u0130\u00e7in T\u0131klay\u0131n<\/strong><\/button><\/p>\n<div id=\"contactPopup\" style=\"display: none;\"><strong>\u0130leti\u015fim i\u00e7in l\u00fctfen bize \u015fu numaradan ula\u015f\u0131n: <\/strong><a href=\"tel:02122228050\"><strong>0 (212) 222 8050<\/strong><\/a><\/div>\n<p><script>\ndocument.getElementById(\"showContact\").addEventListener(\"click\", function() {\n    document.getElementById(\"contactPopup\").style.display = \"block\";\n});\n<\/script><\/p>\n<style>\n\/* Buton Tasar\u0131m\u0131 *\/\n#showContact {\n    background-color: #007BFF;\n    color: #ffffff;\n    padding: 10px 20px;\n    border: none;\n    border-radius: 5px;\n    cursor: pointer;\n    transition: background-color 0.3s ease-in-out;\n}<\/p>\n<p>#showContact:hover {\n    background-color: #0056b3;\n}<\/p>\n<p>\/* Pop-up Tasar\u0131m\u0131 *\/\n#contactPopup {\n    background-color: #ffffff;\n    color: #333;\n    padding: 20px;\n    box-shadow: 0 0 10px rgba(0, 0, 0, 0.3);\n}<\/p>\n<p>\/* Pop-up G\u00f6sterim Animasyonu *\/\n#contactPopup.show {\n    display: block;\n    animation: fade-in 0.5s ease-in-out;\n}<\/p>\n<p>@keyframes fade-in {\n    from {\n        opacity: 0;\n    }\n    to {\n        opacity: 1;\n    }\n}\n<\/style>\n<p>&nbsp;<\/p>\n<p>Datasheet i\u00e7in bilgi isteyiniz.<\/p>\n","protected":false},"featured_media":1453,"comment_status":"open","ping_status":"closed","template":"","meta":[],"product_brand":[],"product_cat":[116,155,152,23,113],"product_tag":[],"class_list":{"0":"post-1450","1":"product","2":"type-product","3":"status-publish","4":"has-post-thumbnail","6":"product_cat-encoder","7":"product_cat-makito-x-h-264","8":"product_cat-iptv-distribution","9":"product_cat-yayin-cihazlari","10":"product_cat-aviwest","12":"first","13":"outofstock","14":"taxable","15":"shipping-taxable","16":"product-type-simple"},"_links":{"self":[{"href":"https:\/\/medyaeksper.com\/index.php?rest_route=\/wp\/v2\/product\/1450","targetHints":{"allow":["GET"]}}],"collection":[{"href":"https:\/\/medyaeksper.com\/index.php?rest_route=\/wp\/v2\/product"}],"about":[{"href":"https:\/\/medyaeksper.com\/index.php?rest_route=\/wp\/v2\/types\/product"}],"replies":[{"embeddable":true,"href":"https:\/\/medyaeksper.com\/index.php?rest_route=%2Fwp%2Fv2%2Fcomments&post=1450"}],"wp:featuredmedia":[{"embeddable":true,"href":"https:\/\/medyaeksper.com\/index.php?rest_route=\/wp\/v2\/media\/1453"}],"wp:attachment":[{"href":"https:\/\/medyaeksper.com\/index.php?rest_route=%2Fwp%2Fv2%2Fmedia&parent=1450"}],"wp:term":[{"taxonomy":"product_brand","embeddable":true,"href":"https:\/\/medyaeksper.com\/index.php?rest_route=%2Fwp%2Fv2%2Fproduct_brand&post=1450"},{"taxonomy":"product_cat","embeddable":true,"href":"https:\/\/medyaeksper.com\/index.php?rest_route=%2Fwp%2Fv2%2Fproduct_cat&post=1450"},{"taxonomy":"product_tag","embeddable":true,"href":"https:\/\/medyaeksper.com\/index.php?rest_route=%2Fwp%2Fv2%2Fproduct_tag&post=1450"}],"curies":[{"name":"wp","href":"https:\/\/api.w.org\/{rel}","templated":true}]}}