{"id":1454,"date":"2023-11-08T13:06:16","date_gmt":"2023-11-08T10:06:16","guid":{"rendered":"https:\/\/medyaeksper.com\/?post_type=product&#038;p=1454"},"modified":"2024-12-17T11:30:17","modified_gmt":"2024-12-17T08:30:17","slug":"haivision-makito-x4-decoder","status":"publish","type":"product","link":"https:\/\/medyaeksper.com\/?product=haivision-makito-x4-decoder","title":{"rendered":"Haivision Makito X4 Decoder"},"content":{"rendered":"<p>Capable of encoding and decoding video in real-time with 8- or 10-bit pixel depths, PQ and HLG transfer functions for HDR, and 4:2:0 or 4:2:2<br \/>\nchroma subsampling, Makito X4 Encoders and Decoders support the most demanding low latency end-to-end applications.<br \/>\nFeaturing Haivision\u2019s unique Stream Sync technology, ensure synchronization of multiple IP streams based on timecode embedded by Makito X4<br \/>\nEncoders. Stream Sync supports multi-camera remote production of live video over IP networks including the internet, providing a cost-effective<br \/>\nalternative to satellite and dedicated fiber networks and reduces the costs associated with deploying large teams of personnel &#038; resources at<br \/>\nremote event locations.<br \/>\nThe Makito X4 Video Encoder and Video Decoder are both available as either an appliance or a blade and offer the highest density of video<br \/>\nencoding and decoding available on the market with up to 84 HD or 21 UHD video channels within a single 4RU rack module.<\/p>\n<p>Data sheet i\u00e7in bilgi isteyiniz.<\/p>\n","protected":false},"excerpt":{"rendered":"<p><button id=\"showContact\"><strong>Fiyat ve Datasheet Bilgisi \u0130\u00e7in T\u0131klay\u0131n<\/strong><\/button><\/p>\n<div id=\"contactPopup\" style=\"display: none;\"><strong>\u0130leti\u015fim i\u00e7in l\u00fctfen bize \u015fu numaradan ula\u015f\u0131n: <\/strong><a href=\"tel:02122228050\"><strong>0 (212) 222 8050<\/strong><\/a><\/div>\n<p><script>\ndocument.getElementById(\"showContact\").addEventListener(\"click\", function() {\n    document.getElementById(\"contactPopup\").style.display = \"block\";\n});\n<\/script><\/p>\n<style>\n\/* Buton Tasar\u0131m\u0131 *\/\n#showContact {\n    background-color: #007BFF;\n    color: #ffffff;\n    padding: 10px 20px;\n    border: none;\n    border-radius: 5px;\n    cursor: pointer;\n    transition: background-color 0.3s ease-in-out;\n}<\/p>\n<p>#showContact:hover {\n    background-color: #0056b3;\n}<\/p>\n<p>\/* Pop-up Tasar\u0131m\u0131 *\/\n#contactPopup {\n    background-color: #ffffff;\n    color: #333;\n    padding: 20px;\n    box-shadow: 0 0 10px rgba(0, 0, 0, 0.3);\n}<\/p>\n<p>\/* Pop-up G\u00f6sterim Animasyonu *\/\n#contactPopup.show {\n    display: block;\n    animation: fade-in 0.5s ease-in-out;\n}<\/p>\n<p>@keyframes fade-in {\n    from {\n        opacity: 0;\n    }\n    to {\n        opacity: 1;\n    }\n}\n<\/style>\n<p>&nbsp;<\/p>\n","protected":false},"featured_media":1455,"comment_status":"open","ping_status":"closed","template":"","meta":[],"product_brand":[],"product_cat":[147,156,113],"product_tag":[],"class_list":{"0":"post-1454","1":"product","2":"type-product","3":"status-publish","4":"has-post-thumbnail","6":"product_cat-live-video-contribution","7":"product_cat-makito-x4-decoder","8":"product_cat-aviwest","10":"first","11":"outofstock","12":"taxable","13":"shipping-taxable","14":"product-type-simple"},"_links":{"self":[{"href":"https:\/\/medyaeksper.com\/index.php?rest_route=\/wp\/v2\/product\/1454","targetHints":{"allow":["GET"]}}],"collection":[{"href":"https:\/\/medyaeksper.com\/index.php?rest_route=\/wp\/v2\/product"}],"about":[{"href":"https:\/\/medyaeksper.com\/index.php?rest_route=\/wp\/v2\/types\/product"}],"replies":[{"embeddable":true,"href":"https:\/\/medyaeksper.com\/index.php?rest_route=%2Fwp%2Fv2%2Fcomments&post=1454"}],"wp:featuredmedia":[{"embeddable":true,"href":"https:\/\/medyaeksper.com\/index.php?rest_route=\/wp\/v2\/media\/1455"}],"wp:attachment":[{"href":"https:\/\/medyaeksper.com\/index.php?rest_route=%2Fwp%2Fv2%2Fmedia&parent=1454"}],"wp:term":[{"taxonomy":"product_brand","embeddable":true,"href":"https:\/\/medyaeksper.com\/index.php?rest_route=%2Fwp%2Fv2%2Fproduct_brand&post=1454"},{"taxonomy":"product_cat","embeddable":true,"href":"https:\/\/medyaeksper.com\/index.php?rest_route=%2Fwp%2Fv2%2Fproduct_cat&post=1454"},{"taxonomy":"product_tag","embeddable":true,"href":"https:\/\/medyaeksper.com\/index.php?rest_route=%2Fwp%2Fv2%2Fproduct_tag&post=1454"}],"curies":[{"name":"wp","href":"https:\/\/api.w.org\/{rel}","templated":true}]}}