{"id":1466,"date":"2023-11-16T11:29:51","date_gmt":"2023-11-16T08:29:51","guid":{"rendered":"https:\/\/medyaeksper.com\/?post_type=product&#038;p=1466"},"modified":"2024-12-17T11:30:40","modified_gmt":"2024-12-17T08:30:40","slug":"kramer-pt-110-edid-vga-sinyal-uzatma-verici-unite","status":"publish","type":"product","link":"https:\/\/medyaeksper.com\/?product=kramer-pt-110-edid-vga-sinyal-uzatma-verici-unite","title":{"rendered":"Kramer PT-110 EDID VGA Sinyal Uzatma Verici \u00dcnite"},"content":{"rendered":"<ul>\n<li>PT\u2212110EDID, bilgisayar grafikleri video sinyalleri i\u00e7in \u00e7ift b\u00fck\u00fcml\u00fc bir vericidir. Bir bilgisayar grafi\u011fi sinyalini, uyumlu bir al\u0131c\u0131 ile kullan\u0131ld\u0131\u011f\u0131nda bilgisayar grafi\u011fi video sinyaline d\u00f6n\u00fc\u015ft\u00fcr\u00fclen b\u00fck\u00fcml\u00fc \u00e7ift sinyaline d\u00f6n\u00fc\u015ft\u00fcr\u00fcr.<\/li>\n<li>Maks. \u00c7\u00f6z\u00fcn\u00fcrl\u00fck &#8211; WUXGA ve 1080p.<\/li>\n<li>HDTV Uyumlu.<\/li>\n<li>EDID Yakalama &#8211; EDID&#8217;yi bir g\u00f6r\u00fcnt\u00fcleme cihaz\u0131ndan kopyalar ve saklar.<\/li>\n<li>Sync Polarity Settings &#8211; CAT 5 \u00e7\u0131k\u0131\u015flar\u0131yla geli\u015fmi\u015f ekran uyumlulu\u011fu i\u00e7in H &#038; V anahtarlar\u0131.<\/li>\n<li>Sistem Menzili &#8211; 100m&#8217;ye (320ft) kadar. \u00c7\u00f6z\u00fcn\u00fcrl\u00fck ve kabloya ba\u011fl\u0131 olarak daha b\u00fcy\u00fck mesafeler m\u00fcmk\u00fcnd\u00fcr.<\/li>\n<li>Kablo &#8211; UTP (ekrans\u0131z b\u00fck\u00fcml\u00fc \u00e7ift) veya CAT 5 gibi STP (ekranl\u0131 b\u00fck\u00fcml\u00fc \u00e7ift).<\/li>\n<li>Power Connect&#x2122; Sistemi &#8211; Cihazlar birbirinden 150 ft (50 m) uzakl\u0131ktayken vericiye veya al\u0131c\u0131ya yap\u0131lan tek bir ba\u011flant\u0131 her iki \u00fcniteye de g\u00fc\u00e7 sa\u011flar.<\/li>\n<li>Ultra Compact Pico TOOLS&#x2122; &#8211; 4 \u00fcnite, iste\u011fe ba\u011fl\u0131 RK-4PT raf adapt\u00f6r\u00fcyle 1U raf alan\u0131nda rafa yan yana monte edilebilir<\/li>\n<li>G\u0130R\u0130\u015e: 15 pinli HD konekt\u00f6rde 1 VGA\/UXGA.<\/li>\n<li>\u00c7IKI\u015e: 1 RJ\u221245 HAT \u00c7IKI\u015e konnekt\u00f6r\u00fc.<\/li>\n<li>\u00c7\u00d6Z\u00dcN\u00dcRL\u00dcK: WUXGA ve 1080p&#8217;ye kadar.<\/li>\n<li>S\/N ORANI: 69dB (en k\u00f6t\u00fc durum).<\/li>\n<li>KAPL\u0130N: AC.<\/li>\n<li>G\u00dc\u00c7 T\u00dcKET\u0130M\u0130: 12V DC, 320mA.<\/li>\n<li>BOYUTLAR: 6cm x 6.5cm x 2.5cm (2.36&#8243; x 2.56&#8243; x 1&#8243;) G, D, Y.<\/li>\n<li>A\u011eIRLIK: 0,14 kg (0,31 lbs) yakl.<\/li>\n<li>AKSESUARLAR: G\u00fc\u00e7 kayna\u011f\u0131.<\/li>\n<li>SE\u00c7ENEKLER: RK-4PT 19 in\u00e7 raf adapt\u00f6r\u00fc.<\/li>\n<\/ul>\n","protected":false},"excerpt":{"rendered":"<p>PT\u2212110EDID, bilgisayar grafikleri video sinyalleri i\u00e7in \u00e7ift b\u00fck\u00fcml\u00fc bir vericidir. Bir bilgisayar grafi\u011fi sinyalini, uyumlu bir al\u0131c\u0131 ile kullan\u0131ld\u0131\u011f\u0131nda bilgisayar grafi\u011fi video sinyaline d\u00f6n\u00fc\u015ft\u00fcr\u00fclen b\u00fck\u00fcml\u00fc \u00e7ift sinyaline d\u00f6n\u00fc\u015ft\u00fcr\u00fcr. Maks. \u00c7\u00f6z\u00fcn\u00fcrl\u00fck &#8211; WUXGA ve 1080p. HDTV Uyumlu. EDID Yakalama &#8211; EDID&#8217;yi bir g\u00f6r\u00fcnt\u00fcleme cihaz\u0131ndan kopyalar ve saklar. Sync Polarity Settings &#8211; CAT 5 \u00e7\u0131k\u0131\u015flar\u0131yla geli\u015fmi\u015f ekran [&hellip;]<\/p>\n","protected":false},"featured_media":1467,"comment_status":"open","ping_status":"closed","template":"","meta":[],"product_brand":[],"product_cat":[158,54],"product_tag":[],"class_list":{"0":"post-1466","1":"product","2":"type-product","3":"status-publish","4":"has-post-thumbnail","6":"product_cat-gorunt-aktarici","7":"product_cat-aksesuar","9":"first","10":"instock","11":"taxable","12":"shipping-taxable","13":"purchasable","14":"product-type-simple"},"_links":{"self":[{"href":"https:\/\/medyaeksper.com\/index.php?rest_route=\/wp\/v2\/product\/1466","targetHints":{"allow":["GET"]}}],"collection":[{"href":"https:\/\/medyaeksper.com\/index.php?rest_route=\/wp\/v2\/product"}],"about":[{"href":"https:\/\/medyaeksper.com\/index.php?rest_route=\/wp\/v2\/types\/product"}],"replies":[{"embeddable":true,"href":"https:\/\/medyaeksper.com\/index.php?rest_route=%2Fwp%2Fv2%2Fcomments&post=1466"}],"wp:featuredmedia":[{"embeddable":true,"href":"https:\/\/medyaeksper.com\/index.php?rest_route=\/wp\/v2\/media\/1467"}],"wp:attachment":[{"href":"https:\/\/medyaeksper.com\/index.php?rest_route=%2Fwp%2Fv2%2Fmedia&parent=1466"}],"wp:term":[{"taxonomy":"product_brand","embeddable":true,"href":"https:\/\/medyaeksper.com\/index.php?rest_route=%2Fwp%2Fv2%2Fproduct_brand&post=1466"},{"taxonomy":"product_cat","embeddable":true,"href":"https:\/\/medyaeksper.com\/index.php?rest_route=%2Fwp%2Fv2%2Fproduct_cat&post=1466"},{"taxonomy":"product_tag","embeddable":true,"href":"https:\/\/medyaeksper.com\/index.php?rest_route=%2Fwp%2Fv2%2Fproduct_tag&post=1466"}],"curies":[{"name":"wp","href":"https:\/\/api.w.org\/{rel}","templated":true}]}}