{"id":1469,"date":"2023-11-16T11:38:32","date_gmt":"2023-11-16T08:38:32","guid":{"rendered":"https:\/\/medyaeksper.com\/?post_type=product&#038;p=1469"},"modified":"2024-12-17T11:30:40","modified_gmt":"2024-12-17T08:30:40","slug":"kramer-pt-110-vga-sinyal-uzatma-verici-unite","status":"publish","type":"product","link":"https:\/\/medyaeksper.com\/?product=kramer-pt-110-vga-sinyal-uzatma-verici-unite","title":{"rendered":"Kramer PT-110 VGA Sinyal Uzatma Verici \u00dcnite"},"content":{"rendered":"","protected":false},"excerpt":{"rendered":"<p>PT-110, bilgisayar grafik video sinyalleri i\u00e7in bir \u00e7iftli vericidir. Bir bilgisayar grafik sinyalini \u00e7iftli bir sinyale d\u00f6n\u00fc\u015ft\u00fcr\u00fcr ve bu, Kramer TP-120 \u00e7iftli verici (veya di\u011fer uyumlu Kramer al\u0131c\u0131lar\u0131) ile birlikte kullan\u0131ld\u0131\u011f\u0131nda tekrar bir bilgisayar grafik video sinyaline d\u00f6n\u00fc\u015ft\u00fcr\u00fcl\u00fcr.<\/p>\n<p>DataSheet : <a href=\"https:\/\/medyaeksper.com\/wp-content\/uploads\/2023\/11\/PT-110.pdf\">PT-110<\/a><\/p>\n","protected":false},"featured_media":1471,"comment_status":"open","ping_status":"closed","template":"","meta":[],"product_brand":[],"product_cat":[158,54],"product_tag":[],"class_list":{"0":"post-1469","1":"product","2":"type-product","3":"status-publish","4":"has-post-thumbnail","6":"product_cat-gorunt-aktarici","7":"product_cat-aksesuar","9":"first","10":"instock","11":"taxable","12":"shipping-taxable","13":"purchasable","14":"product-type-simple"},"_links":{"self":[{"href":"https:\/\/medyaeksper.com\/index.php?rest_route=\/wp\/v2\/product\/1469","targetHints":{"allow":["GET"]}}],"collection":[{"href":"https:\/\/medyaeksper.com\/index.php?rest_route=\/wp\/v2\/product"}],"about":[{"href":"https:\/\/medyaeksper.com\/index.php?rest_route=\/wp\/v2\/types\/product"}],"replies":[{"embeddable":true,"href":"https:\/\/medyaeksper.com\/index.php?rest_route=%2Fwp%2Fv2%2Fcomments&post=1469"}],"wp:featuredmedia":[{"embeddable":true,"href":"https:\/\/medyaeksper.com\/index.php?rest_route=\/wp\/v2\/media\/1471"}],"wp:attachment":[{"href":"https:\/\/medyaeksper.com\/index.php?rest_route=%2Fwp%2Fv2%2Fmedia&parent=1469"}],"wp:term":[{"taxonomy":"product_brand","embeddable":true,"href":"https:\/\/medyaeksper.com\/index.php?rest_route=%2Fwp%2Fv2%2Fproduct_brand&post=1469"},{"taxonomy":"product_cat","embeddable":true,"href":"https:\/\/medyaeksper.com\/index.php?rest_route=%2Fwp%2Fv2%2Fproduct_cat&post=1469"},{"taxonomy":"product_tag","embeddable":true,"href":"https:\/\/medyaeksper.com\/index.php?rest_route=%2Fwp%2Fv2%2Fproduct_tag&post=1469"}],"curies":[{"name":"wp","href":"https:\/\/api.w.org\/{rel}","templated":true}]}}