{"id":1476,"date":"2023-11-24T14:34:04","date_gmt":"2023-11-24T11:34:04","guid":{"rendered":"https:\/\/medyaeksper.com\/?post_type=product&#038;p=1476"},"modified":"2026-04-14T05:12:37","modified_gmt":"2026-04-14T02:12:37","slug":"cpi-750-w-dbs-band-outdoor-t07do","status":"publish","type":"product","link":"https:\/\/medyaeksper.com\/?product=cpi-750-w-dbs-band-outdoor-t07do","title":{"rendered":"CPI 750 W DBS-Band Outdoor T07DO"},"content":{"rendered":"","protected":false},"excerpt":{"rendered":"<p>750 watt g\u00fcc\u00fcnde, sa\u011flam ve kompakt, hava ko\u015fullar\u0131na dayan\u0131kl\u0131 bir pakette, dijital uyumlu, 17.3 ila 18.4 GHz frekans aral\u0131\u011f\u0131ndaki uydu ba\u011flant\u0131lar\u0131 i\u00e7in tasarlanm\u0131\u015ft\u0131r. Ta\u015f\u0131nabilir veya sabit yer istasyonu uygulamalar\u0131 i\u00e7in idealdir.<\/p>\n<p>Datasheet : <a href=\"https:\/\/medyaeksper.com\/wp-content\/uploads\/2023\/11\/t07do_mkt282.pdf\">t07do_mkt282<\/a><\/p>\n","protected":false},"featured_media":1477,"comment_status":"open","ping_status":"closed","template":"","meta":[],"product_brand":[],"product_cat":[23,109],"product_tag":[],"class_list":{"0":"post-1476","1":"product","2":"type-product","3":"status-publish","4":"has-post-thumbnail","6":"product_cat-yayin-cihazlari","7":"product_cat-hpa","9":"first","10":"instock","11":"taxable","12":"shipping-taxable","13":"purchasable","14":"product-type-simple"},"_links":{"self":[{"href":"https:\/\/medyaeksper.com\/index.php?rest_route=\/wp\/v2\/product\/1476","targetHints":{"allow":["GET"]}}],"collection":[{"href":"https:\/\/medyaeksper.com\/index.php?rest_route=\/wp\/v2\/product"}],"about":[{"href":"https:\/\/medyaeksper.com\/index.php?rest_route=\/wp\/v2\/types\/product"}],"replies":[{"embeddable":true,"href":"https:\/\/medyaeksper.com\/index.php?rest_route=%2Fwp%2Fv2%2Fcomments&post=1476"}],"wp:featuredmedia":[{"embeddable":true,"href":"https:\/\/medyaeksper.com\/index.php?rest_route=\/wp\/v2\/media\/1477"}],"wp:attachment":[{"href":"https:\/\/medyaeksper.com\/index.php?rest_route=%2Fwp%2Fv2%2Fmedia&parent=1476"}],"wp:term":[{"taxonomy":"product_brand","embeddable":true,"href":"https:\/\/medyaeksper.com\/index.php?rest_route=%2Fwp%2Fv2%2Fproduct_brand&post=1476"},{"taxonomy":"product_cat","embeddable":true,"href":"https:\/\/medyaeksper.com\/index.php?rest_route=%2Fwp%2Fv2%2Fproduct_cat&post=1476"},{"taxonomy":"product_tag","embeddable":true,"href":"https:\/\/medyaeksper.com\/index.php?rest_route=%2Fwp%2Fv2%2Fproduct_tag&post=1476"}],"curies":[{"name":"wp","href":"https:\/\/api.w.org\/{rel}","templated":true}]}}