{"id":1493,"date":"2023-12-26T15:17:00","date_gmt":"2023-12-26T12:17:00","guid":{"rendered":"https:\/\/medyaeksper.com\/?post_type=product&#038;p=1493"},"modified":"2024-12-17T11:30:18","modified_gmt":"2024-12-17T08:30:18","slug":"intel-ssd-dc-s3520-series-240gb","status":"publish","type":"product","link":"https:\/\/medyaeksper.com\/?product=intel-ssd-dc-s3520-series-240gb","title":{"rendered":"Intel SSD DC S3520 Series 240GB"},"content":{"rendered":"<p>\u2022 Server Kapa\u011f\u0131 Var<br \/>\n\u2022 H\u0131zl\u0131 ve D\u00fczenli Performans<br \/>\n\u2022 Tam End-to-End Veri Korumas\u0131<br \/>\n\u2022 Geli\u015fmi\u015f G\u00fc\u00e7 Kayb\u0131 Veri Korumas\u0131<br \/>\n\u2022 En Son 20nm MLC NAND Flash Bellek Teknolojisi<br \/>\n\u2022 Intel Tabanl\u0131 Kontrol Teknolojisi<br \/>\n\u2022 2.5&#8243;, 1.8&#8243; ve M.2 Form Fakt\u00f6rleri<\/p>\n","protected":false},"excerpt":{"rendered":"<p>\u2022 Server Kapa\u011f\u0131 Var \u2022 H\u0131zl\u0131 ve D\u00fczenli Performans \u2022 Tam End-to-End Veri Korumas\u0131 \u2022 Geli\u015fmi\u015f G\u00fc\u00e7 Kayb\u0131 Veri Korumas\u0131 \u2022 En Son 20nm MLC NAND Flash Bellek Teknolojisi \u2022 Intel Tabanl\u0131 Kontrol Teknolojisi \u2022 2.5&#8243;, 1.8&#8243; ve M.2 Form Fakt\u00f6rleri<\/p>\n","protected":false},"featured_media":1495,"comment_status":"open","ping_status":"closed","template":"","meta":[],"product_brand":[],"product_cat":[49],"product_tag":[],"class_list":{"0":"post-1493","1":"product","2":"type-product","3":"status-publish","4":"has-post-thumbnail","6":"product_cat-bilgisayar","8":"first","9":"instock","10":"taxable","11":"shipping-taxable","12":"purchasable","13":"product-type-simple"},"_links":{"self":[{"href":"https:\/\/medyaeksper.com\/index.php?rest_route=\/wp\/v2\/product\/1493","targetHints":{"allow":["GET"]}}],"collection":[{"href":"https:\/\/medyaeksper.com\/index.php?rest_route=\/wp\/v2\/product"}],"about":[{"href":"https:\/\/medyaeksper.com\/index.php?rest_route=\/wp\/v2\/types\/product"}],"replies":[{"embeddable":true,"href":"https:\/\/medyaeksper.com\/index.php?rest_route=%2Fwp%2Fv2%2Fcomments&post=1493"}],"wp:featuredmedia":[{"embeddable":true,"href":"https:\/\/medyaeksper.com\/index.php?rest_route=\/wp\/v2\/media\/1495"}],"wp:attachment":[{"href":"https:\/\/medyaeksper.com\/index.php?rest_route=%2Fwp%2Fv2%2Fmedia&parent=1493"}],"wp:term":[{"taxonomy":"product_brand","embeddable":true,"href":"https:\/\/medyaeksper.com\/index.php?rest_route=%2Fwp%2Fv2%2Fproduct_brand&post=1493"},{"taxonomy":"product_cat","embeddable":true,"href":"https:\/\/medyaeksper.com\/index.php?rest_route=%2Fwp%2Fv2%2Fproduct_cat&post=1493"},{"taxonomy":"product_tag","embeddable":true,"href":"https:\/\/medyaeksper.com\/index.php?rest_route=%2Fwp%2Fv2%2Fproduct_tag&post=1493"}],"curies":[{"name":"wp","href":"https:\/\/api.w.org\/{rel}","templated":true}]}}