{"id":15,"date":"2022-06-10T13:56:15","date_gmt":"2022-06-10T13:56:15","guid":{"rendered":"http:\/\/medyaeksper.com\/?post_type=product&#038;p=15"},"modified":"2024-12-17T11:33:01","modified_gmt":"2024-12-17T08:33:01","slug":"tascam-dr-60d-linear-pcm-recorder","status":"publish","type":"product","link":"https:\/\/medyaeksper.com\/?product=tascam-dr-60d-linear-pcm-recorder","title":{"rendered":"Tascam DR-60D Linear PCM Recorder"},"content":{"rendered":"<p>The DR-60D is a brand new 4-track solid-state recorder utilizing TASCAM&#8217;s decades of experience. The recorder utilizes high-grade HDDA pre-amps, legendary AD converters, and a durable but lightweight structure and shape. This device will fit snuggly under any camera or into any rig, and record up to 96kHz\/24-bit high quality audio straight to SD\/SDHC media. Filmmakers have at their disposal two 1\/4&#8243;-XLR Locking Combo MIC\/LINE Inputs, 3.5mm Stereo MIC Input, Camera In, Camera Out, Line Out and Headphone Out. Both 1\/4&#8243;-XLR Combo Inputs supply +48V Phantom Power and the 3.5mm Input supplies Plug-In Power for microphones requiring a bias voltage.<\/p>\n","protected":false},"excerpt":{"rendered":"<p>Ses Kay\u0131t\u00e7\u0131s\u0131<\/p>\n","protected":false},"featured_media":54,"comment_status":"open","ping_status":"closed","template":"","meta":[],"product_brand":[],"product_cat":[23,32],"product_tag":[33,34,21,35],"class_list":{"0":"post-15","1":"product","2":"type-product","3":"status-publish","4":"has-post-thumbnail","6":"product_cat-yayin-cihazlari","7":"product_cat-kayit-cihazlari","8":"product_tag-dr-60d","9":"product_tag-linearpcm","10":"product_tag-recorder","11":"product_tag-tascam","13":"first","14":"instock","15":"taxable","16":"shipping-taxable","17":"purchasable","18":"product-type-simple"},"_links":{"self":[{"href":"https:\/\/medyaeksper.com\/index.php?rest_route=\/wp\/v2\/product\/15","targetHints":{"allow":["GET"]}}],"collection":[{"href":"https:\/\/medyaeksper.com\/index.php?rest_route=\/wp\/v2\/product"}],"about":[{"href":"https:\/\/medyaeksper.com\/index.php?rest_route=\/wp\/v2\/types\/product"}],"replies":[{"embeddable":true,"href":"https:\/\/medyaeksper.com\/index.php?rest_route=%2Fwp%2Fv2%2Fcomments&post=15"}],"wp:featuredmedia":[{"embeddable":true,"href":"https:\/\/medyaeksper.com\/index.php?rest_route=\/wp\/v2\/media\/54"}],"wp:attachment":[{"href":"https:\/\/medyaeksper.com\/index.php?rest_route=%2Fwp%2Fv2%2Fmedia&parent=15"}],"wp:term":[{"taxonomy":"product_brand","embeddable":true,"href":"https:\/\/medyaeksper.com\/index.php?rest_route=%2Fwp%2Fv2%2Fproduct_brand&post=15"},{"taxonomy":"product_cat","embeddable":true,"href":"https:\/\/medyaeksper.com\/index.php?rest_route=%2Fwp%2Fv2%2Fproduct_cat&post=15"},{"taxonomy":"product_tag","embeddable":true,"href":"https:\/\/medyaeksper.com\/index.php?rest_route=%2Fwp%2Fv2%2Fproduct_tag&post=15"}],"curies":[{"name":"wp","href":"https:\/\/api.w.org\/{rel}","templated":true}]}}