{"id":1521,"date":"2024-02-19T13:12:17","date_gmt":"2024-02-19T10:12:17","guid":{"rendered":"https:\/\/medyaeksper.com\/?post_type=product&#038;p=1521"},"modified":"2026-03-23T06:53:30","modified_gmt":"2026-03-23T03:53:30","slug":"haivision-pro380","status":"publish","type":"product","link":"https:\/\/medyaeksper.com\/?product=haivision-pro380","title":{"rendered":"HAIVISION PRO380"},"content":{"rendered":"<p>HD<br \/>\n4 audio channels<br \/>\n8 internal 3G\/4G modems<\/p>\n<p>Datasheet : <a href=\"https:\/\/medyaeksper.com\/wp-content\/uploads\/2023\/11\/haivision_pro_datasheet.pdf\">haivision_pro380_datasheet<\/a><\/p>\n","protected":false},"excerpt":{"rendered":"<p><button id=\"showContact\"><strong>Fiyat Bilgisi \u0130\u00e7in T\u0131klay\u0131n<\/strong><\/button><\/p>\n<div id=\"contactPopup\" style=\"display: none;\"><strong>\u0130leti\u015fim i\u00e7in l\u00fctfen bize \u015fu numaradan ula\u015f\u0131n: <\/strong><a href=\"tel:02122228050\"><strong>0 (212) 222 8050<\/strong><\/a><br \/><strong>Mail Adresimiz: <\/strong><a href=\"mailto:info@momentomedya.com\"><strong>info@momentomedya.com<\/strong><\/a><\/div>\n<p><script>\ndocument.getElementById(\"showContact\").addEventListener(\"click\", function() {\n    document.getElementById(\"contactPopup\").style.display = \"block\";\n});\n<\/script><\/p>\n<style>\n\/* Buton Tasar\u0131m\u0131 *\/\n#showContact {\n    background-color: #007BFF;\n    color: #ffffff;\n    padding: 10px 20px;\n    border: none;\n    border-radius: 5px;\n    cursor: pointer;\n    transition: background-color 0.3s ease-in-out;\n}<\/p>\n<p>#showContact:hover {\n    background-color: #0056b3;\n}<\/p>\n<p>\/* Pop-up Tasar\u0131m\u0131 *\/\n#contactPopup {\n    background-color: #ffffff;\n    color: #333;\n    padding: 20px;\n    box-shadow: 0 0 10px rgba(0, 0, 0, 0.3);\n}<\/p>\n<p>\/* Pop-up G\u00f6sterim Animasyonu *\/\n#contactPopup.show {\n    display: block;\n    animation: fade-in 0.5s ease-in-out;\n}<\/p>\n<p>@keyframes fade-in {\n    from {\n        opacity: 0;\n    }\n    to {\n        opacity: 1;\n    }\n}\n<\/style>\n<p>&nbsp;<\/p>\n<p>Datasheet : <a href=\"https:\/\/medyaeksper.com\/wp-content\/uploads\/2023\/11\/haivision_pro_datasheet.pdf\">haivision_pro380_datasheet<\/a><\/p>\n","protected":false},"featured_media":1522,"comment_status":"open","ping_status":"closed","template":"","meta":[],"product_brand":[],"product_cat":[161,147,23,113],"product_tag":[],"class_list":{"0":"post-1521","1":"product","2":"type-product","3":"status-publish","4":"has-post-thumbnail","6":"product_cat-haivision-pro380","7":"product_cat-live-video-contribution","8":"product_cat-yayin-cihazlari","9":"product_cat-aviwest","11":"first","12":"outofstock","13":"taxable","14":"shipping-taxable","15":"product-type-simple"},"_links":{"self":[{"href":"https:\/\/medyaeksper.com\/index.php?rest_route=\/wp\/v2\/product\/1521","targetHints":{"allow":["GET"]}}],"collection":[{"href":"https:\/\/medyaeksper.com\/index.php?rest_route=\/wp\/v2\/product"}],"about":[{"href":"https:\/\/medyaeksper.com\/index.php?rest_route=\/wp\/v2\/types\/product"}],"replies":[{"embeddable":true,"href":"https:\/\/medyaeksper.com\/index.php?rest_route=%2Fwp%2Fv2%2Fcomments&post=1521"}],"wp:featuredmedia":[{"embeddable":true,"href":"https:\/\/medyaeksper.com\/index.php?rest_route=\/wp\/v2\/media\/1522"}],"wp:attachment":[{"href":"https:\/\/medyaeksper.com\/index.php?rest_route=%2Fwp%2Fv2%2Fmedia&parent=1521"}],"wp:term":[{"taxonomy":"product_brand","embeddable":true,"href":"https:\/\/medyaeksper.com\/index.php?rest_route=%2Fwp%2Fv2%2Fproduct_brand&post=1521"},{"taxonomy":"product_cat","embeddable":true,"href":"https:\/\/medyaeksper.com\/index.php?rest_route=%2Fwp%2Fv2%2Fproduct_cat&post=1521"},{"taxonomy":"product_tag","embeddable":true,"href":"https:\/\/medyaeksper.com\/index.php?rest_route=%2Fwp%2Fv2%2Fproduct_tag&post=1521"}],"curies":[{"name":"wp","href":"https:\/\/api.w.org\/{rel}","templated":true}]}}