{"id":1542,"date":"2024-02-26T16:10:24","date_gmt":"2024-02-26T13:10:24","guid":{"rendered":"https:\/\/medyaeksper.com\/?post_type=product&#038;p=1542"},"modified":"2024-12-17T11:30:18","modified_gmt":"2024-12-17T08:30:18","slug":"hewlett-packard-spectrum-analyzer-8594e-2-9ghz","status":"publish","type":"product","link":"https:\/\/medyaeksper.com\/?product=hewlett-packard-spectrum-analyzer-8594e-2-9ghz","title":{"rendered":"Hewlett Packard Spectrum Analyzer 8594E 2.9GHz"},"content":{"rendered":"<p>Frequency Range: 9 kHzto 2.9 GHz, dc-coupled; 100 kHzto 2.9 GHz, ac-coupled<br \/>\nFrequency Span : 10 kHzto 2.9 GHz; 1 kHz min  <\/p>\n","protected":false},"excerpt":{"rendered":"<p><button id=\"showContact\"><strong>Teknik Bilgi ve Fiyat \u0130\u00e7in T\u0131klay\u0131n<\/strong><\/button><\/p>\n<div id=\"contactPopup\" style=\"display: none;\"><strong>\u0130leti\u015fim i\u00e7in l\u00fctfen bize \u015fu numaradan ula\u015f\u0131n: <\/strong><a href=\"tel:02122228050\"><strong>0 (212) 222 8050<\/strong><\/a><br \/><strong>Mail Adresimiz: <\/strong><a href=\"mailto:info@momentomedya.com\"><strong>info@momentomedya.com<\/strong><\/a><\/div>\n<p><script>\ndocument.getElementById(\"showContact\").addEventListener(\"click\", function() {\n    document.getElementById(\"contactPopup\").style.display = \"block\";\n});\n<\/script><\/p>\n<style>\n\/* Buton Tasar\u0131m\u0131 *\/\n#showContact {\n    background-color: #007BFF;\n    color: #ffffff;\n    padding: 10px 20px;\n    border: none;\n    border-radius: 5px;\n    cursor: pointer;\n    transition: background-color 0.3s ease-in-out;\n}<\/p>\n<p>#showContact:hover {\n    background-color: #0056b3;\n}<\/p>\n<p>\/* Pop-up Tasar\u0131m\u0131 *\/\n#contactPopup {\n    background-color: #ffffff;\n    color: #333;\n    padding: 20px;\n    box-shadow: 0 0 10px rgba(0, 0, 0, 0.3);\n}<\/p>\n<p>\/* Pop-up G\u00f6sterim Animasyonu *\/\n#contactPopup.show {\n    display: block;\n    animation: fade-in 0.5s ease-in-out;\n}<\/p>\n<p>@keyframes fade-in {\n    from {\n        opacity: 0;\n    }\n    to {\n        opacity: 1;\n    }\n}\n<\/style>\n<p>&nbsp;<\/p>\n","protected":false},"featured_media":1543,"comment_status":"open","ping_status":"closed","template":"","meta":[],"product_brand":[],"product_cat":[118,108],"product_tag":[],"class_list":{"0":"post-1542","1":"product","2":"type-product","3":"status-publish","4":"has-post-thumbnail","6":"product_cat-spectrum-analyzer","7":"product_cat-test-cihazlari","9":"first","10":"instock","11":"taxable","12":"shipping-taxable","13":"purchasable","14":"product-type-simple"},"_links":{"self":[{"href":"https:\/\/medyaeksper.com\/index.php?rest_route=\/wp\/v2\/product\/1542","targetHints":{"allow":["GET"]}}],"collection":[{"href":"https:\/\/medyaeksper.com\/index.php?rest_route=\/wp\/v2\/product"}],"about":[{"href":"https:\/\/medyaeksper.com\/index.php?rest_route=\/wp\/v2\/types\/product"}],"replies":[{"embeddable":true,"href":"https:\/\/medyaeksper.com\/index.php?rest_route=%2Fwp%2Fv2%2Fcomments&post=1542"}],"wp:featuredmedia":[{"embeddable":true,"href":"https:\/\/medyaeksper.com\/index.php?rest_route=\/wp\/v2\/media\/1543"}],"wp:attachment":[{"href":"https:\/\/medyaeksper.com\/index.php?rest_route=%2Fwp%2Fv2%2Fmedia&parent=1542"}],"wp:term":[{"taxonomy":"product_brand","embeddable":true,"href":"https:\/\/medyaeksper.com\/index.php?rest_route=%2Fwp%2Fv2%2Fproduct_brand&post=1542"},{"taxonomy":"product_cat","embeddable":true,"href":"https:\/\/medyaeksper.com\/index.php?rest_route=%2Fwp%2Fv2%2Fproduct_cat&post=1542"},{"taxonomy":"product_tag","embeddable":true,"href":"https:\/\/medyaeksper.com\/index.php?rest_route=%2Fwp%2Fv2%2Fproduct_tag&post=1542"}],"curies":[{"name":"wp","href":"https:\/\/api.w.org\/{rel}","templated":true}]}}