{"id":1562,"date":"2024-03-26T13:01:32","date_gmt":"2024-03-26T10:01:32","guid":{"rendered":"https:\/\/medyaeksper.com\/?post_type=product&#038;p=1562"},"modified":"2025-07-24T21:43:09","modified_gmt":"2025-07-24T18:43:09","slug":"cisco-catalyst-2960s-48ts-switch","status":"publish","type":"product","link":"https:\/\/medyaeksper.com\/?product=cisco-catalyst-2960s-48ts-switch","title":{"rendered":"Cisco Catalyst 2960S 48Ts Switch"},"content":{"rendered":"<ul>\n<li>48 Adet + 4 Adet Uplink ba\u011flant\u0131 noktas\u0131<\/li>\n<li>48 x 10\/100\/1000 Mbps<\/li>\n<li>4 adet 1 Gb SFP ba\u011flant\u0131 h\u0131z\u0131<\/li>\n<li>88 Gbps anahtar bant geni\u015fli\u011fi<\/li>\n<\/ul>\n<p>Cisco Network Assistant; SNMPv1, v2c, v3; SSHv2; CLI (komut sat\u0131r\u0131 aray\u00fcz\u00fc), UL 60950-1, Second Edition; CAN\/CSA 22.2 No. 60950-1, Second Edition; TUV\/GS to EN 60950-1 Second Edition; CB to IEC 60950-1 Second Edition;<br \/>\nCE Marking,  74,4 Mpps data iletim kapasitesi, 64 MB Flash Bellek, 128 MB DRAM, 8.000 MAC adres, maksimum 255 VLAN say\u0131s\u0131. <\/p>\n","protected":false},"excerpt":{"rendered":"<p><button id=\"showContact\"><strong>\u00dcr\u00fcn Hakk\u0131nda Bilgi \u0130\u00e7in T\u0131klay\u0131n<\/strong><\/button><\/p>\n<div id=\"contactPopup\" style=\"display: none;\"><strong>\u0130leti\u015fim i\u00e7in l\u00fctfen bize \u015fu numaradan ula\u015f\u0131n: <\/strong><a href=\"tel:02122228050\"><strong>0 (212) 222 8050<\/strong><\/a><br \/><strong>Mail Adresimiz: <\/strong><a href=\"mailto:info@momentomedya.com\"><strong>info@momentomedya.com<\/strong><\/a><\/div>\n<p><script>\ndocument.getElementById(\"showContact\").addEventListener(\"click\", function() {\n    document.getElementById(\"contactPopup\").style.display = \"block\";\n});\n<\/script><\/p>\n<style>\n\/* Buton Tasar\u0131m\u0131 *\/\n#showContact {\n    background-color: #007BFF;\n    color: #ffffff;\n    padding: 10px 20px;\n    border: none;\n    border-radius: 5px;\n    cursor: pointer;\n    transition: background-color 0.3s ease-in-out;\n}<\/p>\n<p>#showContact:hover {\n    background-color: #0056b3;\n}<\/p>\n<p>\/* Pop-up Tasar\u0131m\u0131 *\/\n#contactPopup {\n    background-color: #ffffff;\n    color: #333;\n    padding: 20px;\n    box-shadow: 0 0 10px rgba(0, 0, 0, 0.3);\n}<\/p>\n<p>\/* Pop-up G\u00f6sterim Animasyonu *\/\n#contactPopup.show {\n    display: block;\n    animation: fade-in 0.5s ease-in-out;\n}<\/p>\n<p>@keyframes fade-in {\n    from {\n        opacity: 0;\n    }\n    to {\n        opacity: 1;\n    }\n}\n<\/style>\n<p>&nbsp;<\/p>\n","protected":false},"featured_media":1563,"comment_status":"open","ping_status":"closed","template":"","meta":[],"product_brand":[],"product_cat":[15,23,57],"product_tag":[],"class_list":{"0":"post-1562","1":"product","2":"type-product","3":"status-publish","4":"has-post-thumbnail","6":"product_cat-genel","7":"product_cat-yayin-cihazlari","8":"product_cat-switcher","10":"first","11":"instock","12":"taxable","13":"shipping-taxable","14":"purchasable","15":"product-type-simple"},"_links":{"self":[{"href":"https:\/\/medyaeksper.com\/index.php?rest_route=\/wp\/v2\/product\/1562","targetHints":{"allow":["GET"]}}],"collection":[{"href":"https:\/\/medyaeksper.com\/index.php?rest_route=\/wp\/v2\/product"}],"about":[{"href":"https:\/\/medyaeksper.com\/index.php?rest_route=\/wp\/v2\/types\/product"}],"replies":[{"embeddable":true,"href":"https:\/\/medyaeksper.com\/index.php?rest_route=%2Fwp%2Fv2%2Fcomments&post=1562"}],"wp:featuredmedia":[{"embeddable":true,"href":"https:\/\/medyaeksper.com\/index.php?rest_route=\/wp\/v2\/media\/1563"}],"wp:attachment":[{"href":"https:\/\/medyaeksper.com\/index.php?rest_route=%2Fwp%2Fv2%2Fmedia&parent=1562"}],"wp:term":[{"taxonomy":"product_brand","embeddable":true,"href":"https:\/\/medyaeksper.com\/index.php?rest_route=%2Fwp%2Fv2%2Fproduct_brand&post=1562"},{"taxonomy":"product_cat","embeddable":true,"href":"https:\/\/medyaeksper.com\/index.php?rest_route=%2Fwp%2Fv2%2Fproduct_cat&post=1562"},{"taxonomy":"product_tag","embeddable":true,"href":"https:\/\/medyaeksper.com\/index.php?rest_route=%2Fwp%2Fv2%2Fproduct_tag&post=1562"}],"curies":[{"name":"wp","href":"https:\/\/api.w.org\/{rel}","templated":true}]}}