{"id":1581,"date":"2024-07-26T13:06:10","date_gmt":"2024-07-26T10:06:10","guid":{"rendered":"https:\/\/medyaeksper.com\/?post_type=product&#038;p=1581"},"modified":"2024-12-17T11:29:10","modified_gmt":"2024-12-17T08:29:10","slug":"blackmagic-atem-television-studio-4k8","status":"publish","type":"product","link":"https:\/\/medyaeksper.com\/?product=blackmagic-atem-television-studio-4k8","title":{"rendered":"Blackmagic ATEM Television Studio 4K8"},"content":{"rendered":"<h1>Blackmagic ATEM Television Studio 4K8<\/h1>\n<h1>ATEM Television Studio 4K8<\/h1>\n<p>ATEM Television Studio 4K8, dahili bir yay\u0131n kontrol paneline sahip, g\u00fc\u00e7l\u00fc bir Ultra HD canl\u0131 yap\u0131m g\u00f6r\u00fcnt\u00fc mikseridir. 8 adet 12G-SDI giri\u015fi, harici kaydediciler i\u00e7in 10 adet 12G-SDI aux \u00e7\u0131k\u0131\u015f\u0131, 4 portlu 10G Ethernet da\u011f\u0131t\u0131c\u0131, dahili internet yay\u0131n \u00f6zelli\u011fi, ana kaydedici, \u00e7oklu g\u00f6r\u00fcnt\u00fc, USB web kameras\u0131 deste\u011fi, 2 DVE, SuperSource, 4 adet ATEM Advanced Chroma Keyer, 2 medya oynat\u0131c\u0131, talkback ve daha fazlas\u0131n\u0131 sunan, \u00e7ok \u00f6zellikli, yap\u0131m kalitesinde canl\u0131 prod\u00fcksiyon st\u00fcdyosuna sahip ol!<\/p>\n<p>&nbsp;<\/p>\n<h3>Ba\u011flant\u0131lar<\/h3>\n<h4>SDI Video Giri\u015fi<\/h4>\n<p>8<\/p>\n<h4>SDI Video \u00c7\u0131k\u0131\u015f\u0131<\/h4>\n<p>12<\/p>\n<h4>SDI H\u0131zlar\u0131<\/h4>\n<p>1.5G, 3G, 6G, 12G<\/p>\n<h4>HDMI Video \u00c7\u0131k\u0131\u015f\u0131<\/h4>\n<p>1<\/p>\n<h4>Toplam Ses Giri\u015fi<\/h4>\n<p>2 adet XLR dengeli analog ses,<\/p>\n<p>1 adet BNC 32 Kanal MADI dijital ses<\/p>\n<p>2 adet RCA stereo analog ses,<\/p>\n<p>1 adet 5 pimli XLR Talkback.<\/p>\n<h4>Toplam Ses \u00c7\u0131k\u0131\u015f\u0131<\/h4>\n<p>2 adet 1\/4 in\u00e7 Jak analog ses<\/p>\n<p>1 adet BNC 64 Kanal MADI dijital ses, 50 kanala kadar\u0131 aktif,<\/p>\n<p>1 adet 5 pimli XLR Talkback.<\/p>\n<h4>SDI Ses Giri\u015fleri<\/h4>\n<p>4 Kanal g\u00f6m\u00fcl\u00fc ses, t\u00fcm SDI giri\u015flerinde.<\/p>\n<h4>SDI Ses \u00c7\u0131k\u0131\u015flar\u0131<\/h4>\n<p>16 adet atanabilir kanal.<\/p>\n<h4>Zaman Kodu Ba\u011flant\u0131lar\u0131<\/h4>\n<p>1 adet BNC Giri\u015f, 1 adet BNC \u00c7\u0131k\u0131\u015f.<\/p>\n<h4>Referans Giri\u015fi<\/h4>\n<p>1 adet BNC Giri\u015f, 1 adet BNC \u00c7\u0131k\u0131\u015f.<\/p>\n<p>Tri-Sync ya da Black Burst.<\/p>\n<h4>Video Giri\u015fi Yeniden Senkronizasyonu<\/h4>\n<p>8 giri\u015fin hepsinde var.<\/p>\n<h4>Kare H\u0131z\u0131 ve Format D\u00f6n\u00fc\u015ft\u00fcr\u00fcc\u00fcleri<\/h4>\n<p>8 giri\u015fin hepsinde var.<\/p>\n<h4>SDI Aux \u00c7\u0131k\u0131\u015flar\u0131<\/h4>\n<p>10<\/p>\n<h4>SDI Program \u00c7\u0131k\u0131\u015f\u0131<\/h4>\n<p>1<\/p>\n<h4>Webcam \u00c7\u0131k\u0131\u015f\u0131<\/h4>\n<p>2 adet USB-C, PGM kare h\u0131z\u0131nda 720p veya 1080p\u2019yi destekler.<\/p>\n<h4>Toplam \u00c7oklu G\u00f6r\u00fcnt\u00fcleyici<\/h4>\n<p>1 adet 12G-SDI<\/p>\n<p>1 adet HDMI 2.0<\/p>\n<h4>Uzaktan Kontrol<\/h4>\n<p>RJ12, RS-422\u2019yi destekler<\/p>\n<h4>Kontrol Panel Ba\u011flant\u0131s\u0131<\/h4>\n<p>Ethernet. Panel ve kasa aras\u0131nda do\u011frudan ba\u011flant\u0131 ya da a\u011f \u00fczerinden.<\/p>\n<h4>Dahili Zaman Kodu \u00dcreteci<\/h4>\n<p>Var<\/p>\n<h4>Talkback<\/h4>\n<p>RJ45 \u00fc\u00e7\u00fcnc\u00fc parti sistemler i\u00e7in.<\/p>\n<h4>Tally \u00c7\u0131k\u0131\u015f\u0131<\/h4>\n<p>Blackmagic Design GPI ve Tally Aray\u00fcz\u00fc \u00fcr\u00fcn\u00fcne Ethernet ba\u011flant\u0131s\u0131yla ekli. (Dahil de\u011fildir).<\/p>\n<h4>Ethernet<\/h4>\n<p>4 adet RJ45, internet a\u011f da\u011f\u0131t\u0131c\u0131 ile. 10\/100\/1000\/10G BASE-T\u2019yi destekler.<\/p>\n<h4>Bilgisayar Arabirimi<\/h4>\n<p>2 adet USB-C Harici disk kayd\u0131, webcam \u00e7\u0131k\u0131\u015f\u0131, yaz\u0131l\u0131m kontrol\u00fc, yaz\u0131l\u0131m g\u00fcncellemeleri ve g\u00f6r\u00fcnt\u00fc mikseri ba\u011flant\u0131s\u0131 i\u00e7in USB 2.0\u2019\u0131 destekler.<\/p>\n<p>&nbsp;<\/p>\n<h3>Formatlar<\/h3>\n<h4>SD Video Standartlar\u0131<\/h4>\n<p>Yok<\/p>\n<h4>HD Video Giri\u015f Formatlar\u0131<\/h4>\n<p>720p50, 720p59.94, 720p60.<br \/>\n1080i50, 1080i59.94, 1080i60.<br \/>\n1080p23.98, 1080p24, 1080p25, 1080p29.97, 1080p30, 1080p50, 1080p59.94, 1080p60.<\/p>\n<h4>Ultra HD Video Giri\u015f Formatlar\u0131<\/h4>\n<p>2160p23.98, 2160p24, 2160p25, 2160p29.97.<br \/>\n2160p30, 2160p50, 2160p59.94, 2160p60.<\/p>\n<h4>SDI Uyumlulu\u011fu<\/h4>\n<p>SMPTE292M, SMPTE296M, SMPTE424M, SMPTE425M seviye A ve B, SMPTE2081-1, SMPTE2081-10, SMPTE2082-1 ve SMPTE2082-10.<\/p>\n<h4>Video \u00d6rnekleme<\/h4>\n<p>4:2:2<\/p>\n<h4>Renk Hassasiyeti<\/h4>\n<p>10-bit.<\/p>\n<h4>Renk Alan\u0131<\/h4>\n<p>REC 709, REC 2020<\/p>\n<h4>SDI Otomatik Alg\u0131lama<\/h4>\n<p>1,5G-SDI, A seviye veya B seviye 3G-SDI, 6G-SDI ve 12G-SDI aras\u0131nda otomatik alg\u0131lar.<\/p>\n","protected":false},"excerpt":{"rendered":"<p><img loading=\"lazy\" decoding=\"async\" class=\"alignnone size-medium wp-image-1582\" src=\"https:\/\/medyaeksper.com\/wp-content\/uploads\/2024\/07\/atem-television-studio-4k8-300x280.jpg\" alt=\"\" width=\"300\" height=\"280\" srcset=\"https:\/\/medyaeksper.com\/wp-content\/uploads\/2024\/07\/atem-television-studio-4k8-300x280.jpg 300w, https:\/\/medyaeksper.com\/wp-content\/uploads\/2024\/07\/atem-television-studio-4k8-600x561.jpg 600w, https:\/\/medyaeksper.com\/wp-content\/uploads\/2024\/07\/atem-television-studio-4k8.jpg 658w\" sizes=\"auto, (max-width: 300px) 100vw, 300px\" \/> <img loading=\"lazy\" decoding=\"async\" class=\"alignnone size-medium wp-image-1583\" src=\"https:\/\/medyaeksper.com\/wp-content\/uploads\/2024\/07\/atem-television-studio-4k8-sm-300x129.jpg\" alt=\"\" width=\"300\" height=\"129\" srcset=\"https:\/\/medyaeksper.com\/wp-content\/uploads\/2024\/07\/atem-television-studio-4k8-sm-300x129.jpg 300w, https:\/\/medyaeksper.com\/wp-content\/uploads\/2024\/07\/atem-television-studio-4k8-sm-600x257.jpg 600w, https:\/\/medyaeksper.com\/wp-content\/uploads\/2024\/07\/atem-television-studio-4k8-sm.jpg 662w\" sizes=\"auto, (max-width: 300px) 100vw, 300px\" \/><\/p>\n","protected":false},"featured_media":1583,"comment_status":"open","ping_status":"closed","template":"","meta":[],"product_brand":[],"product_cat":[142],"product_tag":[162,58,73,176,177,174,171,164,173,163,170,169,179,165,166,61,167,168,175,31,80,69,75,178,172],"class_list":{"0":"post-1581","1":"product","2":"type-product","3":"status-publish","4":"has-post-thumbnail","6":"product_cat-broadcast-cihazlari","7":"product_tag-atem","8":"product_tag-audio","9":"product_tag-audiomixer","10":"product_tag-blackmagic","11":"product_tag-bnc","12":"product_tag-canli","13":"product_tag-coklugoruntu","14":"product_tag-hdmi","15":"product_tag-kontrol","16":"product_tag-kontrol-panel","17":"product_tag-mikser","18":"product_tag-produksiyon","19":"product_tag-rca","20":"product_tag-sdi","21":"product_tag-ses","22":"product_tag-switcher","23":"product_tag-talkback","24":"product_tag-tally","25":"product_tag-ultrahd","26":"product_tag-video","27":"product_tag-videocamera","28":"product_tag-videocontroller","29":"product_tag-videomixer","30":"product_tag-xlr","31":"product_tag-yayinkontrolu","33":"first","34":"instock","35":"sale","36":"taxable","37":"shipping-taxable","38":"purchasable","39":"product-type-simple"},"_links":{"self":[{"href":"https:\/\/medyaeksper.com\/index.php?rest_route=\/wp\/v2\/product\/1581","targetHints":{"allow":["GET"]}}],"collection":[{"href":"https:\/\/medyaeksper.com\/index.php?rest_route=\/wp\/v2\/product"}],"about":[{"href":"https:\/\/medyaeksper.com\/index.php?rest_route=\/wp\/v2\/types\/product"}],"replies":[{"embeddable":true,"href":"https:\/\/medyaeksper.com\/index.php?rest_route=%2Fwp%2Fv2%2Fcomments&post=1581"}],"wp:featuredmedia":[{"embeddable":true,"href":"https:\/\/medyaeksper.com\/index.php?rest_route=\/wp\/v2\/media\/1583"}],"wp:attachment":[{"href":"https:\/\/medyaeksper.com\/index.php?rest_route=%2Fwp%2Fv2%2Fmedia&parent=1581"}],"wp:term":[{"taxonomy":"product_brand","embeddable":true,"href":"https:\/\/medyaeksper.com\/index.php?rest_route=%2Fwp%2Fv2%2Fproduct_brand&post=1581"},{"taxonomy":"product_cat","embeddable":true,"href":"https:\/\/medyaeksper.com\/index.php?rest_route=%2Fwp%2Fv2%2Fproduct_cat&post=1581"},{"taxonomy":"product_tag","embeddable":true,"href":"https:\/\/medyaeksper.com\/index.php?rest_route=%2Fwp%2Fv2%2Fproduct_tag&post=1581"}],"curies":[{"name":"wp","href":"https:\/\/api.w.org\/{rel}","templated":true}]}}