{"id":1584,"date":"2024-07-26T13:29:31","date_gmt":"2024-07-26T10:29:31","guid":{"rendered":"https:\/\/medyaeksper.com\/?post_type=product&#038;p=1584"},"modified":"2024-12-17T11:31:12","modified_gmt":"2024-12-17T08:31:12","slug":"miliboo-mtt609a-hidrolik-kafali-profesyonel-aluminyum-tripod","status":"publish","type":"product","link":"https:\/\/medyaeksper.com\/?product=miliboo-mtt609a-hidrolik-kafali-profesyonel-aluminyum-tripod","title":{"rendered":"Miliboo MTT609A Hidrolik Kafal\u0131 Profesyonel Al\u00fcminyum Tripod"},"content":{"rendered":"<p><strong><b>Miliboo MTT609A Hidrolik Kafal\u0131 Profesyonel Al\u00fcminyum Tripod<\/b><\/strong><\/p>\n<p>Miliboo MTT609A Profesyonel Tripod, 75mm yar\u0131m kase ba\u015fl\u0131k montaj yuvas\u0131na, al\u00fcminyum bacaklara ve MYT803 ba\u015fl\u0131\u011fa sahiptir. 3 b\u00f6l\u00fcml\u00fc g\u00fc\u00e7lendirilmi\u015f bacaklar\u0131 mandall\u0131 kilitleriyle kolayca kilitlenir. Orta gergisi ile bacaklar\u0131n a\u00e7\u0131kl\u0131\u011f\u0131 sabitlenebilir. Kayd\u0131rmaz kau\u00e7uk ayaklara sahiptir.<\/p>\n<p>Minimum y\u00fcksekli\u011fi 54cm olan Miliboo MTT609A Profesyonel Tripod 170cm\u2019e kadar uzayabilir. Katland\u0131\u011f\u0131nda sadece 83cm uzunlu\u011fa sahiptir ve bu sayede kolayca ta\u015f\u0131nabilir. Yan\u0131nda gelene profesyonel tripod ba\u015fl\u0131\u011f\u0131 360\u00b0 derece pan d\u00f6n\u00fc\u015f\u00fcne ve -70 \u2013 90\u00b0 tilt aral\u0131\u011f\u0131na sahiptir. \u00dczerindeki su terazisi ile hareketlerinizi dengeli ve d\u00fczg\u00fcn bir \u015fekilde yapabilirsiniz. T\u00fcm set 15kg ta\u015f\u0131ma kapasitesine ve buna kar\u015f\u0131n sadece 5kg a\u011f\u0131rl\u0131\u011fa sahiptir. Kutudan \u00e7\u0131kan ta\u015f\u0131ma \u00e7antas\u0131yla kolayca ta\u015f\u0131nabilir.<\/p>\n<p><strong><b>Genel \u00d6zellikler<\/b><\/strong><\/p>\n<ul>\n<li>Zemin Yay\u0131c\u0131l\u0131 Al\u00fcminyum Tripod<\/li>\n<li>MYT803 75mm Hazneli Ak\u0131\u015fkan Kafas\u0131<\/li>\n<li>54 cm \u2013 170 cm Y\u00fckseklik Aral\u0131\u011f\u0131<\/li>\n<li>5 Kg a\u011f\u0131rl\u0131\u011f\u0131nda, 8 Kg Maks. Y\u00fck<\/li>\n<li>1\/4\u2033-20 &amp; 3\/8\u2033-16 Kamera Montaj Vidalar\u0131<\/li>\n<li>H\u0131zl\u0131 \u00c7\u0131karma Plakas\u0131, Kayd\u0131rma \u00c7ubu\u011fu<\/li>\n<li>Kabarc\u0131k Seviyesi, -70 ila 90\u00b0 E\u011fim Aral\u0131\u011f\u0131<\/li>\n<\/ul>\n","protected":false},"excerpt":{"rendered":"<p><img loading=\"lazy\" decoding=\"async\" class=\"alignnone size-medium wp-image-1585\" src=\"https:\/\/medyaeksper.com\/wp-content\/uploads\/2024\/07\/MILIBOO-MTT609A-Profesyonel-Aluminyum-Tripod-300x298.jpg\" alt=\"\" width=\"300\" height=\"298\" srcset=\"https:\/\/medyaeksper.com\/wp-content\/uploads\/2024\/07\/MILIBOO-MTT609A-Profesyonel-Aluminyum-Tripod-300x298.jpg 300w, https:\/\/medyaeksper.com\/wp-content\/uploads\/2024\/07\/MILIBOO-MTT609A-Profesyonel-Aluminyum-Tripod-1024x1019.jpg 1024w, https:\/\/medyaeksper.com\/wp-content\/uploads\/2024\/07\/MILIBOO-MTT609A-Profesyonel-Aluminyum-Tripod-150x150.jpg 150w, https:\/\/medyaeksper.com\/wp-content\/uploads\/2024\/07\/MILIBOO-MTT609A-Profesyonel-Aluminyum-Tripod-768x764.jpg 768w, https:\/\/medyaeksper.com\/wp-content\/uploads\/2024\/07\/MILIBOO-MTT609A-Profesyonel-Aluminyum-Tripod-600x597.jpg 600w, https:\/\/medyaeksper.com\/wp-content\/uploads\/2024\/07\/MILIBOO-MTT609A-Profesyonel-Aluminyum-Tripod-100x100.jpg 100w, https:\/\/medyaeksper.com\/wp-content\/uploads\/2024\/07\/MILIBOO-MTT609A-Profesyonel-Aluminyum-Tripod.jpg 1179w\" sizes=\"auto, (max-width: 300px) 100vw, 300px\" \/> <img loading=\"lazy\" decoding=\"async\" class=\"alignnone size-medium wp-image-1586\" src=\"https:\/\/medyaeksper.com\/wp-content\/uploads\/2024\/07\/miliboo-01-300x158.jpeg\" alt=\"\" width=\"300\" height=\"158\" srcset=\"https:\/\/medyaeksper.com\/wp-content\/uploads\/2024\/07\/miliboo-01-300x158.jpeg 300w, https:\/\/medyaeksper.com\/wp-content\/uploads\/2024\/07\/miliboo-01-1024x539.jpeg 1024w, https:\/\/medyaeksper.com\/wp-content\/uploads\/2024\/07\/miliboo-01-768x404.jpeg 768w, https:\/\/medyaeksper.com\/wp-content\/uploads\/2024\/07\/miliboo-01-1536x808.jpeg 1536w, https:\/\/medyaeksper.com\/wp-content\/uploads\/2024\/07\/miliboo-01-600x316.jpeg 600w, https:\/\/medyaeksper.com\/wp-content\/uploads\/2024\/07\/miliboo-01.jpeg 1900w\" sizes=\"auto, (max-width: 300px) 100vw, 300px\" \/><\/p>\n","protected":false},"featured_media":1585,"comment_status":"open","ping_status":"closed","template":"","meta":[],"product_brand":[],"product_cat":[15],"product_tag":[181,182,183,180],"class_list":{"0":"post-1584","1":"product","2":"type-product","3":"status-publish","4":"has-post-thumbnail","6":"product_cat-genel","7":"product_tag-kamera","8":"product_tag-miliboo","9":"product_tag-mtt609a","10":"product_tag-tripod","12":"first","13":"instock","14":"taxable","15":"shipping-taxable","16":"purchasable","17":"product-type-simple"},"_links":{"self":[{"href":"https:\/\/medyaeksper.com\/index.php?rest_route=\/wp\/v2\/product\/1584","targetHints":{"allow":["GET"]}}],"collection":[{"href":"https:\/\/medyaeksper.com\/index.php?rest_route=\/wp\/v2\/product"}],"about":[{"href":"https:\/\/medyaeksper.com\/index.php?rest_route=\/wp\/v2\/types\/product"}],"replies":[{"embeddable":true,"href":"https:\/\/medyaeksper.com\/index.php?rest_route=%2Fwp%2Fv2%2Fcomments&post=1584"}],"wp:featuredmedia":[{"embeddable":true,"href":"https:\/\/medyaeksper.com\/index.php?rest_route=\/wp\/v2\/media\/1585"}],"wp:attachment":[{"href":"https:\/\/medyaeksper.com\/index.php?rest_route=%2Fwp%2Fv2%2Fmedia&parent=1584"}],"wp:term":[{"taxonomy":"product_brand","embeddable":true,"href":"https:\/\/medyaeksper.com\/index.php?rest_route=%2Fwp%2Fv2%2Fproduct_brand&post=1584"},{"taxonomy":"product_cat","embeddable":true,"href":"https:\/\/medyaeksper.com\/index.php?rest_route=%2Fwp%2Fv2%2Fproduct_cat&post=1584"},{"taxonomy":"product_tag","embeddable":true,"href":"https:\/\/medyaeksper.com\/index.php?rest_route=%2Fwp%2Fv2%2Fproduct_tag&post=1584"}],"curies":[{"name":"wp","href":"https:\/\/api.w.org\/{rel}","templated":true}]}}