{"id":1590,"date":"2024-07-26T13:35:14","date_gmt":"2024-07-26T10:35:14","guid":{"rendered":"https:\/\/medyaeksper.com\/?post_type=product&#038;p=1590"},"modified":"2026-04-14T05:13:50","modified_gmt":"2026-04-14T02:13:50","slug":"jieyang-0508a-profesyonel-video-tripod","status":"publish","type":"product","link":"https:\/\/medyaeksper.com\/?product=jieyang-0508a-profesyonel-video-tripod","title":{"rendered":"Jieyang 0508A Profesyonel Video Tripod"},"content":{"rendered":"<table>\n<tbody>\n<tr>\n<td>\n<div>\n<p>JieYang JY0508A Video Tripod Kit JieYang JY0508A\u00a0video tripod, profesyonel bir al\u00fcminyum ala\u015f\u0131ml\u0131 video tripodudur, JieYang JY0508AH \u00e7ok i\u015flevli video kafas\u0131 dahildir. Tripod, 6 kg&#8217;a kadar olan kameralarla kullan\u0131m i\u00e7in tasarlanm\u0131\u015ft\u0131r\u00a0 ve \u00e7ok \u00e7e\u015fitli s\u00f6n\u00fcmleme ve denge ayarlar\u0131na sahip geli\u015fmi\u015f bir video kafas\u0131 ile donat\u0131lm\u0131\u015ft\u0131r.<\/p>\n<p>JieYang JY0508A Video Tripodu \u00d6zellikleri Maksimum y\u00fckseklik:\u00a0 1610 mm Minimum y\u00fckseklik:\u00a0 750 mm Katlanm\u0131\u015f y\u00fckseklik:\u00a0 810 mm Bacak b\u00f6l\u00fcmleri say\u0131s\u0131:\u00a0 3 Maksimum kesit \u00e7ap\u0131:\u00a0 14\/18 Maksimum y\u00fck:\u00a0 6kg Malzeme:\u00a0 al\u00fcminyum \u00c7anta:\u00a0 evet Tripod kafa tipi:\u00a0 hidrolik y\u00fczer\u00a0 Toplam a\u011f\u0131rl\u0131k:\u00a0 4170 gr Nakliye a\u011f\u0131rl\u0131\u011f\u0131: 5,3 kg<\/p>\n<\/div>\n<\/td>\n<\/tr>\n<\/tbody>\n<\/table>\n<div><\/div>\n<table>\n<tbody>\n<tr>\n<td>\n<table>\n<tbody>\n<tr>\n<td>\n<div>\n<div><\/div>\n<\/div>\n<\/td>\n<\/tr>\n<\/tbody>\n<\/table>\n<table>\n<tbody>\n<tr>\n<td><\/td>\n<\/tr>\n<\/tbody>\n<\/table>\n<\/td>\n<\/tr>\n<\/tbody>\n<\/table>\n","protected":false},"excerpt":{"rendered":"<p><img loading=\"lazy\" decoding=\"async\" class=\"alignnone size-medium wp-image-1591\" src=\"https:\/\/medyaeksper.com\/wp-content\/uploads\/2024\/07\/110000289393410-300x300.jpg\" alt=\"\" width=\"300\" height=\"300\" srcset=\"https:\/\/medyaeksper.com\/wp-content\/uploads\/2024\/07\/110000289393410-300x300.jpg 300w, https:\/\/medyaeksper.com\/wp-content\/uploads\/2024\/07\/110000289393410-150x150.jpg 150w, https:\/\/medyaeksper.com\/wp-content\/uploads\/2024\/07\/110000289393410-100x100.jpg 100w, https:\/\/medyaeksper.com\/wp-content\/uploads\/2024\/07\/110000289393410.jpg 500w\" sizes=\"auto, (max-width: 300px) 100vw, 300px\" \/> <img loading=\"lazy\" decoding=\"async\" class=\"alignnone size-medium wp-image-1592\" src=\"https:\/\/medyaeksper.com\/wp-content\/uploads\/2024\/07\/110000289393411-300x300.jpg\" alt=\"\" width=\"300\" height=\"300\" srcset=\"https:\/\/medyaeksper.com\/wp-content\/uploads\/2024\/07\/110000289393411-300x300.jpg 300w, https:\/\/medyaeksper.com\/wp-content\/uploads\/2024\/07\/110000289393411-150x150.jpg 150w, https:\/\/medyaeksper.com\/wp-content\/uploads\/2024\/07\/110000289393411-100x100.jpg 100w, https:\/\/medyaeksper.com\/wp-content\/uploads\/2024\/07\/110000289393411.jpg 500w\" sizes=\"auto, (max-width: 300px) 100vw, 300px\" \/> <img loading=\"lazy\" decoding=\"async\" class=\"alignnone size-medium wp-image-1593\" src=\"https:\/\/medyaeksper.com\/wp-content\/uploads\/2024\/07\/110000289393408-300x300.jpg\" alt=\"\" width=\"300\" height=\"300\" srcset=\"https:\/\/medyaeksper.com\/wp-content\/uploads\/2024\/07\/110000289393408-300x300.jpg 300w, https:\/\/medyaeksper.com\/wp-content\/uploads\/2024\/07\/110000289393408-150x150.jpg 150w, https:\/\/medyaeksper.com\/wp-content\/uploads\/2024\/07\/110000289393408-100x100.jpg 100w, https:\/\/medyaeksper.com\/wp-content\/uploads\/2024\/07\/110000289393408.jpg 500w\" sizes=\"auto, (max-width: 300px) 100vw, 300px\" \/> <img loading=\"lazy\" decoding=\"async\" class=\"alignnone size-medium wp-image-1594\" src=\"https:\/\/medyaeksper.com\/wp-content\/uploads\/2024\/07\/110000289393409-300x300.jpg\" alt=\"\" width=\"300\" height=\"300\" srcset=\"https:\/\/medyaeksper.com\/wp-content\/uploads\/2024\/07\/110000289393409-300x300.jpg 300w, https:\/\/medyaeksper.com\/wp-content\/uploads\/2024\/07\/110000289393409-150x150.jpg 150w, https:\/\/medyaeksper.com\/wp-content\/uploads\/2024\/07\/110000289393409-100x100.jpg 100w, https:\/\/medyaeksper.com\/wp-content\/uploads\/2024\/07\/110000289393409.jpg 500w\" sizes=\"auto, (max-width: 300px) 100vw, 300px\" \/><\/p>\n","protected":false},"featured_media":1591,"comment_status":"open","ping_status":"closed","template":"","meta":[],"product_brand":[],"product_cat":[142,15],"product_tag":[184,185,181,173,180,31],"class_list":{"0":"post-1590","1":"product","2":"type-product","3":"status-publish","4":"has-post-thumbnail","6":"product_cat-broadcast-cihazlari","7":"product_cat-genel","8":"product_tag-jieyang","9":"product_tag-jy0508a","10":"product_tag-kamera","11":"product_tag-kontrol","12":"product_tag-tripod","13":"product_tag-video","15":"first","16":"instock","17":"taxable","18":"shipping-taxable","19":"purchasable","20":"product-type-simple"},"_links":{"self":[{"href":"https:\/\/medyaeksper.com\/index.php?rest_route=\/wp\/v2\/product\/1590","targetHints":{"allow":["GET"]}}],"collection":[{"href":"https:\/\/medyaeksper.com\/index.php?rest_route=\/wp\/v2\/product"}],"about":[{"href":"https:\/\/medyaeksper.com\/index.php?rest_route=\/wp\/v2\/types\/product"}],"replies":[{"embeddable":true,"href":"https:\/\/medyaeksper.com\/index.php?rest_route=%2Fwp%2Fv2%2Fcomments&post=1590"}],"wp:featuredmedia":[{"embeddable":true,"href":"https:\/\/medyaeksper.com\/index.php?rest_route=\/wp\/v2\/media\/1591"}],"wp:attachment":[{"href":"https:\/\/medyaeksper.com\/index.php?rest_route=%2Fwp%2Fv2%2Fmedia&parent=1590"}],"wp:term":[{"taxonomy":"product_brand","embeddable":true,"href":"https:\/\/medyaeksper.com\/index.php?rest_route=%2Fwp%2Fv2%2Fproduct_brand&post=1590"},{"taxonomy":"product_cat","embeddable":true,"href":"https:\/\/medyaeksper.com\/index.php?rest_route=%2Fwp%2Fv2%2Fproduct_cat&post=1590"},{"taxonomy":"product_tag","embeddable":true,"href":"https:\/\/medyaeksper.com\/index.php?rest_route=%2Fwp%2Fv2%2Fproduct_tag&post=1590"}],"curies":[{"name":"wp","href":"https:\/\/api.w.org\/{rel}","templated":true}]}}