{"id":1595,"date":"2024-07-26T13:43:26","date_gmt":"2024-07-26T10:43:26","guid":{"rendered":"https:\/\/medyaeksper.com\/?post_type=product&#038;p=1595"},"modified":"2025-01-17T13:46:45","modified_gmt":"2025-01-17T10:46:45","slug":"zoom-livetrak-l-12-12-kanal-dijital-mikser","status":"publish","type":"product","link":"https:\/\/medyaeksper.com\/?product=zoom-livetrak-l-12-12-kanal-dijital-mikser","title":{"rendered":"Zoom LiveTrak L-12 12-Kanal Dijital Mikser"},"content":{"rendered":"<p>Zoom LiveTrak L12 Bluetooth \u00dczerinden IPAD ile kontrol imkan\u0131 da veren kay\u0131t \u00f6zellikli ama Canl\u0131 M\u00fczik i\u00e7in bile harika sonu\u00e7lar veren 5 out verebilen harika bir dijital ses mikseridir.<\/p>\n<p><strong>Genel \u00d6zellikler<\/strong><\/p>\n<ul>\n<li>8 Mono, 2 stereo,<\/li>\n<li>Dijital efekt,<\/li>\n<li>5 adet out, in-ear monit\u00f6rlemeye tam uygun<\/li>\n<li>kulakl\u0131k monit\u00f6r \u00e7\u0131k\u0131\u015f\u0131,<\/li>\n<li>2 kanal Hi-Z preamp,<\/li>\n<li>6 kanal PAD,<\/li>\n<li>8 adet COMBO<\/li>\n<li>XLR\/TRS mic\/line giri\u015f,<\/li>\n<li>8 x 4 USB audio interface,<\/li>\n<li>haricen temin edilecek ZOOM\u00a0 BTA-1 adapter ile Bluetooth \u00fczerinden IPAD ile kontrol<\/li>\n<li>Fiziki gain ve kompresor\u00a0kontrolleri,<\/li>\n<li>Fiziki monit\u00f6r \u00e7\u0131k\u0131\u015f seviye kontrolleri,<\/li>\n<li>Dahili Stereo SD CARD recorder,<\/li>\n<li>4 Kanal 2 grup halinde +48 phantom power<\/li>\n<\/ul>\n<p>&nbsp;<\/p>\n<p><strong>Di\u011fer \u00d6zellikler<\/strong><\/p>\n<ul>\n<li>12 discrete channels (8 mono plus 2 stereo channels) with XLR and 6.3 mm jack sockets<\/li>\n<li>Simultaneous recording of up to 14 tracks<\/li>\n<li>Playback of 12 tracks<\/li>\n<li>24-bit USB audio interface with 14 inputs and 4 outputs<\/li>\n<li>Sampling frequency: 44.1 \/ 48\/96 kHz<\/li>\n<li>Five powerful headphone outputs with individually adjustable monitor mixes<\/li>\n<li>Expand your livestream and recording with backing and click tracks from the computer<\/li>\n<li>Line inputs in RCA and TS jack format<\/li>\n<li>48 V phantom power: channels 1 to 4 and 5 to 8<\/li>\n<li>Hi-Z connections: channels 1 and 2<\/li>\n<li>26 dB pad: channels 3 to 8<\/li>\n<li>Integrated compressor controller: channels 1 to 8<\/li>\n<li>Master mute button<\/li>\n<li>High-pass regulator<\/li>\n<li>Adjustable stereopanorama<\/li>\n<li>Master and monitor outputs AE<\/li>\n<li>Memory function for up to nine mixers<\/li>\n<li>16 internal, editable delay and hall effects<\/li>\n<li>Integrated talkback microphone<\/li>\n<li>Class-Compliant operation (for iOS compatibility)<\/li>\n<li>SD-card slot<\/li>\n<li>Internal metronome<\/li>\n<li>Ability to automatically start and stop recording<\/li>\n<li>Project protection function<\/li>\n<li>Import and export projects via the USB 2.0 interface<\/li>\n<li>Latency compensation for AD conversion<\/li>\n<li>Compatible functions for the ZOOM FS01 foot switch<\/li>\n<li>Includes: power supply (AD-19),USB 2.0 cable and short manual<\/li>\n<li>Dimensions (W x D x H): 445 x 282 x 70.5 mm<\/li>\n<li>Weight: 2,53 kg<\/li>\n<\/ul>\n","protected":false},"excerpt":{"rendered":"<p><img loading=\"lazy\" decoding=\"async\" class=\"alignnone size-medium wp-image-1596\" src=\"https:\/\/medyaeksper.com\/wp-content\/uploads\/2024\/07\/zoom-livetrak-l-12-dijital-mikser-ec28bcd9db5876c8fa1bc34853e84588-8f4d4213569e2cef18dcfe8525883e48-max-pp-300x300.jpg\" alt=\"\" width=\"300\" height=\"300\" srcset=\"https:\/\/medyaeksper.com\/wp-content\/uploads\/2024\/07\/zoom-livetrak-l-12-dijital-mikser-ec28bcd9db5876c8fa1bc34853e84588-8f4d4213569e2cef18dcfe8525883e48-max-pp-300x300.jpg 300w, https:\/\/medyaeksper.com\/wp-content\/uploads\/2024\/07\/zoom-livetrak-l-12-dijital-mikser-ec28bcd9db5876c8fa1bc34853e84588-8f4d4213569e2cef18dcfe8525883e48-max-pp-150x150.jpg 150w, https:\/\/medyaeksper.com\/wp-content\/uploads\/2024\/07\/zoom-livetrak-l-12-dijital-mikser-ec28bcd9db5876c8fa1bc34853e84588-8f4d4213569e2cef18dcfe8525883e48-max-pp-768x768.jpg 768w, https:\/\/medyaeksper.com\/wp-content\/uploads\/2024\/07\/zoom-livetrak-l-12-dijital-mikser-ec28bcd9db5876c8fa1bc34853e84588-8f4d4213569e2cef18dcfe8525883e48-max-pp-600x600.jpg 600w, https:\/\/medyaeksper.com\/wp-content\/uploads\/2024\/07\/zoom-livetrak-l-12-dijital-mikser-ec28bcd9db5876c8fa1bc34853e84588-8f4d4213569e2cef18dcfe8525883e48-max-pp-100x100.jpg 100w, https:\/\/medyaeksper.com\/wp-content\/uploads\/2024\/07\/zoom-livetrak-l-12-dijital-mikser-ec28bcd9db5876c8fa1bc34853e84588-8f4d4213569e2cef18dcfe8525883e48-max-pp.jpg 1000w\" sizes=\"auto, (max-width: 300px) 100vw, 300px\" \/> <img loading=\"lazy\" decoding=\"async\" class=\"alignnone size-medium wp-image-1597\" src=\"https:\/\/medyaeksper.com\/wp-content\/uploads\/2024\/07\/zoom-livetrak-l-12-dijital-mikser-ec28bcd9db5876c8fa1bc34853e84588-18337aafaabddb7123ef136ad9e8ba60-max-pp-300x300.jpg\" alt=\"\" width=\"300\" height=\"300\" srcset=\"https:\/\/medyaeksper.com\/wp-content\/uploads\/2024\/07\/zoom-livetrak-l-12-dijital-mikser-ec28bcd9db5876c8fa1bc34853e84588-18337aafaabddb7123ef136ad9e8ba60-max-pp-300x300.jpg 300w, https:\/\/medyaeksper.com\/wp-content\/uploads\/2024\/07\/zoom-livetrak-l-12-dijital-mikser-ec28bcd9db5876c8fa1bc34853e84588-18337aafaabddb7123ef136ad9e8ba60-max-pp-150x150.jpg 150w, https:\/\/medyaeksper.com\/wp-content\/uploads\/2024\/07\/zoom-livetrak-l-12-dijital-mikser-ec28bcd9db5876c8fa1bc34853e84588-18337aafaabddb7123ef136ad9e8ba60-max-pp-768x768.jpg 768w, https:\/\/medyaeksper.com\/wp-content\/uploads\/2024\/07\/zoom-livetrak-l-12-dijital-mikser-ec28bcd9db5876c8fa1bc34853e84588-18337aafaabddb7123ef136ad9e8ba60-max-pp-600x600.jpg 600w, https:\/\/medyaeksper.com\/wp-content\/uploads\/2024\/07\/zoom-livetrak-l-12-dijital-mikser-ec28bcd9db5876c8fa1bc34853e84588-18337aafaabddb7123ef136ad9e8ba60-max-pp-100x100.jpg 100w, https:\/\/medyaeksper.com\/wp-content\/uploads\/2024\/07\/zoom-livetrak-l-12-dijital-mikser-ec28bcd9db5876c8fa1bc34853e84588-18337aafaabddb7123ef136ad9e8ba60-max-pp.jpg 1000w\" sizes=\"auto, (max-width: 300px) 100vw, 300px\" \/> <img loading=\"lazy\" decoding=\"async\" class=\"alignnone size-medium wp-image-1598\" src=\"https:\/\/medyaeksper.com\/wp-content\/uploads\/2024\/07\/zoom-livetrak-l-12-dijital-mikser-ec28bcd9db5876c8fa1bc34853e84588-db8e6f306bd3502ea7d42ee844578711-max-pp-300x300.jpg\" alt=\"\" width=\"300\" height=\"300\" srcset=\"https:\/\/medyaeksper.com\/wp-content\/uploads\/2024\/07\/zoom-livetrak-l-12-dijital-mikser-ec28bcd9db5876c8fa1bc34853e84588-db8e6f306bd3502ea7d42ee844578711-max-pp-300x300.jpg 300w, https:\/\/medyaeksper.com\/wp-content\/uploads\/2024\/07\/zoom-livetrak-l-12-dijital-mikser-ec28bcd9db5876c8fa1bc34853e84588-db8e6f306bd3502ea7d42ee844578711-max-pp-150x150.jpg 150w, https:\/\/medyaeksper.com\/wp-content\/uploads\/2024\/07\/zoom-livetrak-l-12-dijital-mikser-ec28bcd9db5876c8fa1bc34853e84588-db8e6f306bd3502ea7d42ee844578711-max-pp-768x768.jpg 768w, https:\/\/medyaeksper.com\/wp-content\/uploads\/2024\/07\/zoom-livetrak-l-12-dijital-mikser-ec28bcd9db5876c8fa1bc34853e84588-db8e6f306bd3502ea7d42ee844578711-max-pp-600x600.jpg 600w, https:\/\/medyaeksper.com\/wp-content\/uploads\/2024\/07\/zoom-livetrak-l-12-dijital-mikser-ec28bcd9db5876c8fa1bc34853e84588-db8e6f306bd3502ea7d42ee844578711-max-pp-100x100.jpg 100w, https:\/\/medyaeksper.com\/wp-content\/uploads\/2024\/07\/zoom-livetrak-l-12-dijital-mikser-ec28bcd9db5876c8fa1bc34853e84588-db8e6f306bd3502ea7d42ee844578711-max-pp.jpg 1000w\" sizes=\"auto, (max-width: 300px) 100vw, 300px\" \/><\/p>\n","protected":false},"featured_media":1598,"comment_status":"open","ping_status":"closed","template":"","meta":[],"product_brand":[],"product_cat":[15],"product_tag":[186,187,170,74,189,188],"class_list":{"0":"post-1595","1":"product","2":"type-product","3":"status-publish","4":"has-post-thumbnail","6":"product_cat-genel","7":"product_tag-digitalmixer","8":"product_tag-dijitalmikser","9":"product_tag-mikser","10":"product_tag-mixer","11":"product_tag-livetrak","12":"product_tag-zoom","14":"first","15":"instock","16":"taxable","17":"shipping-taxable","18":"purchasable","19":"product-type-simple"},"_links":{"self":[{"href":"https:\/\/medyaeksper.com\/index.php?rest_route=\/wp\/v2\/product\/1595","targetHints":{"allow":["GET"]}}],"collection":[{"href":"https:\/\/medyaeksper.com\/index.php?rest_route=\/wp\/v2\/product"}],"about":[{"href":"https:\/\/medyaeksper.com\/index.php?rest_route=\/wp\/v2\/types\/product"}],"replies":[{"embeddable":true,"href":"https:\/\/medyaeksper.com\/index.php?rest_route=%2Fwp%2Fv2%2Fcomments&post=1595"}],"wp:featuredmedia":[{"embeddable":true,"href":"https:\/\/medyaeksper.com\/index.php?rest_route=\/wp\/v2\/media\/1598"}],"wp:attachment":[{"href":"https:\/\/medyaeksper.com\/index.php?rest_route=%2Fwp%2Fv2%2Fmedia&parent=1595"}],"wp:term":[{"taxonomy":"product_brand","embeddable":true,"href":"https:\/\/medyaeksper.com\/index.php?rest_route=%2Fwp%2Fv2%2Fproduct_brand&post=1595"},{"taxonomy":"product_cat","embeddable":true,"href":"https:\/\/medyaeksper.com\/index.php?rest_route=%2Fwp%2Fv2%2Fproduct_cat&post=1595"},{"taxonomy":"product_tag","embeddable":true,"href":"https:\/\/medyaeksper.com\/index.php?rest_route=%2Fwp%2Fv2%2Fproduct_tag&post=1595"}],"curies":[{"name":"wp","href":"https:\/\/api.w.org\/{rel}","templated":true}]}}