{"id":1606,"date":"2024-11-25T16:52:59","date_gmt":"2024-11-25T13:52:59","guid":{"rendered":"https:\/\/medyaeksper.com\/?post_type=product&#038;p=1606"},"modified":"2025-07-24T21:43:28","modified_gmt":"2025-07-24T18:43:28","slug":"fortinge-prox19-sdi-studyo-prompter","status":"publish","type":"product","link":"https:\/\/medyaeksper.com\/?product=fortinge-prox19-sdi-studyo-prompter","title":{"rendered":"FORTINGE PROX19-SDI St\u00fcdyo Prompter"},"content":{"rendered":"<p>Yeni nesil PROX Studio Teleprompter, st\u00fcdyodaki k\u00fc\u00e7\u00fck ve orta boy ENG el kameralar\u0131 i\u00e7in g\u00fcvenilir ve uygun fiyatl\u0131 bir aksesuard\u0131r. Art\u0131k daha geni\u015f bir okuma alan\u0131 i\u00e7in trapez caml\u0131 daha b\u00fcy\u00fck bir kaputa sahip. Ayr\u0131ca \u00f6nceki modele g\u00f6re daha hafif, ince, daha ak\u0131ll\u0131 ve tripod daha kapsaml\u0131 ve daha dengelidir.<\/p>\n<div><\/div>\n<div><\/div>\n<div>PROX Teleprompter, 15\u201d ila 21\u201d \u0130n\u00e7 monit\u00f6r boyutlar\u0131nda mevcuttur.<\/div>\n<div><\/div>\n<div><\/div>\n<div>Yeni \u201cAsans\u00f6r\u201d sistemi, kullan\u0131c\u0131lar\u0131n kameras\u0131n\u0131n y\u00fcksekli\u011fini korumas\u0131 i\u00e7inde daha iyi \u00e7ekim konumu ayarlar\u0131na olanak sa\u011fl\u0131yor. Yeni plaka oranlar\u0131 herhangi bir ba\u011flant\u0131 a\u011f\u0131rl\u0131\u011f\u0131 olmadan, tan\u0131r.<\/div>\n<div><\/div>\n<div><\/div>\n<div>PROX Teleprompter, uzun \u00e7al\u0131\u015fma \u00f6mr\u00fc sa\u011flayacak \u015fekilde a\u011f\u0131r hizmet tipinde \u00fcretilmi\u015ftir ve herhangi bir alet gerektirmeden monte edilir.<\/div>\n<div><\/div>\n<div><\/div>\n<div>Prox teleprompter, 15&#8243; ile 21&#8243; in\u00e7 aras\u0131 monit\u00f6r boyutlar\u0131nda mevcuttur; ayn\u0131 zamanda daha hafif, daha ak\u0131ll\u0131, daha ince ve tripod kafas\u0131nda daha dengelidir.<\/div>\n<div><\/div>\n<div><\/div>\n<div>\u201cAsans\u00f6r\u201d \u00f6zelli\u011fi ile \u00e7ubuklar, ba\u015fl\u0131k i\u00e7inde daha iyi \u00e7ekim konumu i\u00e7in kameran\u0131z\u0131n y\u00fcksekli\u011fini ayarlaman\u0131za olanak tan\u0131r.<\/div>\n<div><\/div>\n<div><\/div>\n<div>Ayn\u0131 aletsiz montaj \u00f6zelli\u011fine sahip, a\u011f\u0131r hizmet tipi g\u00fcvenilir bir \u015fekilde ayr\u0131lm\u0131\u015f olup, ayr\u0131ca herhangi bir ek ba\u011flant\u0131 par\u00e7alar\u0131 \u00f6nlenecek \u015fekilde tasarlanm\u0131\u015ft\u0131r.<\/div>\n<div><\/div>\n<div><\/div>\n<div>\u2022 Forprompt studio yaz\u0131l\u0131m\u0131 standart olarak gelir<\/div>\n<div><\/div>\n<div>\u2022 Gerekti\u011finde ekstra uzun dslr\/aynas\u0131z kamera kayd\u0131, ekstra maliyet olmaks\u0131z\u0131n \u00f6zel olarak sipari\u015f edilebilir.<\/div>\n<div><\/div>\n<div>\n<p>\u2022 Hem y\u00fcksek par\u00e7al\u0131 hem de normal par\u00e7al\u0131 monit\u00f6r versiyonlar\u0131 mevcuttur<\/p>\n<div>*For Prompt Studio Yaz\u0131l\u0131m\u0131 Dahil , NEWS otomasyon plug-in opsiyoneldir.<\/div>\n<div>*Ayarlanabilir Prompter Kurulumu (B\u00fct\u00fcn kamera \u00e7e\u015fitleri ile uyumlu)<\/div>\n<div>*Y\u00fcksek Kaliteli 70\/30 Prompter Cam\u0131<\/div>\n<div>*19&#8243; Monit\u00f6r &#8211; compozit (BNC) , HDMI , VGA ve SDI G\u0130R\u0130\u015e<\/div>\n<div>*End\u00fcstriyel TFT LCD Panel<\/div>\n<div>*LCD Panel \u00fczerinde otomatik yaz\u0131 d\u00f6n\u00fc\u015ft\u00fcr\u00fcc\u00fc \u00f6zellik (Flip\/Mirror)<\/div>\n<div>*\u00c7\u00f6z\u00fcn\u00fcrl\u00fck 1280&#215;1024<\/div>\n<div>*LCD Parlakl\u0131k\u00a0 250 cd\/m\u00b2<\/div>\n<div>*170\u00b0-160\u00b0 G\u00f6r\u00fc\u015f A\u00e7\u0131s\u0131<\/div>\n<\/div>\n","protected":false},"excerpt":{"rendered":"<p>Yeni nesil PROX Studio Teleprompter, st\u00fcdyodaki k\u00fc\u00e7\u00fck ve orta boy ENG el kameralar\u0131 i\u00e7in g\u00fcvenilir ve uygun fiyatl\u0131 bir aksesuard\u0131r. Art\u0131k daha geni\u015f bir okuma alan\u0131 i\u00e7in trapez caml\u0131 daha b\u00fcy\u00fck bir kaputa sahip. Ayr\u0131ca \u00f6nceki modele g\u00f6re daha hafif, ince, daha ak\u0131ll\u0131 ve tripod daha kapsaml\u0131 ve daha dengelidir. PROX Teleprompter, 15\u201d ila 21\u201d [&hellip;]<\/p>\n","protected":false},"featured_media":1608,"comment_status":"open","ping_status":"closed","template":"","meta":[],"product_brand":[],"product_cat":[15],"product_tag":[190,191],"class_list":{"0":"post-1606","1":"product","2":"type-product","3":"status-publish","4":"has-post-thumbnail","6":"product_cat-genel","7":"product_tag-promter","8":"product_tag-studyo","10":"first","11":"instock","12":"sale","13":"taxable","14":"shipping-taxable","15":"purchasable","16":"product-type-simple"},"_links":{"self":[{"href":"https:\/\/medyaeksper.com\/index.php?rest_route=\/wp\/v2\/product\/1606","targetHints":{"allow":["GET"]}}],"collection":[{"href":"https:\/\/medyaeksper.com\/index.php?rest_route=\/wp\/v2\/product"}],"about":[{"href":"https:\/\/medyaeksper.com\/index.php?rest_route=\/wp\/v2\/types\/product"}],"replies":[{"embeddable":true,"href":"https:\/\/medyaeksper.com\/index.php?rest_route=%2Fwp%2Fv2%2Fcomments&post=1606"}],"wp:featuredmedia":[{"embeddable":true,"href":"https:\/\/medyaeksper.com\/index.php?rest_route=\/wp\/v2\/media\/1608"}],"wp:attachment":[{"href":"https:\/\/medyaeksper.com\/index.php?rest_route=%2Fwp%2Fv2%2Fmedia&parent=1606"}],"wp:term":[{"taxonomy":"product_brand","embeddable":true,"href":"https:\/\/medyaeksper.com\/index.php?rest_route=%2Fwp%2Fv2%2Fproduct_brand&post=1606"},{"taxonomy":"product_cat","embeddable":true,"href":"https:\/\/medyaeksper.com\/index.php?rest_route=%2Fwp%2Fv2%2Fproduct_cat&post=1606"},{"taxonomy":"product_tag","embeddable":true,"href":"https:\/\/medyaeksper.com\/index.php?rest_route=%2Fwp%2Fv2%2Fproduct_tag&post=1606"}],"curies":[{"name":"wp","href":"https:\/\/api.w.org\/{rel}","templated":true}]}}