{"id":161,"date":"2022-06-10T14:02:52","date_gmt":"2022-06-10T14:02:52","guid":{"rendered":"http:\/\/medyaeksper.com\/?post_type=product&#038;p=161"},"modified":"2024-12-17T11:29:36","modified_gmt":"2024-12-17T08:29:36","slug":"canon-zoom-lens-hdxs-14x-hj14ex4-3b-iase","status":"publish","type":"product","link":"https:\/\/medyaeksper.com\/?product=canon-zoom-lens-hdxs-14x-hj14ex4-3b-iase","title":{"rendered":"Canon Zoom Lens HDXS 14x HJ14ex4.3B IASE"},"content":{"rendered":"<p>Model: HJ14ex4.3B,<\/p>\n<p>Tip: IASE,<\/p>\n<p>Diyafram: 1:1.8mm,<\/p>\n<p>G\u00f6r\u00fc\u015f A\u00e7\u0131s\u0131: 4.3-60mm<\/p>\n","protected":false},"excerpt":{"rendered":"<p>Professional Video Camera Lens<\/p>\n","protected":false},"featured_media":226,"comment_status":"open","ping_status":"closed","template":"","meta":[],"product_brand":[],"product_cat":[54,93,76,77],"product_tag":[],"class_list":{"0":"post-161","1":"product","2":"type-product","3":"status-publish","4":"has-post-thumbnail","6":"product_cat-aksesuar","7":"product_cat-video-kamera-lensi","8":"product_cat-kamera","9":"product_cat-profesyonel-kamera","11":"first","12":"instock","13":"featured","14":"taxable","15":"shipping-taxable","16":"purchasable","17":"product-type-simple"},"_links":{"self":[{"href":"https:\/\/medyaeksper.com\/index.php?rest_route=\/wp\/v2\/product\/161","targetHints":{"allow":["GET"]}}],"collection":[{"href":"https:\/\/medyaeksper.com\/index.php?rest_route=\/wp\/v2\/product"}],"about":[{"href":"https:\/\/medyaeksper.com\/index.php?rest_route=\/wp\/v2\/types\/product"}],"replies":[{"embeddable":true,"href":"https:\/\/medyaeksper.com\/index.php?rest_route=%2Fwp%2Fv2%2Fcomments&post=161"}],"wp:featuredmedia":[{"embeddable":true,"href":"https:\/\/medyaeksper.com\/index.php?rest_route=\/wp\/v2\/media\/226"}],"wp:attachment":[{"href":"https:\/\/medyaeksper.com\/index.php?rest_route=%2Fwp%2Fv2%2Fmedia&parent=161"}],"wp:term":[{"taxonomy":"product_brand","embeddable":true,"href":"https:\/\/medyaeksper.com\/index.php?rest_route=%2Fwp%2Fv2%2Fproduct_brand&post=161"},{"taxonomy":"product_cat","embeddable":true,"href":"https:\/\/medyaeksper.com\/index.php?rest_route=%2Fwp%2Fv2%2Fproduct_cat&post=161"},{"taxonomy":"product_tag","embeddable":true,"href":"https:\/\/medyaeksper.com\/index.php?rest_route=%2Fwp%2Fv2%2Fproduct_tag&post=161"}],"curies":[{"name":"wp","href":"https:\/\/api.w.org\/{rel}","templated":true}]}}