{"id":1617,"date":"2025-01-23T10:38:19","date_gmt":"2025-01-23T07:38:19","guid":{"rendered":"https:\/\/medyaeksper.com\/?post_type=product&#038;p=1617"},"modified":"2026-03-23T06:53:59","modified_gmt":"2026-03-23T03:53:59","slug":"lipencoder-hq-5g","status":"publish","type":"product","link":"https:\/\/medyaeksper.com\/?product=lipencoder-hq-5g","title":{"rendered":"LipEncoder HQ 5G"},"content":{"rendered":"<div class=\"subtitolo-product\">\u00d6zellikler<\/div>\n<div class=\"text-product\">\n<p>Canl\u0131 yay\u0131n ve yay\u0131nc\u0131l\u0131k i\u00e7in 5G deste\u011fine sahip Nagasoft LipEncoder HQ profesyonel video ba\u011flama kodlay\u0131c\u0131s\u0131, canl\u0131 yay\u0131n ve video prod\u00fcksiyonunu basitle\u015ftirmek ve optimize etmek i\u00e7in tasarlanm\u0131\u015f geli\u015fmi\u015f bir cihazd\u0131r. Canl\u0131 etkinlikler, web seminerleri, konferanslar ve kurumsal yay\u0131nlar i\u00e7in g\u00fcvenilir bir \u00e7\u00f6z\u00fcme ihtiya\u00e7 duyan profesyoneller ve prod\u00fcksiyon ekipleri i\u00e7in idealdir. Bu cihaz, yay\u0131n deneyimini geli\u015ftirmek i\u00e7in geli\u015fmi\u015f \u00f6zellikler sunarak rahatl\u0131k, verimlilik ve kaliteyi bir araya getirir.Nagasoft-HQ&#8217;nun temel \u00f6zelliklerinden biri, ayn\u0131 anda birden fazla video giri\u015fini i\u015fleyebilmesi ve d\u00f6rt y\u00fcksek \u00e7\u00f6z\u00fcn\u00fcrl\u00fckl\u00fc video kanal\u0131na kadar destekleyebilmesidir. Bu \u00f6zellik sayesinde kullan\u0131c\u0131lar kameralar, bilgisayarlar veya di\u011fer g\u00f6rsel-i\u015fitsel ekipmanlar gibi farkl\u0131 video kaynaklar\u0131n\u0131 ba\u011flayabilir ve bu da onu \u00e7ok kameral\u0131 etkinlikler i\u00e7in m\u00fckemmel hale getirir. Bu, farkl\u0131 \u00e7ekimler aras\u0131ndaki ge\u00e7i\u015flerin sorunsuz bir \u015fekilde y\u00f6netilmesini sa\u011flayarak prod\u00fcksiyonun genel kalitesini iyile\u015ftirir.<\/p>\n<p>Nagasoft LipEncoder HQ, RTMP, RTSP ve HLS gibi pop\u00fcler yay\u0131n protokollerini destekleyen yerle\u015fik yay\u0131n i\u015flevlerine sahiptir ve YouTube, Facebook, Twitch ve di\u011ferleri gibi pop\u00fcler platformlara do\u011frudan yay\u0131n yapmay\u0131 sa\u011flar. Sistem, Ethernet ve Wi-Fi ba\u011flant\u0131lar\u0131yla donat\u0131lm\u0131\u015ft\u0131r ve de\u011fi\u015fken ba\u011flant\u0131lar\u0131n oldu\u011fu ortamlarda bile istikrarl\u0131 iletim sa\u011flar. Dahas\u0131, sezgisel kullan\u0131c\u0131 aray\u00fcz\u00fc sayesinde kurulumu ve y\u00f6netimi kolayd\u0131r ve bu da onu video prod\u00fcksiyonunda \u00e7ok az deneyimi olanlar i\u00e7in bile uygun hale getirir. Cihaz ayr\u0131ca, y\u00fcksek kaliteli videoyu do\u011frudan sabit diskler veya USB bellekler gibi harici depolama ortamlar\u0131na kaydetme yetene\u011fiyle \u00f6ne \u00e7\u0131kar. Bu Nagasoft LipEncoder HQ, daha sonra d\u00fczenleme veya ar\u015fivleme i\u00e7in kullan\u0131labilen yay\u0131nlar\u0131n bir kopyas\u0131n\u0131 saklamay\u0131 kolayla\u015ft\u0131r\u0131r.<\/p>\n<\/div>\n","protected":false},"excerpt":{"rendered":"<p><img loading=\"lazy\" decoding=\"async\" class=\"alignnone size-medium wp-image-1618\" src=\"http:\/\/medyaeksper.com\/wp-content\/uploads\/2025\/01\/hq-ozellik-300x198.jpg\" alt=\"\" width=\"300\" height=\"198\" srcset=\"https:\/\/medyaeksper.com\/wp-content\/uploads\/2025\/01\/hq-ozellik-300x198.jpg 300w, https:\/\/medyaeksper.com\/wp-content\/uploads\/2025\/01\/hq-ozellik-1024x677.jpg 1024w, https:\/\/medyaeksper.com\/wp-content\/uploads\/2025\/01\/hq-ozellik-768x507.jpg 768w, https:\/\/medyaeksper.com\/wp-content\/uploads\/2025\/01\/hq-ozellik-600x396.jpg 600w, https:\/\/medyaeksper.com\/wp-content\/uploads\/2025\/01\/hq-ozellik.jpg 1350w\" sizes=\"auto, (max-width: 300px) 100vw, 300px\" \/><\/p>\n","protected":false},"featured_media":1619,"comment_status":"open","ping_status":"closed","template":"","meta":[],"product_brand":[],"product_cat":[23],"product_tag":[192,196,193,194,195],"class_list":{"0":"post-1617","1":"product","2":"type-product","3":"status-publish","4":"has-post-thumbnail","6":"product_cat-yayin-cihazlari","7":"product_tag-5g","8":"product_tag-bonding","9":"product_tag-canliyayin","10":"product_tag-canliyayincihazi","11":"product_tag-transmitter","13":"first","14":"instock","15":"taxable","16":"shipping-taxable","17":"product-type-simple"},"_links":{"self":[{"href":"https:\/\/medyaeksper.com\/index.php?rest_route=\/wp\/v2\/product\/1617","targetHints":{"allow":["GET"]}}],"collection":[{"href":"https:\/\/medyaeksper.com\/index.php?rest_route=\/wp\/v2\/product"}],"about":[{"href":"https:\/\/medyaeksper.com\/index.php?rest_route=\/wp\/v2\/types\/product"}],"replies":[{"embeddable":true,"href":"https:\/\/medyaeksper.com\/index.php?rest_route=%2Fwp%2Fv2%2Fcomments&post=1617"}],"wp:featuredmedia":[{"embeddable":true,"href":"https:\/\/medyaeksper.com\/index.php?rest_route=\/wp\/v2\/media\/1619"}],"wp:attachment":[{"href":"https:\/\/medyaeksper.com\/index.php?rest_route=%2Fwp%2Fv2%2Fmedia&parent=1617"}],"wp:term":[{"taxonomy":"product_brand","embeddable":true,"href":"https:\/\/medyaeksper.com\/index.php?rest_route=%2Fwp%2Fv2%2Fproduct_brand&post=1617"},{"taxonomy":"product_cat","embeddable":true,"href":"https:\/\/medyaeksper.com\/index.php?rest_route=%2Fwp%2Fv2%2Fproduct_cat&post=1617"},{"taxonomy":"product_tag","embeddable":true,"href":"https:\/\/medyaeksper.com\/index.php?rest_route=%2Fwp%2Fv2%2Fproduct_tag&post=1617"}],"curies":[{"name":"wp","href":"https:\/\/api.w.org\/{rel}","templated":true}]}}