{"id":19,"date":"2022-06-10T13:56:16","date_gmt":"2022-06-10T10:56:16","guid":{"rendered":"http:\/\/medyaeksper.com\/?post_type=product&#038;p=19"},"modified":"2024-12-17T11:29:10","modified_gmt":"2024-12-17T08:29:10","slug":"aten-kl9116-altusen-hideaway-kvm-console-switch","status":"publish","type":"product","link":"https:\/\/medyaeksper.com\/?product=aten-kl9116-altusen-hideaway-kvm-console-switch","title":{"rendered":"Aten KL9116 Altusen Hideaway KVM Console Switch"},"content":{"rendered":"<p>The KL9116M is an IP-based KVM control unit that allows both local and remote operators to monitor and access multiple computers from multiple consoles. A single KL9116 can control up to 16 computers and can be ccessed from any computer on the Net. The KL9116M features independently retractable 17 LCD monitor and keyboard with built-in touchpad. To maximize space in your data center the keyboard hides away when not in use, while the thin profile LCD monitor provides continuous monitoring of computers.<\/p>\n","protected":false},"excerpt":{"rendered":"<p>\u0130kinci el, temiz IP tabanl\u0131 \u00e7oklu monit\u00f6r kontrol cihaz\u0131.<\/p>\n","protected":false},"featured_media":73,"comment_status":"open","ping_status":"closed","template":"","meta":[],"product_brand":[],"product_cat":[49],"product_tag":[50,51,52,53],"class_list":{"0":"post-19","1":"product","2":"type-product","3":"status-publish","4":"has-post-thumbnail","6":"product_cat-bilgisayar","7":"product_tag-aten","8":"product_tag-controller","9":"product_tag-kvm","10":"product_tag-unitcontroller","12":"first","13":"outofstock","14":"taxable","15":"shipping-taxable","16":"purchasable","17":"product-type-simple"},"_links":{"self":[{"href":"https:\/\/medyaeksper.com\/index.php?rest_route=\/wp\/v2\/product\/19","targetHints":{"allow":["GET"]}}],"collection":[{"href":"https:\/\/medyaeksper.com\/index.php?rest_route=\/wp\/v2\/product"}],"about":[{"href":"https:\/\/medyaeksper.com\/index.php?rest_route=\/wp\/v2\/types\/product"}],"replies":[{"embeddable":true,"href":"https:\/\/medyaeksper.com\/index.php?rest_route=%2Fwp%2Fv2%2Fcomments&post=19"}],"wp:featuredmedia":[{"embeddable":true,"href":"https:\/\/medyaeksper.com\/index.php?rest_route=\/wp\/v2\/media\/73"}],"wp:attachment":[{"href":"https:\/\/medyaeksper.com\/index.php?rest_route=%2Fwp%2Fv2%2Fmedia&parent=19"}],"wp:term":[{"taxonomy":"product_brand","embeddable":true,"href":"https:\/\/medyaeksper.com\/index.php?rest_route=%2Fwp%2Fv2%2Fproduct_brand&post=19"},{"taxonomy":"product_cat","embeddable":true,"href":"https:\/\/medyaeksper.com\/index.php?rest_route=%2Fwp%2Fv2%2Fproduct_cat&post=19"},{"taxonomy":"product_tag","embeddable":true,"href":"https:\/\/medyaeksper.com\/index.php?rest_route=%2Fwp%2Fv2%2Fproduct_tag&post=19"}],"curies":[{"name":"wp","href":"https:\/\/api.w.org\/{rel}","templated":true}]}}