{"id":202,"date":"2022-06-10T14:05:00","date_gmt":"2022-06-10T14:05:00","guid":{"rendered":"http:\/\/medyaeksper.com\/?post_type=product&#038;p=202"},"modified":"2024-12-17T11:31:21","modified_gmt":"2024-12-17T08:31:21","slug":"osee-rms4342-4-monitor-dortlu","status":"publish","type":"product","link":"https:\/\/medyaeksper.com\/?product=osee-rms4342-4-monitor-dortlu","title":{"rendered":"OSEE RMS4342 4&#8243; Monit\u00f6r (D\u00f6rtl\u00fc)"},"content":{"rendered":"<p>The Osee RMS-4342-HSC supports HD\/SD-SDI, Analog Composite signals.<\/p>\n<p>The RMS4342 is a 2U high rack mountable LCD monitor that offers video<br \/>\nand audio monitoring with high resolution of 480&#215;270. The unit is equipped with<br \/>\nfull digital processing technology, and its screens feature anti-glare. The model<br \/>\naccepts HD-SDI, SD-SDI and analog composite signal. A high display quality of<br \/>\nall video signals can be ensured by full digital processing. The precise scaling<br \/>\nchip as well as Gamma correction is a guarantee for high quality display image.<\/p>\n","protected":false},"excerpt":{"rendered":"<p>Monitor<\/p>\n","protected":false},"featured_media":276,"comment_status":"open","ping_status":"closed","template":"","meta":[],"product_brand":[],"product_cat":[23,64,65],"product_tag":[],"class_list":{"0":"post-202","1":"product","2":"type-product","3":"status-publish","4":"has-post-thumbnail","6":"product_cat-yayin-cihazlari","7":"product_cat-monitor","8":"product_cat-yayin-monitorleri","10":"first","11":"instock","12":"taxable","13":"shipping-taxable","14":"purchasable","15":"product-type-simple"},"_links":{"self":[{"href":"https:\/\/medyaeksper.com\/index.php?rest_route=\/wp\/v2\/product\/202","targetHints":{"allow":["GET"]}}],"collection":[{"href":"https:\/\/medyaeksper.com\/index.php?rest_route=\/wp\/v2\/product"}],"about":[{"href":"https:\/\/medyaeksper.com\/index.php?rest_route=\/wp\/v2\/types\/product"}],"replies":[{"embeddable":true,"href":"https:\/\/medyaeksper.com\/index.php?rest_route=%2Fwp%2Fv2%2Fcomments&post=202"}],"wp:featuredmedia":[{"embeddable":true,"href":"https:\/\/medyaeksper.com\/index.php?rest_route=\/wp\/v2\/media\/276"}],"wp:attachment":[{"href":"https:\/\/medyaeksper.com\/index.php?rest_route=%2Fwp%2Fv2%2Fmedia&parent=202"}],"wp:term":[{"taxonomy":"product_brand","embeddable":true,"href":"https:\/\/medyaeksper.com\/index.php?rest_route=%2Fwp%2Fv2%2Fproduct_brand&post=202"},{"taxonomy":"product_cat","embeddable":true,"href":"https:\/\/medyaeksper.com\/index.php?rest_route=%2Fwp%2Fv2%2Fproduct_cat&post=202"},{"taxonomy":"product_tag","embeddable":true,"href":"https:\/\/medyaeksper.com\/index.php?rest_route=%2Fwp%2Fv2%2Fproduct_tag&post=202"}],"curies":[{"name":"wp","href":"https:\/\/api.w.org\/{rel}","templated":true}]}}