{"id":25,"date":"2022-06-10T13:56:17","date_gmt":"2022-06-10T13:56:17","guid":{"rendered":"http:\/\/medyaeksper.com\/?post_type=product&#038;p=25"},"modified":"2024-12-17T11:30:40","modified_gmt":"2024-12-17T08:30:40","slug":"jl-cooper-electronics-slomo-mini","status":"publish","type":"product","link":"https:\/\/medyaeksper.com\/?product=jl-cooper-electronics-slomo-mini","title":{"rendered":"JL Cooper Electronics SloMo Mini"},"content":{"rendered":"<p>SloMo Mini\u2019s small footprint and low cost makes it perfect for sports, scoreboard, trucks, transfer, QC, dubbing and other editing operations.<\/p>\n<p>It makes precise control of professional servers, file-based recorders and VTRs incredibly fast and easy.<\/p>\n<p>Features include illuminated transport buttons, Optical Jog Mechanism, High- Quality T-Bar, Backlit LCD Display, Numeric Keypad &amp; Fast Access Function Keys.<\/p>\n<p>New One Touch Replay, Deferred Replay and In\/Out Replay modes simplify Slomo operation, so even inexperienced operators can get reliable and consistent results with minimal training.<\/p>\n","protected":false},"excerpt":{"rendered":"<p>D\u00f6rt kanall\u0131, anl\u0131k replay kontrolleri. (Kablo dahil)<\/p>\n","protected":false},"featured_media":89,"comment_status":"open","ping_status":"closed","template":"","meta":[],"product_brand":[],"product_cat":[123,23],"product_tag":[68,69,70,71],"class_list":{"0":"post-25","1":"product","2":"type-product","3":"status-publish","4":"has-post-thumbnail","6":"product_cat-slow-moton","7":"product_cat-yayin-cihazlari","8":"product_tag-replay","9":"product_tag-videocontroller","10":"product_tag-videoeditor","11":"product_tag-videoswitcher","13":"first","14":"outofstock","15":"taxable","16":"shipping-taxable","17":"purchasable","18":"product-type-simple"},"_links":{"self":[{"href":"https:\/\/medyaeksper.com\/index.php?rest_route=\/wp\/v2\/product\/25","targetHints":{"allow":["GET"]}}],"collection":[{"href":"https:\/\/medyaeksper.com\/index.php?rest_route=\/wp\/v2\/product"}],"about":[{"href":"https:\/\/medyaeksper.com\/index.php?rest_route=\/wp\/v2\/types\/product"}],"replies":[{"embeddable":true,"href":"https:\/\/medyaeksper.com\/index.php?rest_route=%2Fwp%2Fv2%2Fcomments&post=25"}],"wp:featuredmedia":[{"embeddable":true,"href":"https:\/\/medyaeksper.com\/index.php?rest_route=\/wp\/v2\/media\/89"}],"wp:attachment":[{"href":"https:\/\/medyaeksper.com\/index.php?rest_route=%2Fwp%2Fv2%2Fmedia&parent=25"}],"wp:term":[{"taxonomy":"product_brand","embeddable":true,"href":"https:\/\/medyaeksper.com\/index.php?rest_route=%2Fwp%2Fv2%2Fproduct_brand&post=25"},{"taxonomy":"product_cat","embeddable":true,"href":"https:\/\/medyaeksper.com\/index.php?rest_route=%2Fwp%2Fv2%2Fproduct_cat&post=25"},{"taxonomy":"product_tag","embeddable":true,"href":"https:\/\/medyaeksper.com\/index.php?rest_route=%2Fwp%2Fv2%2Fproduct_tag&post=25"}],"curies":[{"name":"wp","href":"https:\/\/api.w.org\/{rel}","templated":true}]}}