{"id":26,"date":"2022-06-10T13:56:17","date_gmt":"2022-06-10T13:56:17","guid":{"rendered":"http:\/\/medyaeksper.com\/?post_type=product&#038;p=26"},"modified":"2024-12-17T11:31:21","modified_gmt":"2024-12-17T08:31:21","slug":"panasonic-ag-hmx100-digital-av-mixer","status":"publish","type":"product","link":"https:\/\/medyaeksper.com\/?product=panasonic-ag-hmx100-digital-av-mixer","title":{"rendered":"Panasonic AG-HMX100 Digital AV Mixer"},"content":{"rendered":"<p>HD\/SD multi video format compatibility.<\/p>\n<p>Digital interfaces of SDI (HD\/SD) input\/output and HDMI (HD) input.<\/p>\n<p>DVI-I input accommodates both motion and still images from a PC.<\/p>\n<p>Multi-View function displays Preview (PVW), Program (PGM),\u00a0and all source images on a single monitor.<\/p>\n<p>A waveform monitor (WFM) is built-in, and source names and audio levels are superimposed on the monitor.<\/p>\n<p>Remote control of power on\/off and shutter on\/off for the Panasonic projectors.<\/p>\n<p>Supports switching of 3D images, using dual SDI inputs.<\/p>\n","protected":false},"excerpt":{"rendered":"<p>S\u0131f\u0131r de\u011ferinde g\u00f6r\u00fcnt\u00fc mikseri.<\/p>\n","protected":false},"featured_media":92,"comment_status":"open","ping_status":"closed","template":"","meta":[],"product_brand":[],"product_cat":[23,72],"product_tag":[73,74,75,28],"class_list":{"0":"post-26","1":"product","2":"type-product","3":"status-publish","4":"has-post-thumbnail","6":"product_cat-yayin-cihazlari","7":"product_cat-mikser","8":"product_tag-audiomixer","9":"product_tag-mixer","10":"product_tag-videomixer","11":"product_tag-broadcast","13":"first","14":"outofstock","15":"taxable","16":"shipping-taxable","17":"purchasable","18":"product-type-simple"},"_links":{"self":[{"href":"https:\/\/medyaeksper.com\/index.php?rest_route=\/wp\/v2\/product\/26","targetHints":{"allow":["GET"]}}],"collection":[{"href":"https:\/\/medyaeksper.com\/index.php?rest_route=\/wp\/v2\/product"}],"about":[{"href":"https:\/\/medyaeksper.com\/index.php?rest_route=\/wp\/v2\/types\/product"}],"replies":[{"embeddable":true,"href":"https:\/\/medyaeksper.com\/index.php?rest_route=%2Fwp%2Fv2%2Fcomments&post=26"}],"wp:featuredmedia":[{"embeddable":true,"href":"https:\/\/medyaeksper.com\/index.php?rest_route=\/wp\/v2\/media\/92"}],"wp:attachment":[{"href":"https:\/\/medyaeksper.com\/index.php?rest_route=%2Fwp%2Fv2%2Fmedia&parent=26"}],"wp:term":[{"taxonomy":"product_brand","embeddable":true,"href":"https:\/\/medyaeksper.com\/index.php?rest_route=%2Fwp%2Fv2%2Fproduct_brand&post=26"},{"taxonomy":"product_cat","embeddable":true,"href":"https:\/\/medyaeksper.com\/index.php?rest_route=%2Fwp%2Fv2%2Fproduct_cat&post=26"},{"taxonomy":"product_tag","embeddable":true,"href":"https:\/\/medyaeksper.com\/index.php?rest_route=%2Fwp%2Fv2%2Fproduct_tag&post=26"}],"curies":[{"name":"wp","href":"https:\/\/api.w.org\/{rel}","templated":true}]}}