{"id":59,"date":"2022-06-10T13:57:23","date_gmt":"2022-06-10T13:57:23","guid":{"rendered":"http:\/\/medyaeksper.com\/?post_type=product&#038;p=59"},"modified":"2024-12-17T11:30:02","modified_gmt":"2024-12-17T08:30:02","slug":"dunlop-ds-4008hci-v2-dvr-kart","status":"publish","type":"product","link":"https:\/\/medyaeksper.com\/?product=dunlop-ds-4008hci-v2-dvr-kart","title":{"rendered":"DUNLOP DS-4008HCI V2 DVR Kart"},"content":{"rendered":"<p>8 Kanal resim 8 kanal ses,<\/p>\n<p>Matriks kart kullan\u0131m\u0131 ile 2 veya 4 monit\u00f6r \u00e7\u0131k\u0131\u015f\u0131,<\/p>\n<p>Canl\u0131 ekrandan ayr\u0131 olarak, kay\u0131t izleme ve ayarlar i\u00e7in 2. monit\u00f6r deste\u011fi,<\/p>\n<p>200\u00a0<a id=\"jqeasytooltip21\" class=\"jqeasytooltip jqeasytooltip21\" style=\"color: #537b8f; text-decoration: none; background: transparent; cursor: pointer; box-sizing: inherit; -webkit-tap-highlight-color: transparent; border-bottom: 1px dashed;\" title=\"fps\" href=\"https:\/\/www.rimaelektronik.com\/terimler\/fps.html\" data-tipcontent=\"&lt;span style='float:right;cursor:pointer;' onClick='javascript:closeJQTip(21)'&gt;&lt;img loading='auto' src='\/components\/com_seoglossary\/assets\/images\/closebox.png' alt='x'&gt;&lt;\/span&gt;&lt;div&gt; &lt;span class=&quot;hgKElc&quot;&gt;Bir g\u00fcvenlik kameras\u0131n\u0131n saniye ba\u015f\u0131na ka\u00e7 &lt;strong&gt;video&lt;\/strong&gt; \u00e7er\u00e7evesini yakalayabilece\u011fini g\u00f6steren temel bir \u00f6l\u00e7\u00fcmd\u00fcr. \u00d6rne\u011fin 30 &lt;strong&gt;fps&lt;\/strong&gt; kamera, bir saniyede 30 kare \u00e7eker.&lt;\/span&gt;&lt;span class=&quot;ILfuVd NA6bn&quot;&gt;&lt;\/span&gt; &lt;\/div&gt;\" data-tipmaxwidth=\"300\" data-tiptheme=\"tipthemeflatdark\" data-tipdelayclose=\"500\" data-tipeventout=\"mouseout\" data-tipmouseleave=\"false\">Fps<\/a> Real-Time\u00a0kay\u0131t h\u0131z\u0131,<\/p>\n<p>Smart Search Fonksiyonu,<\/p>\n<p>Yaz\u0131l\u0131m \u00fczerinde dahili Autorun \u00f6zellikli CD\/DVD yazd\u0131rma \u00f6zelli\u011fi,<\/p>\n<p>S\u0131n\u0131rs\u0131z say\u0131da kamera, merkezden izlenebilir ve y\u00f6netilebili,<\/p>\n","protected":false},"excerpt":{"rendered":"<p>PCI Kart<\/p>\n","protected":false},"featured_media":148,"comment_status":"open","ping_status":"closed","template":"","meta":[],"product_brand":[],"product_cat":[84,85],"product_tag":[],"class_list":{"0":"post-59","1":"product","2":"type-product","3":"status-publish","4":"has-post-thumbnail","6":"product_cat-kartlar","7":"product_cat-pci-kartlar","9":"first","10":"instock","11":"taxable","12":"shipping-taxable","13":"purchasable","14":"product-type-simple"},"_links":{"self":[{"href":"https:\/\/medyaeksper.com\/index.php?rest_route=\/wp\/v2\/product\/59","targetHints":{"allow":["GET"]}}],"collection":[{"href":"https:\/\/medyaeksper.com\/index.php?rest_route=\/wp\/v2\/product"}],"about":[{"href":"https:\/\/medyaeksper.com\/index.php?rest_route=\/wp\/v2\/types\/product"}],"replies":[{"embeddable":true,"href":"https:\/\/medyaeksper.com\/index.php?rest_route=%2Fwp%2Fv2%2Fcomments&post=59"}],"wp:featuredmedia":[{"embeddable":true,"href":"https:\/\/medyaeksper.com\/index.php?rest_route=\/wp\/v2\/media\/148"}],"wp:attachment":[{"href":"https:\/\/medyaeksper.com\/index.php?rest_route=%2Fwp%2Fv2%2Fmedia&parent=59"}],"wp:term":[{"taxonomy":"product_brand","embeddable":true,"href":"https:\/\/medyaeksper.com\/index.php?rest_route=%2Fwp%2Fv2%2Fproduct_brand&post=59"},{"taxonomy":"product_cat","embeddable":true,"href":"https:\/\/medyaeksper.com\/index.php?rest_route=%2Fwp%2Fv2%2Fproduct_cat&post=59"},{"taxonomy":"product_tag","embeddable":true,"href":"https:\/\/medyaeksper.com\/index.php?rest_route=%2Fwp%2Fv2%2Fproduct_tag&post=59"}],"curies":[{"name":"wp","href":"https:\/\/api.w.org\/{rel}","templated":true}]}}