{"id":628,"date":"2022-09-29T11:14:59","date_gmt":"2022-09-29T11:14:59","guid":{"rendered":"https:\/\/medyaeksper.com\/?post_type=product&#038;p=628"},"modified":"2024-12-17T11:30:02","modified_gmt":"2024-12-17T08:30:02","slug":"ericsson-receiver-rx8200-basic-license","status":"publish","type":"product","link":"https:\/\/medyaeksper.com\/?product=ericsson-receiver-rx8200-basic-license","title":{"rendered":"Ericsson Receiver RX8200 \u2013 Basic License"},"content":{"rendered":"<p>\u0130stedi\u011finiz di\u011fer opsiyonlar i\u00e7in bize ula\u015f\u0131n.<\/p>\n","protected":false},"excerpt":{"rendered":"<p>RX8200 &#8211; BASIC PACKAGE<\/p>\n<p>1. HD input\/output,<\/p>\n<p>2. IF and IP in\/out,<\/p>\n<p>3. Resolution: 4.2.0<\/p>\n","protected":false},"featured_media":629,"comment_status":"open","ping_status":"closed","template":"","meta":[],"product_brand":[],"product_cat":[117,23],"product_tag":[],"class_list":{"0":"post-628","1":"product","2":"type-product","3":"status-publish","4":"has-post-thumbnail","6":"product_cat-receiver","7":"product_cat-yayin-cihazlari","9":"first","10":"instock","11":"featured","12":"taxable","13":"shipping-taxable","14":"purchasable","15":"product-type-simple"},"_links":{"self":[{"href":"https:\/\/medyaeksper.com\/index.php?rest_route=\/wp\/v2\/product\/628","targetHints":{"allow":["GET"]}}],"collection":[{"href":"https:\/\/medyaeksper.com\/index.php?rest_route=\/wp\/v2\/product"}],"about":[{"href":"https:\/\/medyaeksper.com\/index.php?rest_route=\/wp\/v2\/types\/product"}],"replies":[{"embeddable":true,"href":"https:\/\/medyaeksper.com\/index.php?rest_route=%2Fwp%2Fv2%2Fcomments&post=628"}],"wp:featuredmedia":[{"embeddable":true,"href":"https:\/\/medyaeksper.com\/index.php?rest_route=\/wp\/v2\/media\/629"}],"wp:attachment":[{"href":"https:\/\/medyaeksper.com\/index.php?rest_route=%2Fwp%2Fv2%2Fmedia&parent=628"}],"wp:term":[{"taxonomy":"product_brand","embeddable":true,"href":"https:\/\/medyaeksper.com\/index.php?rest_route=%2Fwp%2Fv2%2Fproduct_brand&post=628"},{"taxonomy":"product_cat","embeddable":true,"href":"https:\/\/medyaeksper.com\/index.php?rest_route=%2Fwp%2Fv2%2Fproduct_cat&post=628"},{"taxonomy":"product_tag","embeddable":true,"href":"https:\/\/medyaeksper.com\/index.php?rest_route=%2Fwp%2Fv2%2Fproduct_tag&post=628"}],"curies":[{"name":"wp","href":"https:\/\/api.w.org\/{rel}","templated":true}]}}